{"id":1271,"date":"2022-05-05T22:11:17","date_gmt":"2022-05-05T20:11:17","guid":{"rendered":"https:\/\/beckscocoa.com.staging-srv.net\/?page_id=1271"},"modified":"2022-07-10T14:27:47","modified_gmt":"2022-07-10T12:27:47","slug":"products","status":"publish","type":"page","link":"https:\/\/beckscocoa.com.staging-srv.net\/en\/products\/","title":{"rendered":"Products"},"content":{"rendered":"\n<style type=\"text\/css\" data-created_by=\"avia_inline_auto\" id=\"style-css-av-1g1qe-1e2f45d25fbfafdccf7ba284266e817a\">\n.avia-section.av-1g1qe-1e2f45d25fbfafdccf7ba284266e817a .av-parallax .av-parallax-inner{\nbackground-repeat:no-repeat;\nbackground-image:url(https:\/\/beckscocoa.com.staging-srv.net\/wp-content\/uploads\/moodshots-28-300x240.jpg);\nbackground-position:0% 0%;\nbackground-attachment:scroll;\n}\n<\/style>\n<div id='av_section_1'  class='avia-section av-1g1qe-1e2f45d25fbfafdccf7ba284266e817a main_color avia-section-default avia-no-shadow  avia-builder-el-0  el_before_av_section  avia-builder-el-first  avia-full-stretch av-parallax-section avia-bg-style-parallax av-minimum-height av-minimum-height-custom av-height-custom  container_wrap sidebar_right'  data-section-bg-repeat='stretch' data-av_minimum_height_px='1000'><div class='av-parallax' data-avia-parallax-ratio='0.3' ><div class='av-parallax-inner main_color avia-full-stretch'><\/div><\/div><div class='container av-section-cont-open' style='height:1000px'><main  role=\"main\" itemprop=\"mainContentOfPage\"  class='template-page content  av-content-small alpha units'><div class='post-entry post-entry-type-page post-entry-1271'><div class='entry-content-wrapper clearfix'>\n\n<style type=\"text\/css\" data-created_by=\"avia_inline_auto\" id=\"style-css-av-we0m-ca4a06b09a87799173b2c29bdab671c4\">\n#top .av-special-heading.av-we0m-ca4a06b09a87799173b2c29bdab671c4{\npadding-bottom:0;\ncolor:#ffffff;\nfont-size:60px;\n}\nbody .av-special-heading.av-we0m-ca4a06b09a87799173b2c29bdab671c4 .av-special-heading-tag .heading-char{\nfont-size:25px;\n}\n#top #wrap_all .av-special-heading.av-we0m-ca4a06b09a87799173b2c29bdab671c4 .av-special-heading-tag{\nfont-size:60px;\n}\n.av-special-heading.av-we0m-ca4a06b09a87799173b2c29bdab671c4 .special-heading-inner-border{\nborder-color:#ffffff;\n}\n.av-special-heading.av-we0m-ca4a06b09a87799173b2c29bdab671c4 .av-subheading{\nfont-size:18px;\n}\n\n@media only screen and (min-width: 480px) and (max-width: 767px){ \n#top #wrap_all .av-special-heading.av-we0m-ca4a06b09a87799173b2c29bdab671c4 .av-special-heading-tag{\nfont-size:0.8em;\n}\n}\n\n@media only screen and (max-width: 479px){ \n#top #wrap_all .av-special-heading.av-we0m-ca4a06b09a87799173b2c29bdab671c4 .av-special-heading-tag{\nfont-size:0.8em;\n}\n}\n<\/style>\n<div  class='av-special-heading av-we0m-ca4a06b09a87799173b2c29bdab671c4 av-special-heading-h1 custom-color-heading blockquote modern-quote  avia-builder-el-1  avia-builder-el-no-sibling  av-thin-font av-inherit-size'><h1 class='av-special-heading-tag'  itemprop=\"headline\"  >Beckscocoa\u2122 <strong>Produksortiment<\/strong><\/h1><div class=\"special-heading-border\"><div class=\"special-heading-inner-border\"><\/div><\/div><\/div>\n<\/div><\/div><\/main><!-- close content main element --><\/div><\/div><div id='av_section_2'  class='avia-section av-28i46-3adb3720d87e4b9cad0f2928b50d4877 main_color avia-section-default avia-no-border-styling  avia-builder-el-2  el_after_av_section  el_before_av_section  avia-bg-style-scroll container_wrap sidebar_right'  ><div class='container av-section-cont-open' ><div class='template-page content  av-content-small alpha units'><div class='post-entry post-entry-type-page post-entry-1271'><div class='entry-content-wrapper clearfix'>\n\n<style type=\"text\/css\" data-created_by=\"avia_inline_auto\" id=\"style-css-av-1nmf2-e5f7f112b006437980b2083be32f4d40\">\n#top .av-special-heading.av-1nmf2-e5f7f112b006437980b2083be32f4d40{\npadding-bottom:10px;\ncolor:#ff421c;\n}\nbody .av-special-heading.av-1nmf2-e5f7f112b006437980b2083be32f4d40 .av-special-heading-tag .heading-char{\nfont-size:25px;\n}\n.av-special-heading.av-1nmf2-e5f7f112b006437980b2083be32f4d40 .special-heading-inner-border{\nborder-color:#ff421c;\n}\n.av-special-heading.av-1nmf2-e5f7f112b006437980b2083be32f4d40 .av-subheading{\nfont-size:22px;\n}\n<\/style>\n<div  class='av-special-heading av-1nmf2-e5f7f112b006437980b2083be32f4d40 av-special-heading-h1 custom-color-heading blockquote modern-quote  avia-builder-el-3  avia-builder-el-no-sibling  av-thin-font'><h1 class='av-special-heading-tag'  itemprop=\"headline\"  ><strong>Kakaovielfalt in einer neuen Dimension<\/strong><\/h1><div class='av_custom_color av-subheading av-subheading_below'><p>Try it, taste it, love it &#8211; Beckscocoa\u2122<\/p>\n<\/div><div class=\"special-heading-border\"><div class=\"special-heading-inner-border\"><\/div><\/div><\/div>\n<\/p>\n<\/div><\/div><\/div><!-- close content main div --><\/div><\/div><div id='av_section_3'  class='avia-section av-7x86e-91f524348061e6984cea08511a91ecdc main_color avia-section-large avia-no-border-styling  avia-builder-el-4  el_after_av_section  avia-builder-el-last  avia-bg-style-scroll container_wrap sidebar_right'  ><div class='container av-section-cont-open' ><div class='template-page content  av-content-small alpha units'><div class='post-entry post-entry-type-page post-entry-1271'><div class='entry-content-wrapper clearfix'>\n<div  class='flex_column av-7f5y2-b64641818b46e85988ff3e838687ffc8 av_one_fourth  avia-builder-el-5  el_before_av_one_fourth  avia-builder-el-first  first flex_column_div  '     ><p>\n<style type=\"text\/css\" data-created_by=\"avia_inline_auto\" id=\"style-css-av-6rk3m-0c016735b6550ef3f91ea5545b5c4339\">\n.avia-image-container.av-6rk3m-0c016735b6550ef3f91ea5545b5c4339 img.avia_image{\nbox-shadow:none;\n}\n.avia-image-container.av-6rk3m-0c016735b6550ef3f91ea5545b5c4339 .av-caption-image-overlay-bg{\nopacity:0.4;\nbackground-color:#000000;\n}\n.avia-image-container.av-6rk3m-0c016735b6550ef3f91ea5545b5c4339 .av-image-caption-overlay-center{\ncolor:#ffffff;\nfont-size:20px;\n}\n<\/style>\n<div  class='avia-image-container av-6rk3m-0c016735b6550ef3f91ea5545b5c4339 av-styling- avia_animated_image av-animated-when-visible-95 pop-up avia-align-center  avia-builder-el-6  el_before_av_heading  avia-builder-el-first  noHover av-overlay-on-hover'   itemprop=\"image\" itemscope=\"itemscope\" itemtype=\"https:\/\/schema.org\/ImageObject\" ><div class=\"avia-image-container-inner\"><div class=\"avia-image-overlay-wrap\"><a href=\"https:\/\/beckscocoa.com.staging-srv.net\/produkte\/kakao\/\" class='avia_image'  aria-label='home cocoa'><div class=\"av-image-caption-overlay\"><div class=\"av-caption-image-overlay-bg\"><\/div><div class=\"av-image-caption-overlay-position\"><div class=\"av-image-caption-overlay-center\"><p>Erfahre mehr\u2026<\/p>\n<\/div><\/div><\/div><img decoding=\"async\" fetchpriority=\"high\" class='wp-image-1190 avia-img-lazy-loading-not-1190 avia_image ' src=\"https:\/\/beckscocoa.com.staging-srv.net\/wp-content\/uploads\/home-kakao.jpg\" alt='' title='home cocoa'  height=\"266\" width=\"690\"  itemprop=\"thumbnailUrl\" srcset=\"https:\/\/beckscocoa.com.staging-srv.net\/wp-content\/uploads\/home-kakao.jpg 690w, https:\/\/beckscocoa.com.staging-srv.net\/wp-content\/uploads\/home-kakao-300x116.jpg 300w\" sizes=\"(max-width: 690px) 100vw, 690px\" \/><\/a><\/div><\/div><\/div><br \/>\n\n<style type=\"text\/css\" data-created_by=\"avia_inline_auto\" id=\"style-css-av-6dphm-9786741441b8b60e0260eadee5be1c5c\">\n#top .av-special-heading.av-6dphm-9786741441b8b60e0260eadee5be1c5c{\npadding-bottom:0;\n}\nbody .av-special-heading.av-6dphm-9786741441b8b60e0260eadee5be1c5c .av-special-heading-tag .heading-char{\nfont-size:25px;\n}\n.av-special-heading.av-6dphm-9786741441b8b60e0260eadee5be1c5c .av-subheading{\nfont-size:16px;\n}\n<\/style>\n<div  class='av-special-heading av-6dphm-9786741441b8b60e0260eadee5be1c5c av-special-heading-h3 blockquote modern-quote  avia-builder-el-7  el_after_av_image  avia-builder-el-last  av-thin-font av-linked-heading'><h3 class='av-special-heading-tag'  itemprop=\"headline\"  ><a class=\"av-heading-link\" href=\"https:\/\/beckscocoa.com.staging-srv.net\/produkte\/kakao\/\" >Beckscocoa\u2122 <strong>Kakaos<\/strong><\/a><\/h3><div class='av-subheading av-subheading_below'><p>19 Kakaospezialit\u00e4ten kombinieren die weltweit besten Fairtrade Kakaos mit Rohr- oder Kokosbl\u00fctenzucker, Gew\u00fcrzen und nat\u00fcrlichen Aromen zu einer s\u00fc\u00dfen Verf\u00fchrung in der Tasse. Kennst du schon alle Kakaosorten?<\/p>\n<\/div><div class=\"special-heading-border\"><div class=\"special-heading-inner-border\"><\/div><\/div><\/div><\/p><\/div><div  class='flex_column av-5mpt2-475b3f74a5726490578cfe49b54e6b55 av_one_fourth  avia-builder-el-8  el_after_av_one_fourth  el_before_av_one_fourth  flex_column_div  '     ><p>\n<style type=\"text\/css\" data-created_by=\"avia_inline_auto\" id=\"style-css-av-54sz6-e1abf78e708eda366d4926849effd485\">\n.avia-image-container.av-54sz6-e1abf78e708eda366d4926849effd485 img.avia_image{\nbox-shadow:none;\n}\n.avia-image-container.av-54sz6-e1abf78e708eda366d4926849effd485 .av-caption-image-overlay-bg{\nopacity:0.4;\nbackground-color:#000000;\n}\n.avia-image-container.av-54sz6-e1abf78e708eda366d4926849effd485 .av-image-caption-overlay-center{\ncolor:#ffffff;\nfont-size:20px;\n}\n<\/style>\n<div  class='avia-image-container av-54sz6-e1abf78e708eda366d4926849effd485 av-styling- avia_animated_image av-animated-when-visible-95 pop-up avia-align-center  avia-builder-el-9  el_before_av_heading  avia-builder-el-first  noHover av-overlay-on-hover'   itemprop=\"image\" itemscope=\"itemscope\" itemtype=\"https:\/\/schema.org\/ImageObject\" ><div class=\"avia-image-container-inner\"><div class=\"avia-image-overlay-wrap\"><a href=\"https:\/\/beckscocoa.com.staging-srv.net\/produkte\/chai\/\" class='avia_image'  aria-label='home_chai'><div class=\"av-image-caption-overlay\"><div class=\"av-caption-image-overlay-bg\"><\/div><div class=\"av-image-caption-overlay-position\"><div class=\"av-image-caption-overlay-center\"><p>Erfahre mehr\u2026<\/p>\n<\/div><\/div><\/div><img decoding=\"async\" fetchpriority=\"high\" class='wp-image-1192 avia-img-lazy-loading-not-1192 avia_image ' src=\"https:\/\/beckscocoa.com.staging-srv.net\/wp-content\/uploads\/home_chai.jpg\" alt='' title='home_chai'  height=\"266\" width=\"690\"  itemprop=\"thumbnailUrl\" srcset=\"https:\/\/beckscocoa.com.staging-srv.net\/wp-content\/uploads\/home_chai.jpg 690w, https:\/\/beckscocoa.com.staging-srv.net\/wp-content\/uploads\/home_chai-300x116.jpg 300w\" sizes=\"(max-width: 690px) 100vw, 690px\" \/><\/a><\/div><\/div><\/div><br \/>\n\n<style type=\"text\/css\" data-created_by=\"avia_inline_auto\" id=\"style-css-av-4ajpa-3200e7a3ab95092e470fc1466e3fc407\">\n#top .av-special-heading.av-4ajpa-3200e7a3ab95092e470fc1466e3fc407{\npadding-bottom:0;\n}\nbody .av-special-heading.av-4ajpa-3200e7a3ab95092e470fc1466e3fc407 .av-special-heading-tag .heading-char{\nfont-size:25px;\n}\n.av-special-heading.av-4ajpa-3200e7a3ab95092e470fc1466e3fc407 .av-subheading{\nfont-size:16px;\n}\n<\/style>\n<div  class='av-special-heading av-4ajpa-3200e7a3ab95092e470fc1466e3fc407 av-special-heading-h3 blockquote modern-quote  avia-builder-el-10  el_after_av_image  avia-builder-el-last  av-thin-font'><h3 class='av-special-heading-tag'  itemprop=\"headline\"  >Beckscocoa\u2122 <strong>Chais<\/strong><\/h3><div class='av-subheading av-subheading_below'><p>Weniger s\u00fc\u00df und ohne k\u00fcnstliche Zusatzstoffe. So wollen wir unsere Chais in der Tasse haben. Wir haben dem indischen Nationalgetr\u00e4nk zwei ungew\u00f6hnliche Geschmackskombinationen gewidmet; Masala und Matcha\/Marzipan.<\/p>\n<\/div><div class=\"special-heading-border\"><div class=\"special-heading-inner-border\"><\/div><\/div><\/div><\/p><\/div><div  class='flex_column av-3usyi-2b4633833a8869c89ee2c68f243831f9 av_one_fourth  avia-builder-el-11  el_after_av_one_fourth  el_before_av_one_fourth  flex_column_div  '     ><p>\n<style type=\"text\/css\" data-created_by=\"avia_inline_auto\" id=\"style-css-av-336fq-e969b0fc0823f7a05d4c1ff6e1672410\">\n.avia-image-container.av-336fq-e969b0fc0823f7a05d4c1ff6e1672410 img.avia_image{\nbox-shadow:none;\n}\n.avia-image-container.av-336fq-e969b0fc0823f7a05d4c1ff6e1672410 .av-caption-image-overlay-bg{\nopacity:0.4;\nbackground-color:#000000;\n}\n.avia-image-container.av-336fq-e969b0fc0823f7a05d4c1ff6e1672410 .av-image-caption-overlay-center{\ncolor:#ffffff;\nfont-size:20px;\n}\n<\/style>\n<div  class='avia-image-container av-336fq-e969b0fc0823f7a05d4c1ff6e1672410 av-styling- avia_animated_image av-animated-when-visible-95 pop-up avia-align-center  avia-builder-el-12  el_before_av_heading  avia-builder-el-first  noHover av-overlay-on-hover'   itemprop=\"image\" itemscope=\"itemscope\" itemtype=\"https:\/\/schema.org\/ImageObject\" ><div class=\"avia-image-container-inner\"><div class=\"avia-image-overlay-wrap\"><a href=\"https:\/\/beckscocoa.com.staging-srv.net\/produkte\/frappe\/\" class='avia_image'  aria-label='home-frappe'><div class=\"av-image-caption-overlay\"><div class=\"av-caption-image-overlay-bg\"><\/div><div class=\"av-image-caption-overlay-position\"><div class=\"av-image-caption-overlay-center\"><p>Erfahre mehr\u2026<\/p>\n<\/div><\/div><\/div><img decoding=\"async\" fetchpriority=\"high\" class='wp-image-1195 avia-img-lazy-loading-not-1195 avia_image ' src=\"https:\/\/beckscocoa.com.staging-srv.net\/wp-content\/uploads\/home-frappe.jpg\" alt='' title='home-frappe'  height=\"266\" width=\"690\"  itemprop=\"thumbnailUrl\" srcset=\"https:\/\/beckscocoa.com.staging-srv.net\/wp-content\/uploads\/home-frappe.jpg 690w, https:\/\/beckscocoa.com.staging-srv.net\/wp-content\/uploads\/home-frappe-300x116.jpg 300w\" sizes=\"(max-width: 690px) 100vw, 690px\" \/><\/a><\/div><\/div><\/div><br \/>\n\n<style type=\"text\/css\" data-created_by=\"avia_inline_auto\" id=\"style-css-av-2nsfa-531eac9c325697252382e9103502747f\">\n#top .av-special-heading.av-2nsfa-531eac9c325697252382e9103502747f{\npadding-bottom:0;\n}\nbody .av-special-heading.av-2nsfa-531eac9c325697252382e9103502747f .av-special-heading-tag .heading-char{\nfont-size:25px;\n}\n.av-special-heading.av-2nsfa-531eac9c325697252382e9103502747f .av-subheading{\nfont-size:16px;\n}\n<\/style>\n<div  class='av-special-heading av-2nsfa-531eac9c325697252382e9103502747f av-special-heading-h3 blockquote modern-quote  avia-builder-el-13  el_after_av_image  avia-builder-el-last  av-thin-font'><h3 class='av-special-heading-tag'  itemprop=\"headline\"  >Beckscocoa\u2122 <strong>Frapp\u00e9s<\/strong><\/h3><div class='av-subheading av-subheading_below'><p>Eiskalte K\u00f6stlichkeiten \u2013 als sommerliche Erfrischung! Vielseitig einsetzbar f\u00fcr Eiskakaos, Schoko-Smoothies oder Eis und ganz einfach zuzubereiten! Entdecke unsere Sommerlichen Kakaogetr\u00e4nke.<\/p>\n<\/div><div class=\"special-heading-border\"><div class=\"special-heading-inner-border\"><\/div><\/div><\/div><\/p><\/div><div  class='flex_column av-1zuma-5d35754e461e28c7411dfd7e323aceab av_one_fourth  avia-builder-el-14  el_after_av_one_fourth  avia-builder-el-last  flex_column_div  '     ><p>\n<style type=\"text\/css\" data-created_by=\"avia_inline_auto\" id=\"style-css-av-1fgwe-ed077ed7cfcaec9d33365dcf3d49df10\">\n.avia-image-container.av-1fgwe-ed077ed7cfcaec9d33365dcf3d49df10 img.avia_image{\nbox-shadow:none;\n}\n.avia-image-container.av-1fgwe-ed077ed7cfcaec9d33365dcf3d49df10 .av-caption-image-overlay-bg{\nopacity:0.4;\nbackground-color:#000000;\n}\n.avia-image-container.av-1fgwe-ed077ed7cfcaec9d33365dcf3d49df10 .av-image-caption-overlay-center{\ncolor:#ffffff;\nfont-size:20px;\n}\n<\/style>\n<div  class='avia-image-container av-1fgwe-ed077ed7cfcaec9d33365dcf3d49df10 av-styling- avia_animated_image av-animated-when-visible-95 pop-up avia-align-center  avia-builder-el-15  el_before_av_heading  avia-builder-el-first  noHover av-overlay-on-hover'   itemprop=\"image\" itemscope=\"itemscope\" itemtype=\"https:\/\/schema.org\/ImageObject\" ><div class=\"avia-image-container-inner\"><div class=\"avia-image-overlay-wrap\"><a href=\"https:\/\/beckscocoa.com.staging-srv.net\/produkte\/aufstriche\/\" class='avia_image'  aria-label='home_creams'><div class=\"av-image-caption-overlay\"><div class=\"av-caption-image-overlay-bg\"><\/div><div class=\"av-image-caption-overlay-position\"><div class=\"av-image-caption-overlay-center\"><p>Erfahre mehr\u2026<\/p>\n<\/div><\/div><\/div><img decoding=\"async\" fetchpriority=\"high\" class='wp-image-1198 avia-img-lazy-loading-not-1198 avia_image ' src=\"https:\/\/beckscocoa.com.staging-srv.net\/wp-content\/uploads\/home_cremes.jpg\" alt='' title='home_creams'  height=\"262\" width=\"690\"  itemprop=\"thumbnailUrl\" srcset=\"https:\/\/beckscocoa.com.staging-srv.net\/wp-content\/uploads\/home_cremes.jpg 690w, https:\/\/beckscocoa.com.staging-srv.net\/wp-content\/uploads\/home_cremes-300x114.jpg 300w\" sizes=\"(max-width: 690px) 100vw, 690px\" \/><\/a><\/div><\/div><\/div><br \/>\n\n<style type=\"text\/css\" data-created_by=\"avia_inline_auto\" id=\"style-css-av-117xq-da49baa4a2f5864863741d7a771ded7e\">\n#top .av-special-heading.av-117xq-da49baa4a2f5864863741d7a771ded7e{\npadding-bottom:0;\n}\nbody .av-special-heading.av-117xq-da49baa4a2f5864863741d7a771ded7e .av-special-heading-tag .heading-char{\nfont-size:25px;\n}\n.av-special-heading.av-117xq-da49baa4a2f5864863741d7a771ded7e .av-subheading{\nfont-size:16px;\n}\n<\/style>\n<div  class='av-special-heading av-117xq-da49baa4a2f5864863741d7a771ded7e av-special-heading-h3 blockquote modern-quote  avia-builder-el-16  el_after_av_image  avia-builder-el-last  av-thin-font'><h3 class='av-special-heading-tag'  itemprop=\"headline\"  >Beckscocoa\u2122 <strong>Cremes<\/strong><\/h3><div class='av-subheading av-subheading_below'><p>Hochwertige Bio-Haseln\u00fcsse und Bio-Cashews gehen die Verm\u00e4hlung mit bestem Bio Edelkakao ein. Dabei bestechen unsere neuen Nuss-Kakao-Cremes durch ihren hohen Nussanteil. Unsere Cremes sind vegan, gluten- und palm\u00f6lfrei!<\/p>\n<\/div><div class=\"special-heading-border\"><div class=\"special-heading-inner-border\"><\/div><\/div><\/div><\/p><\/div><\/div><\/div><\/div><!-- close content main div --><\/div><\/div><div id='after_section_3'  class='main_color av_default_container_wrap container_wrap sidebar_right'  ><div class='container av-section-cont-open' ><div class='template-page content  av-content-small alpha units'><div class='post-entry post-entry-type-page post-entry-1271'><div class='entry-content-wrapper clearfix'>","protected":false},"excerpt":{"rendered":"","protected":false},"author":2,"featured_media":0,"parent":0,"menu_order":2,"comment_status":"closed","ping_status":"closed","template":"","meta":{"footnotes":""},"class_list":["post-1271","page","type-page","status-publish","hentry"],"_links":{"self":[{"href":"https:\/\/beckscocoa.com.staging-srv.net\/en\/wp-json\/wp\/v2\/pages\/1271","targetHints":{"allow":["GET"]}}],"collection":[{"href":"https:\/\/beckscocoa.com.staging-srv.net\/en\/wp-json\/wp\/v2\/pages"}],"about":[{"href":"https:\/\/beckscocoa.com.staging-srv.net\/en\/wp-json\/wp\/v2\/types\/page"}],"author":[{"embeddable":true,"href":"https:\/\/beckscocoa.com.staging-srv.net\/en\/wp-json\/wp\/v2\/users\/2"}],"replies":[{"embeddable":true,"href":"https:\/\/beckscocoa.com.staging-srv.net\/en\/wp-json\/wp\/v2\/comments?post=1271"}],"version-history":[{"count":7,"href":"https:\/\/beckscocoa.com.staging-srv.net\/en\/wp-json\/wp\/v2\/pages\/1271\/revisions"}],"predecessor-version":[{"id":4925,"href":"https:\/\/beckscocoa.com.staging-srv.net\/en\/wp-json\/wp\/v2\/pages\/1271\/revisions\/4925"}],"wp:attachment":[{"href":"https:\/\/beckscocoa.com.staging-srv.net\/en\/wp-json\/wp\/v2\/media?parent=1271"}],"curies":[{"name":"wp","href":"https:\/\/api.w.org\/{rel}","templated":true}]}}