{"id":1325,"date":"2022-05-08T12:53:35","date_gmt":"2022-05-08T10:53:35","guid":{"rendered":"https:\/\/beckscocoa.com.staging-srv.net\/?page_id=1325"},"modified":"2022-07-10T13:35:33","modified_gmt":"2022-07-10T11:35:33","slug":"chai","status":"publish","type":"page","link":"https:\/\/beckscocoa.com.staging-srv.net\/en\/products\/chai\/","title":{"rendered":"Chai"},"content":{"rendered":"\n<style type=\"text\/css\" data-created_by=\"avia_inline_auto\" id=\"style-css-av-q9fu9-da8d074fc55d97c2500ace2bf1fd23b6\">\n.avia-section.av-q9fu9-da8d074fc55d97c2500ace2bf1fd23b6 .av-parallax .av-parallax-inner{\nbackground-repeat:no-repeat;\nbackground-image:url(https:\/\/beckscocoa.com.staging-srv.net\/wp-content\/uploads\/Titelbild-Home-Chai_quer-495x346.jpg);\nbackground-position:0% 0%;\nbackground-attachment:scroll;\n}\n<\/style>\n<div id='av_section_1'  class='avia-section av-q9fu9-da8d074fc55d97c2500ace2bf1fd23b6 main_color avia-section-default avia-no-shadow  avia-builder-el-0  el_before_av_section  avia-builder-el-first  avia-full-stretch av-parallax-section avia-bg-style-parallax av-minimum-height av-minimum-height-custom av-height-custom  container_wrap sidebar_right'  data-section-bg-repeat='stretch' data-av_minimum_height_px='1000'><div class='av-parallax' data-avia-parallax-ratio='0.3' ><div class='av-parallax-inner main_color avia-full-stretch'><\/div><\/div><div class='container av-section-cont-open' style='height:1000px'><main  role=\"main\" itemprop=\"mainContentOfPage\"  class='template-page content  av-content-small alpha units'><div class='post-entry post-entry-type-page post-entry-1325'><div class='entry-content-wrapper clearfix'>\n\n<style type=\"text\/css\" data-created_by=\"avia_inline_auto\" id=\"style-css-av-l2xln0ej-b5d6afd54c8a38b03b7ef16180b5f6f4\">\n#top .av-special-heading.av-l2xln0ej-b5d6afd54c8a38b03b7ef16180b5f6f4{\npadding-bottom:0;\ncolor:#ffffff;\nfont-size:60px;\n}\nbody .av-special-heading.av-l2xln0ej-b5d6afd54c8a38b03b7ef16180b5f6f4 .av-special-heading-tag .heading-char{\nfont-size:25px;\n}\n#top #wrap_all .av-special-heading.av-l2xln0ej-b5d6afd54c8a38b03b7ef16180b5f6f4 .av-special-heading-tag{\nfont-size:60px;\n}\n.av-special-heading.av-l2xln0ej-b5d6afd54c8a38b03b7ef16180b5f6f4 .special-heading-inner-border{\nborder-color:#ffffff;\n}\n.av-special-heading.av-l2xln0ej-b5d6afd54c8a38b03b7ef16180b5f6f4 .av-subheading{\nfont-size:18px;\n}\n\n@media only screen and (min-width: 480px) and (max-width: 767px){ \n#top #wrap_all .av-special-heading.av-l2xln0ej-b5d6afd54c8a38b03b7ef16180b5f6f4 .av-special-heading-tag{\nfont-size:0.8em;\n}\n}\n\n@media only screen and (max-width: 479px){ \n#top #wrap_all .av-special-heading.av-l2xln0ej-b5d6afd54c8a38b03b7ef16180b5f6f4 .av-special-heading-tag{\nfont-size:0.8em;\n}\n}\n<\/style>\n<div  class='av-special-heading av-l2xln0ej-b5d6afd54c8a38b03b7ef16180b5f6f4 av-special-heading-h1 custom-color-heading blockquote modern-quote  avia-builder-el-1  avia-builder-el-no-sibling  av-thin-font av-inherit-size'><h1 class='av-special-heading-tag'  itemprop=\"headline\"  ><strong>Beckscocoa Chais<\/strong><\/h1><div class='av_custom_color av-subheading av-subheading_below'><p>Zwei Beckscocoa Teespezialit\u00e4ten<\/p>\n<\/div><div class=\"special-heading-border\"><div class=\"special-heading-inner-border\"><\/div><\/div><\/div>\n\n<\/div><\/div><\/main><!-- close content main element --><\/div><\/div><div id='av_section_2'  class='avia-section av-mpw0p-9362558ca7a9918bee2ce28e862f8b35 main_color avia-section-default avia-no-border-styling  avia-builder-el-2  el_after_av_section  el_before_av_section  avia-bg-style-scroll container_wrap sidebar_right'  ><div class='container av-section-cont-open' ><div class='template-page content  av-content-small alpha units'><div class='post-entry post-entry-type-page post-entry-1325'><div class='entry-content-wrapper clearfix'>\n\n<style type=\"text\/css\" data-created_by=\"avia_inline_auto\" id=\"style-css-av-bqz75-98535107f0b8bd3882758e3933686ea8\">\n#top .av_textblock_section.av-bqz75-98535107f0b8bd3882758e3933686ea8 .avia_textblock{\nfont-size:15px;\n}\n<\/style>\n<section  class='av_textblock_section av-bqz75-98535107f0b8bd3882758e3933686ea8 '   itemscope=\"itemscope\" itemtype=\"https:\/\/schema.org\/CreativeWork\" ><div class='avia_textblock'  itemprop=\"text\" ><h1>W\u00fcrzig, fruchtig, exotisch. Unsere Hommage an den indischen Gew\u00fcrztee.<\/h1>\n<h4><b>Das ganze Aroma Indiens in einer Tasse Tee:<\/b><\/h4>\n<p>Weniger s\u00fc\u00df und ohne k\u00fcnstliche Zusatzstoffe. So wollen wir unsere Chais in der Tasse haben. Wir haben dem indischen Nationalgetr\u00e4nk zwei ungew\u00f6hnliche Geschmackskombinationen gewidmet; Masala und Matcha\/Marzipan. In den Chai-Spezialit\u00e4ten steckt unser ganzes Wissen \u00fcber Gew\u00fcrze und das ist schmeckbar: klassische indische Gew\u00fcrze wurden fein harmonisch abgestimmt und zusammengestellt.<\/p>\n<p>Mit unserer Spice-Serie haben wir uns auf die Spuren des indischen Nationalgetr\u00e4nks begeben, dem Gew\u00fcrztee Masala. F\u00fcr die traditionelle Zubereitung kocht der sogenannte Chai-Wallah zum Beispiel Zimt, gr\u00fcnen Kardamom, Ingwer, wei\u00dfen Pfeffer, Nelke und Muskat mehrere Stunden lang in Schwarztee auf. So entsteht das intensiv-w\u00fcrzige Masala-Aroma, das seinen Ursprung in der ayurvedischen Lehre hat. In Europa ist der Masala-Tee als \u201eChai\u201c bekannt. Das Geheimnis eines perfekten Chais? F\u00fcr uns das Zusammenspiel ausgesuchter Gew\u00fcrze mit Schwarztee, hei\u00dfer Milch und Zucker in Ma\u00dfen. So entsteht die feine und belebende Wirkung des Chais.<\/p>\n<p>Welche Gew\u00fcrzkombination dem einzelnen Teegenie\u00dfer ganz besonders mundet, ist so individuell wie die Vielzahl der Aromen. Zur Spice-Serie von BecksCocoa geh\u00f6ren zwei Chaispezialit\u00e4ten in Bio-Qualit\u00e4t. Ihnen gemeinsam ist, dass sie weniger s\u00fc\u00df als \u00fcblich sind und so das Gew\u00fcrz-Aroma besonders gut transportieren.<\/p>\n<p>Die Sorte\u00a0\u00a0<b><u><a href=\"https:\/\/www.beckscocoa.com\/shop\/spice-om-250g-93#attr=\" target=\"_blank\" rel=\"noopener\">Om<\/a><\/u><\/b> mit Schwarztee und den landestypischen Gew\u00fcrzen wirkt stimulierend und entspannend zugleich. Matcha trifft Marzipan? Aber ja!<\/p>\n<p>Die Sorte\u00a0<b><u><a href=\"https:\/\/www.beckscocoa.com\/shop\/spice-sono-250g-94#attr=\" target=\"_blank\" rel=\"noopener\">Sono<\/a><\/u><\/b>\u00a0kombiniert diese beiden Aromen zu einer harmonischen, frischen Mischung &#8211; abgerundet mit einem Hauch von Pistazie.<\/p>\n<\/div><\/section>\n\n<\/div><\/div><\/div><!-- close content main div --><\/div><\/div><div id='av_section_3'  class='avia-section av-ix3mx-949f715a99403ca84cafa094d3ca06a3 main_color avia-section-default avia-no-border-styling  avia-builder-el-4  el_after_av_section  avia-builder-el-last  avia-bg-style-scroll container_wrap sidebar_right'  ><div class='container av-section-cont-open' ><div class='template-page content  av-content-small alpha units'><div class='post-entry post-entry-type-page post-entry-1325'><div class='entry-content-wrapper clearfix'>\n<div  class='flex_column av-horyh-eb1eaa886761a1567322b20cbbe4f1e8 av_one_half  avia-builder-el-5  el_before_av_one_half  avia-builder-el-first  first flex_column_div  '     ><p>\n<style type=\"text\/css\" data-created_by=\"avia_inline_auto\" id=\"style-css-av-l3lds6wb-3865c6799d507c43ea872c70dd9b05bc\">\n.avia-image-container.av-l3lds6wb-3865c6799d507c43ea872c70dd9b05bc img.avia_image{\nbox-shadow:none;\n}\n.avia-image-container.av-l3lds6wb-3865c6799d507c43ea872c70dd9b05bc .av-caption-image-overlay-bg{\nopacity:0.4;\nbackground-color:#000000;\n}\n.avia-image-container.av-l3lds6wb-3865c6799d507c43ea872c70dd9b05bc .av-image-caption-overlay-center{\ncolor:#ffffff;\nfont-size:12px;\n}\n<\/style>\n<div  class='avia-image-container av-l3lds6wb-3865c6799d507c43ea872c70dd9b05bc av-styling- av-hover-grow av-hide-overflow avia_animated_image av-animated-when-visible-95 fade-in avia-align-center  avia-builder-el-6  el_before_av_textblock  avia-builder-el-first  noHover av-overlay-on-hover'   itemprop=\"image\" itemscope=\"itemscope\" itemtype=\"https:\/\/schema.org\/ImageObject\" ><div class=\"avia-image-container-inner\"><div class=\"avia-image-overlay-wrap\"><div class=\"av-image-caption-overlay\"><div class=\"av-caption-image-overlay-bg\"><\/div><div class=\"av-image-caption-overlay-position\"><div class=\"av-image-caption-overlay-center\"><p>Sono<\/p>\n<\/div><\/div><\/div><img decoding=\"async\" fetchpriority=\"high\" class='wp-image-1750 avia-img-lazy-loading-not-1750 avia_image ' src=\"https:\/\/beckscocoa.com.staging-srv.net\/wp-content\/uploads\/Becksspice_Sono_Dose_2022-300x300.jpg\" alt='' title='Becksspice_Sono_Dose_2022'  height=\"300\" width=\"300\"  itemprop=\"thumbnailUrl\" srcset=\"https:\/\/beckscocoa.com.staging-srv.net\/wp-content\/uploads\/Becksspice_Sono_Dose_2022-300x300.jpg 300w, https:\/\/beckscocoa.com.staging-srv.net\/wp-content\/uploads\/Becksspice_Sono_Dose_2022-80x80.jpg 80w, https:\/\/beckscocoa.com.staging-srv.net\/wp-content\/uploads\/Becksspice_Sono_Dose_2022-36x36.jpg 36w, https:\/\/beckscocoa.com.staging-srv.net\/wp-content\/uploads\/Becksspice_Sono_Dose_2022-180x180.jpg 180w, https:\/\/beckscocoa.com.staging-srv.net\/wp-content\/uploads\/Becksspice_Sono_Dose_2022.jpg 600w\" sizes=\"(max-width: 300px) 100vw, 300px\" \/><\/div><\/div><\/div><br \/>\n<section  class='av_textblock_section av-l3shxwuj-e77e0b0c2768eee5f83bd7dd4b88fca3 '   itemscope=\"itemscope\" itemtype=\"https:\/\/schema.org\/CreativeWork\" ><div class='avia_textblock'  itemprop=\"text\" ><h4>Sono (Matcha, Marzipan)<\/h4>\n<p>Matcha, Marzipan und ein Hauch von Pistazie. Ein harmonisch-frischer Chai.<\/p>\n<p><img loading=\"lazy\" decoding=\"async\" class=\"alignnone size-full wp-image-2032\" src=\"https:\/\/beckscocoa.com.staging-srv.net\/wp-content\/uploads\/Bio.png\" alt=\"\" width=\"73\" height=\"72\" srcset=\"https:\/\/beckscocoa.com.staging-srv.net\/wp-content\/uploads\/Bio.png 73w, https:\/\/beckscocoa.com.staging-srv.net\/wp-content\/uploads\/Bio-36x36.png 36w\" sizes=\"auto, (max-width: 73px) 100vw, 73px\" \/><\/p>\n<p>Dose 335 g oder Sachet 25g<\/p>\n<\/div><\/section><\/p><\/div><div  class='flex_column av-8eex5-6580c9a455bd858f4ef185803eb318e9 av_one_half  avia-builder-el-8  el_after_av_one_half  avia-builder-el-last  flex_column_div  '     ><p>\n<style type=\"text\/css\" data-created_by=\"avia_inline_auto\" id=\"style-css-av-l3ldt8q5-99453205dbcba978fa16f57425520254\">\n.avia-image-container.av-l3ldt8q5-99453205dbcba978fa16f57425520254 img.avia_image{\nbox-shadow:none;\n}\n.avia-image-container.av-l3ldt8q5-99453205dbcba978fa16f57425520254 .av-caption-image-overlay-bg{\nopacity:0.4;\nbackground-color:#000000;\n}\n.avia-image-container.av-l3ldt8q5-99453205dbcba978fa16f57425520254 .av-image-caption-overlay-center{\ncolor:#ffffff;\nfont-size:12px;\n}\n<\/style>\n<div  class='avia-image-container av-l3ldt8q5-99453205dbcba978fa16f57425520254 av-styling- av-hover-grow av-hide-overflow avia_animated_image av-animated-when-visible-95 fade-in avia-align-center  avia-builder-el-9  el_before_av_textblock  avia-builder-el-first  noHover av-overlay-on-hover'   itemprop=\"image\" itemscope=\"itemscope\" itemtype=\"https:\/\/schema.org\/ImageObject\" ><div class=\"avia-image-container-inner\"><div class=\"avia-image-overlay-wrap\"><div class=\"av-image-caption-overlay\"><div class=\"av-caption-image-overlay-bg\"><\/div><div class=\"av-image-caption-overlay-position\"><div class=\"av-image-caption-overlay-center\"><p>Om (Masala Chai)<\/p>\n<\/div><\/div><\/div><img decoding=\"async\" fetchpriority=\"high\" class='wp-image-1746 avia-img-lazy-loading-not-1746 avia_image ' src=\"https:\/\/beckscocoa.com.staging-srv.net\/wp-content\/uploads\/Becksspice_Om_Dose_2022-300x300.jpg\" alt='' title='Becksspice_Om_Dose_2022'  height=\"300\" width=\"300\"  itemprop=\"thumbnailUrl\" srcset=\"https:\/\/beckscocoa.com.staging-srv.net\/wp-content\/uploads\/Becksspice_Om_Dose_2022-300x300.jpg 300w, https:\/\/beckscocoa.com.staging-srv.net\/wp-content\/uploads\/Becksspice_Om_Dose_2022-80x80.jpg 80w, https:\/\/beckscocoa.com.staging-srv.net\/wp-content\/uploads\/Becksspice_Om_Dose_2022-36x36.jpg 36w, https:\/\/beckscocoa.com.staging-srv.net\/wp-content\/uploads\/Becksspice_Om_Dose_2022-180x180.jpg 180w, https:\/\/beckscocoa.com.staging-srv.net\/wp-content\/uploads\/Becksspice_Om_Dose_2022.jpg 600w\" sizes=\"(max-width: 300px) 100vw, 300px\" \/><\/div><\/div><\/div><br \/>\n<section  class='av_textblock_section av-l3shykr2-0becc2b3b1efc141b53e96d49223be64 '   itemscope=\"itemscope\" itemtype=\"https:\/\/schema.org\/CreativeWork\" ><div class='avia_textblock'  itemprop=\"text\" ><h4>Om (Masala Chai)<\/h4>\n<p>Indischer Schwarztee trifft landestypische Gew\u00fcrze. Der Chai-Klassiker von BecksCocoa.<\/p>\n<p><img loading=\"lazy\" decoding=\"async\" class=\"alignnone size-full wp-image-2032\" src=\"https:\/\/beckscocoa.com.staging-srv.net\/wp-content\/uploads\/Bio.png\" alt=\"\" width=\"73\" height=\"72\" srcset=\"https:\/\/beckscocoa.com.staging-srv.net\/wp-content\/uploads\/Bio.png 73w, https:\/\/beckscocoa.com.staging-srv.net\/wp-content\/uploads\/Bio-36x36.png 36w\" sizes=\"auto, (max-width: 73px) 100vw, 73px\" \/><\/p>\n<p>Dose 300g oder Sachet 25g<\/p>\n<\/div><\/section><\/p><\/div><\/div><\/div><\/div><!-- close content main div --><\/div><\/div><div id='after_section_3'  class='main_color av_default_container_wrap container_wrap sidebar_right'  ><div class='container av-section-cont-open' ><div class='template-page content  av-content-small alpha units'><div class='post-entry post-entry-type-page post-entry-1325'><div class='entry-content-wrapper clearfix'>","protected":false},"excerpt":{"rendered":"","protected":false},"author":2,"featured_media":0,"parent":1271,"menu_order":2,"comment_status":"closed","ping_status":"closed","template":"","meta":{"footnotes":""},"class_list":["post-1325","page","type-page","status-publish","hentry"],"_links":{"self":[{"href":"https:\/\/beckscocoa.com.staging-srv.net\/en\/wp-json\/wp\/v2\/pages\/1325","targetHints":{"allow":["GET"]}}],"collection":[{"href":"https:\/\/beckscocoa.com.staging-srv.net\/en\/wp-json\/wp\/v2\/pages"}],"about":[{"href":"https:\/\/beckscocoa.com.staging-srv.net\/en\/wp-json\/wp\/v2\/types\/page"}],"author":[{"embeddable":true,"href":"https:\/\/beckscocoa.com.staging-srv.net\/en\/wp-json\/wp\/v2\/users\/2"}],"replies":[{"embeddable":true,"href":"https:\/\/beckscocoa.com.staging-srv.net\/en\/wp-json\/wp\/v2\/comments?post=1325"}],"version-history":[{"count":5,"href":"https:\/\/beckscocoa.com.staging-srv.net\/en\/wp-json\/wp\/v2\/pages\/1325\/revisions"}],"predecessor-version":[{"id":4808,"href":"https:\/\/beckscocoa.com.staging-srv.net\/en\/wp-json\/wp\/v2\/pages\/1325\/revisions\/4808"}],"up":[{"embeddable":true,"href":"https:\/\/beckscocoa.com.staging-srv.net\/en\/wp-json\/wp\/v2\/pages\/1271"}],"wp:attachment":[{"href":"https:\/\/beckscocoa.com.staging-srv.net\/en\/wp-json\/wp\/v2\/media?parent=1325"}],"curies":[{"name":"wp","href":"https:\/\/api.w.org\/{rel}","templated":true}]}}