{"id":1335,"date":"2022-05-08T12:53:26","date_gmt":"2022-05-08T10:53:26","guid":{"rendered":"https:\/\/beckscocoa.com.staging-srv.net\/?page_id=1335"},"modified":"2022-07-18T08:06:23","modified_gmt":"2022-07-18T06:06:23","slug":"frappe","status":"publish","type":"page","link":"https:\/\/beckscocoa.com.staging-srv.net\/en\/products\/frappe\/","title":{"rendered":"Frapp\u00e9"},"content":{"rendered":"\n<style type=\"text\/css\" data-created_by=\"avia_inline_auto\" id=\"style-css-av-tb6gc-2b4e0d53482c2b8e28d4418c8e0e6a3f\">\n.avia-section.av-tb6gc-2b4e0d53482c2b8e28d4418c8e0e6a3f .av-parallax .av-parallax-inner{\nbackground-repeat:no-repeat;\nbackground-image:url(https:\/\/beckscocoa.com.staging-srv.net\/wp-content\/uploads\/Banner-Frappe-quer.jpg);\nbackground-position:0% 0%;\nbackground-attachment:scroll;\n}\n<\/style>\n<div id='av_section_1'  class='avia-section av-tb6gc-2b4e0d53482c2b8e28d4418c8e0e6a3f main_color avia-section-default avia-no-shadow  avia-builder-el-0  el_before_av_section  avia-builder-el-first  avia-full-stretch av-parallax-section avia-bg-style-parallax av-minimum-height av-minimum-height-custom av-height-custom  container_wrap sidebar_right'  data-section-bg-repeat='stretch' data-av_minimum_height_px='1000'><div class='av-parallax' data-avia-parallax-ratio='0.3' ><div class='av-parallax-inner main_color avia-full-stretch'><\/div><\/div><div class='container av-section-cont-open' style='height:1000px'><main  role=\"main\" itemprop=\"mainContentOfPage\"  class='template-page content  av-content-small alpha units'><div class='post-entry post-entry-type-page post-entry-1335'><div class='entry-content-wrapper clearfix'>\n\n<style type=\"text\/css\" data-created_by=\"avia_inline_auto\" id=\"style-css-av-l2xlndst-c12f3b100316768ba84b48806755897b\">\n#top .av-special-heading.av-l2xlndst-c12f3b100316768ba84b48806755897b{\npadding-bottom:0;\ncolor:#ffffff;\nfont-size:60px;\n}\nbody .av-special-heading.av-l2xlndst-c12f3b100316768ba84b48806755897b .av-special-heading-tag .heading-char{\nfont-size:25px;\n}\n#top #wrap_all .av-special-heading.av-l2xlndst-c12f3b100316768ba84b48806755897b .av-special-heading-tag{\nfont-size:60px;\n}\n.av-special-heading.av-l2xlndst-c12f3b100316768ba84b48806755897b .special-heading-inner-border{\nborder-color:#ffffff;\n}\n.av-special-heading.av-l2xlndst-c12f3b100316768ba84b48806755897b .av-subheading{\nfont-size:18px;\n}\n\n@media only screen and (min-width: 480px) and (max-width: 767px){ \n#top #wrap_all .av-special-heading.av-l2xlndst-c12f3b100316768ba84b48806755897b .av-special-heading-tag{\nfont-size:0.8em;\n}\n}\n\n@media only screen and (max-width: 479px){ \n#top #wrap_all .av-special-heading.av-l2xlndst-c12f3b100316768ba84b48806755897b .av-special-heading-tag{\nfont-size:0.8em;\n}\n}\n<\/style>\n<div  class='av-special-heading av-l2xlndst-c12f3b100316768ba84b48806755897b av-special-heading-h1 custom-color-heading blockquote modern-quote  avia-builder-el-1  avia-builder-el-no-sibling  av-thin-font av-inherit-size'><h1 class='av-special-heading-tag'  itemprop=\"headline\"  ><strong>Beckscocoa Frapp\u00e9s<\/strong><\/h1><div class='av_custom_color av-subheading av-subheading_below'><p>2 eisgek\u00fchlte Kakaogetr\u00e4nkepulver f\u00fcr die hei\u00dfe Zeit des Jahres.<\/p>\n<\/div><div class=\"special-heading-border\"><div class=\"special-heading-inner-border\"><\/div><\/div><\/div>\n\n<\/div><\/div><\/main><!-- close content main element --><\/div><\/div><div id='av_section_2'  class='avia-section av-mjz1w-ac53af8e9ff26b6806504ebdec5115fe main_color avia-section-default avia-no-border-styling  avia-builder-el-2  el_after_av_section  el_before_av_section  avia-bg-style-scroll container_wrap sidebar_right'  ><div class='container av-section-cont-open' ><div class='template-page content  av-content-small alpha units'><div class='post-entry post-entry-type-page post-entry-1335'><div class='entry-content-wrapper clearfix'>\n\n<style type=\"text\/css\" data-created_by=\"avia_inline_auto\" id=\"style-css-av-8yy44-852a6ee8e4308ca0cc8c68d678f349f6\">\n#top .av_textblock_section.av-8yy44-852a6ee8e4308ca0cc8c68d678f349f6 .avia_textblock{\nfont-size:15px;\n}\n<\/style>\n<section  class='av_textblock_section av-8yy44-852a6ee8e4308ca0cc8c68d678f349f6 '   itemscope=\"itemscope\" itemtype=\"https:\/\/schema.org\/CreativeWork\" ><div class='avia_textblock'  itemprop=\"text\" ><h1>Ice-cold pleasure, frapp\u00e9!<\/h1>\n<h4><span class=\"text-black\"><b>Wenn schokoladiger Trinkgenuss auf eisige Freude trifft.<\/b>\u00a0<\/span><\/h4>\n<p><span class=\"text-black\" style=\"color: #763240;\">Wenn wir unser liebstes Hei\u00dfgetr\u00e4nk auch als k\u00f6stlich-k\u00fchle Variante genie\u00dfen k\u00f6nnen. Ja, dann f\u00fcllt bestimmt ein BecksCocoa Frapp\u00e9 unser Glas. Das sommerliche Trinkvergn\u00fcgen in zwei Bestseller-Varianten ist bestens geeignet f\u00fcr die hei\u00dfe Zeit des Jahres, aber nicht nur. Schlie\u00dflich hat die ganz gro\u00dfe Frapp\u00e9- und Smoothie-Liebe ganzj\u00e4hrig Saison.\u00a0<\/span><\/p>\n<p>Unser Frapp\u00e9 Nude ist eine s\u00e4mige, herbs\u00fc\u00dfe Trinkschokolade \u2013 mit Bourbonvanille und einem Hauch von Kokosnuss verfeinert. Wei\u00dfe Schokolade bildet die Grundlage f\u00fcr unseren Frapp\u00e9 White Wedding, edel abgeschmeckt mit Bourbonvanille und Kokosnuss. Perfekt f\u00fcr Frozen Latte oder mit Ananas als alkoholfreie Pi\u00f1a Bianca.<\/p>\n<\/div><\/section>\n<\/div><\/div><\/div><!-- close content main div --><\/div><\/div><div id='av_section_3'  class='avia-section av-myfvw-680cd15e7855dc202298fb038021d363 main_color avia-section-default avia-no-border-styling  avia-builder-el-4  el_after_av_section  avia-builder-el-last  avia-bg-style-scroll container_wrap sidebar_right'  ><div class='container av-section-cont-open' ><div class='template-page content  av-content-small alpha units'><div class='post-entry post-entry-type-page post-entry-1335'><div class='entry-content-wrapper clearfix'>\n<div  class='flex_column av-5uzo-12447fe2f9e529de69d261865ce93ac8 av_one_half  avia-builder-el-5  el_before_av_one_half  avia-builder-el-first  first flex_column_div  '     ><p>\n<style type=\"text\/css\" data-created_by=\"avia_inline_auto\" id=\"style-css-av-l3lfvkeg-ad3f9309cbc85661f192203df3cc22e6\">\n.avia-image-container.av-l3lfvkeg-ad3f9309cbc85661f192203df3cc22e6 img.avia_image{\nbox-shadow:none;\n}\n.avia-image-container.av-l3lfvkeg-ad3f9309cbc85661f192203df3cc22e6 .av-caption-image-overlay-bg{\nopacity:0.4;\nbackground-color:#000000;\n}\n.avia-image-container.av-l3lfvkeg-ad3f9309cbc85661f192203df3cc22e6 .av-image-caption-overlay-center{\ncolor:#ffffff;\nfont-size:12px;\n}\n<\/style>\n<div  class='avia-image-container av-l3lfvkeg-ad3f9309cbc85661f192203df3cc22e6 av-styling- av-hover-grow av-hide-overflow avia_animated_image av-animated-when-visible-95 fade-in avia-align-center  avia-builder-el-6  el_before_av_textblock  avia-builder-el-first  noHover av-overlay-on-hover'   itemprop=\"image\" itemscope=\"itemscope\" itemtype=\"https:\/\/schema.org\/ImageObject\" ><div class=\"avia-image-container-inner\"><div class=\"avia-image-overlay-wrap\"><div class=\"av-image-caption-overlay\"><div class=\"av-caption-image-overlay-bg\"><\/div><div class=\"av-image-caption-overlay-position\"><div class=\"av-image-caption-overlay-center\"><p>Frapp\u00e9 Nude (Vanille Kokosnuss)<\/p>\n<\/div><\/div><\/div><img decoding=\"async\" fetchpriority=\"high\" class='wp-image-1709 avia-img-lazy-loading-not-1709 avia_image ' src=\"https:\/\/beckscocoa.com.staging-srv.net\/wp-content\/uploads\/Beckscocoa_Frappe\u00a6ue-Nude_Dose_2022-300x300.jpg\" alt='' title='Beckscocoa_Frappe\u00a6\u00fc-Nude_Dose_2022'  height=\"300\" width=\"300\"  itemprop=\"thumbnailUrl\" srcset=\"https:\/\/beckscocoa.com.staging-srv.net\/wp-content\/uploads\/Beckscocoa_Frappe\u00a6ue-Nude_Dose_2022-300x300.jpg 300w, https:\/\/beckscocoa.com.staging-srv.net\/wp-content\/uploads\/Beckscocoa_Frappe\u00a6ue-Nude_Dose_2022-80x80.jpg 80w, https:\/\/beckscocoa.com.staging-srv.net\/wp-content\/uploads\/Beckscocoa_Frappe\u00a6ue-Nude_Dose_2022-36x36.jpg 36w, https:\/\/beckscocoa.com.staging-srv.net\/wp-content\/uploads\/Beckscocoa_Frappe\u00a6ue-Nude_Dose_2022-180x180.jpg 180w, https:\/\/beckscocoa.com.staging-srv.net\/wp-content\/uploads\/Beckscocoa_Frappe\u00a6ue-Nude_Dose_2022.jpg 600w\" sizes=\"(max-width: 300px) 100vw, 300px\" \/><\/div><\/div><\/div><br \/>\n<section  class='av_textblock_section av-l3si19fb-a029fb53bed755f3dc6563732edce617 '   itemscope=\"itemscope\" itemtype=\"https:\/\/schema.org\/CreativeWork\" ><div class='avia_textblock'  itemprop=\"text\" ><h4>Frapp\u00e9 Nude (Vanille Kokosnuss)<\/h4>\n<p>Herbs\u00fc\u00dfe Trinkschokolade. Verfeinert mit Bourbonvanille und Kokosnuss.<\/p>\n<p>Dose 250g oder Sachet 30g<\/p>\n<\/div><\/section><\/p><\/div><div  class='flex_column av-bhftw-6dc4f64ac01ae3974d5edcac66d751ff av_one_half  avia-builder-el-8  el_after_av_one_half  avia-builder-el-last  flex_column_div  '     ><p>\n<style type=\"text\/css\" data-created_by=\"avia_inline_auto\" id=\"style-css-av-l3lfxjlp-3434cb09a84937df60b0ac5e9cc65a68\">\n.avia-image-container.av-l3lfxjlp-3434cb09a84937df60b0ac5e9cc65a68 img.avia_image{\nbox-shadow:none;\n}\n.avia-image-container.av-l3lfxjlp-3434cb09a84937df60b0ac5e9cc65a68 .av-caption-image-overlay-bg{\nopacity:0.4;\nbackground-color:#000000;\n}\n.avia-image-container.av-l3lfxjlp-3434cb09a84937df60b0ac5e9cc65a68 .av-image-caption-overlay-center{\ncolor:#ffffff;\nfont-size:12px;\n}\n<\/style>\n<div  class='avia-image-container av-l3lfxjlp-3434cb09a84937df60b0ac5e9cc65a68 av-styling- av-hover-grow av-hide-overflow avia_animated_image av-animated-when-visible-95 fade-in avia-align-center  avia-builder-el-9  el_before_av_textblock  avia-builder-el-first  noHover av-overlay-on-hover'   itemprop=\"image\" itemscope=\"itemscope\" itemtype=\"https:\/\/schema.org\/ImageObject\" ><div class=\"avia-image-container-inner\"><div class=\"avia-image-overlay-wrap\"><div class=\"av-image-caption-overlay\"><div class=\"av-caption-image-overlay-bg\"><\/div><div class=\"av-image-caption-overlay-position\"><div class=\"av-image-caption-overlay-center\"><p>Frapp\u00e9 White Wedding (Wei\u00dfe Schokolade, Vanille, Kokosnuss)<\/p>\n<p>Wei\u00dfe Schokolade trifft auf Bourbonvanille trifft auf Kokosnuss. Eine Hochzeit im besten Sinne.<\/p>\n<p>Dose 250g oder Sachet 30g<\/p>\n<\/div><\/div><\/div><img decoding=\"async\" fetchpriority=\"high\" class='wp-image-1715 avia-img-lazy-loading-not-1715 avia_image ' src=\"https:\/\/beckscocoa.com.staging-srv.net\/wp-content\/uploads\/Beckscocoa_Frappe\u00a6ue-White-Wedding_2022-300x300.jpg\" alt='' title='Beckscocoa_Frappe\u00a6\u00fc-White-Wedding_2022'  height=\"300\" width=\"300\"  itemprop=\"thumbnailUrl\" srcset=\"https:\/\/beckscocoa.com.staging-srv.net\/wp-content\/uploads\/Beckscocoa_Frappe\u00a6ue-White-Wedding_2022-300x300.jpg 300w, https:\/\/beckscocoa.com.staging-srv.net\/wp-content\/uploads\/Beckscocoa_Frappe\u00a6ue-White-Wedding_2022-80x80.jpg 80w, https:\/\/beckscocoa.com.staging-srv.net\/wp-content\/uploads\/Beckscocoa_Frappe\u00a6ue-White-Wedding_2022-36x36.jpg 36w, https:\/\/beckscocoa.com.staging-srv.net\/wp-content\/uploads\/Beckscocoa_Frappe\u00a6ue-White-Wedding_2022-180x180.jpg 180w, https:\/\/beckscocoa.com.staging-srv.net\/wp-content\/uploads\/Beckscocoa_Frappe\u00a6ue-White-Wedding_2022.jpg 600w\" sizes=\"(max-width: 300px) 100vw, 300px\" \/><\/div><\/div><\/div><br \/>\n<section  class='av_textblock_section av-l3si1oet-95dbde5b9baeb17aaecfdcb9f76d5ae9 '   itemscope=\"itemscope\" itemtype=\"https:\/\/schema.org\/CreativeWork\" ><div class='avia_textblock'  itemprop=\"text\" ><h4>Frapp\u00e9 White Wedding (Wei\u00dfe Schokolade, Vanille, Kokosnuss)<\/h4>\n<p>Wei\u00dfe Schokolade trifft auf Bourbonvanille trifft auf Kokosnuss. Eine Hochzeit im besten Sinne.<\/p>\n<p>Dose 250g oder Sachet 30g<\/p>\n<\/div><\/section><\/p><\/div>\n<\/div><\/div><\/div><!-- close content main div --><\/div><\/div><div id='after_section_3'  class='main_color av_default_container_wrap container_wrap sidebar_right'  ><div class='container av-section-cont-open' ><div class='template-page content  av-content-small alpha units'><div class='post-entry post-entry-type-page post-entry-1335'><div class='entry-content-wrapper clearfix'><\/p>","protected":false},"excerpt":{"rendered":"","protected":false},"author":2,"featured_media":0,"parent":1271,"menu_order":3,"comment_status":"closed","ping_status":"closed","template":"","meta":{"footnotes":""},"class_list":["post-1335","page","type-page","status-publish","hentry"],"_links":{"self":[{"href":"https:\/\/beckscocoa.com.staging-srv.net\/en\/wp-json\/wp\/v2\/pages\/1335","targetHints":{"allow":["GET"]}}],"collection":[{"href":"https:\/\/beckscocoa.com.staging-srv.net\/en\/wp-json\/wp\/v2\/pages"}],"about":[{"href":"https:\/\/beckscocoa.com.staging-srv.net\/en\/wp-json\/wp\/v2\/types\/page"}],"author":[{"embeddable":true,"href":"https:\/\/beckscocoa.com.staging-srv.net\/en\/wp-json\/wp\/v2\/users\/2"}],"replies":[{"embeddable":true,"href":"https:\/\/beckscocoa.com.staging-srv.net\/en\/wp-json\/wp\/v2\/comments?post=1335"}],"version-history":[{"count":6,"href":"https:\/\/beckscocoa.com.staging-srv.net\/en\/wp-json\/wp\/v2\/pages\/1335\/revisions"}],"predecessor-version":[{"id":5440,"href":"https:\/\/beckscocoa.com.staging-srv.net\/en\/wp-json\/wp\/v2\/pages\/1335\/revisions\/5440"}],"up":[{"embeddable":true,"href":"https:\/\/beckscocoa.com.staging-srv.net\/en\/wp-json\/wp\/v2\/pages\/1271"}],"wp:attachment":[{"href":"https:\/\/beckscocoa.com.staging-srv.net\/en\/wp-json\/wp\/v2\/media?parent=1335"}],"curies":[{"name":"wp","href":"https:\/\/api.w.org\/{rel}","templated":true}]}}