{"id":1346,"date":"2022-05-08T12:53:57","date_gmt":"2022-05-08T10:53:57","guid":{"rendered":"https:\/\/beckscocoa.com.staging-srv.net\/?page_id=1346"},"modified":"2022-07-10T13:36:36","modified_gmt":"2022-07-10T11:36:36","slug":"spreads","status":"publish","type":"page","link":"https:\/\/beckscocoa.com.staging-srv.net\/en\/products\/spreads\/","title":{"rendered":"Spreads"},"content":{"rendered":"\n<style type=\"text\/css\" data-created_by=\"avia_inline_auto\" id=\"style-css-av-q13or-80b19952ae14e218f843a6d0c30dd874\">\n.avia-section.av-q13or-80b19952ae14e218f843a6d0c30dd874 .av-parallax .av-parallax-inner{\nbackground-repeat:no-repeat;\nbackground-image:url(https:\/\/beckscocoa.com.staging-srv.net\/wp-content\/uploads\/Banner-Cremes-quer-1030x423.jpg);\nbackground-position:0% 0%;\nbackground-attachment:scroll;\n}\n<\/style>\n<div id='av_section_1'  class='avia-section av-q13or-80b19952ae14e218f843a6d0c30dd874 main_color avia-section-default avia-no-shadow  avia-builder-el-0  el_before_av_section  avia-builder-el-first  avia-full-stretch av-parallax-section avia-bg-style-parallax av-minimum-height av-minimum-height-custom av-height-custom  container_wrap sidebar_right'  data-section-bg-repeat='stretch' data-av_minimum_height_px='1000'><div class='av-parallax' data-avia-parallax-ratio='0.3' ><div class='av-parallax-inner main_color avia-full-stretch'><\/div><\/div><div class='container av-section-cont-open' style='height:1000px'><main  role=\"main\" itemprop=\"mainContentOfPage\"  class='template-page content  av-content-small alpha units'><div class='post-entry post-entry-type-page post-entry-1346'><div class='entry-content-wrapper clearfix'>\n\n<style type=\"text\/css\" data-created_by=\"avia_inline_auto\" id=\"style-css-av-l2xlmjwo-f50845506f891a362187b6c3d05f6075\">\n#top .av-special-heading.av-l2xlmjwo-f50845506f891a362187b6c3d05f6075{\npadding-bottom:0;\ncolor:#ffffff;\nfont-size:60px;\n}\nbody .av-special-heading.av-l2xlmjwo-f50845506f891a362187b6c3d05f6075 .av-special-heading-tag .heading-char{\nfont-size:25px;\n}\n#top #wrap_all .av-special-heading.av-l2xlmjwo-f50845506f891a362187b6c3d05f6075 .av-special-heading-tag{\nfont-size:60px;\n}\n.av-special-heading.av-l2xlmjwo-f50845506f891a362187b6c3d05f6075 .special-heading-inner-border{\nborder-color:#ffffff;\n}\n.av-special-heading.av-l2xlmjwo-f50845506f891a362187b6c3d05f6075 .av-subheading{\nfont-size:18px;\n}\n\n@media only screen and (min-width: 480px) and (max-width: 767px){ \n#top #wrap_all .av-special-heading.av-l2xlmjwo-f50845506f891a362187b6c3d05f6075 .av-special-heading-tag{\nfont-size:0.8em;\n}\n}\n\n@media only screen and (max-width: 479px){ \n#top #wrap_all .av-special-heading.av-l2xlmjwo-f50845506f891a362187b6c3d05f6075 .av-special-heading-tag{\nfont-size:0.8em;\n}\n}\n<\/style>\n<div  class='av-special-heading av-l2xlmjwo-f50845506f891a362187b6c3d05f6075 av-special-heading-h1 custom-color-heading blockquote modern-quote  avia-builder-el-1  avia-builder-el-no-sibling  av-thin-font av-inherit-size'><h1 class='av-special-heading-tag'  itemprop=\"headline\"  ><strong>Beckscocoa Kakao-Nuss-Cremes<\/strong><\/h1><div class='av_custom_color av-subheading av-subheading_below'><p>Kakao-Nuss-Cremes<\/p>\n<\/div><div class=\"special-heading-border\"><div class=\"special-heading-inner-border\"><\/div><\/div><\/div>\n\n<\/div><\/div><\/main><!-- close content main element --><\/div><\/div><div id='av_section_2'  class='avia-section av-lh1tn-3bc1c17d4c575d14e0166f9236c89fad main_color avia-section-default avia-no-border-styling  avia-builder-el-2  el_after_av_section  el_before_av_section  avia-bg-style-scroll container_wrap sidebar_right'  ><div class='container av-section-cont-open' ><div class='template-page content  av-content-small alpha units'><div class='post-entry post-entry-type-page post-entry-1346'><div class='entry-content-wrapper clearfix'>\n\n<style type=\"text\/css\" data-created_by=\"avia_inline_auto\" id=\"style-css-av-701nf-c08024b5fe043d4bc32855f658564e1b\">\n#top .av_textblock_section.av-701nf-c08024b5fe043d4bc32855f658564e1b .avia_textblock{\nfont-size:15px;\n}\n<\/style>\n<section  class='av_textblock_section av-701nf-c08024b5fe043d4bc32855f658564e1b '   itemscope=\"itemscope\" itemtype=\"https:\/\/schema.org\/CreativeWork\" ><div class='avia_textblock'  itemprop=\"text\" ><h1>Kakao-Nuss-Cremes<\/h1>\n<h4>Hochwertige Bio Haseln\u00fcsse und Bio Cashews gehen die Verm\u00e4hlung mit bestem Bio Criollo ein:<\/h4>\n<p>Darauf haben alle BecksCocoa Fans lange gewartet. Endlich ist die Sensation perfekt! Das besondere dieser Cremekomposition ist die perfekte Kombination aus schokolodigem Becks Cocoa Criollo und dem nussigen Aroma der Bio N\u00fcsse.\u00a0 Ob pur auf dem L\u00f6ffel, als k\u00f6stlicher Aufstrich auf dem Brot, als n\u00e4hrende Beigabe im Smoothie und im M\u00fcsli oder als wertvolle Zutat zum Backen und Kochen. Einfach lecker!<\/p>\n<p>Alle Zutaten sind biologisch erzeugt, vegan, gluten- und palm\u00f6lfrei!<\/p>\n<\/div><\/section>\n\n<\/div><\/div><\/div><!-- close content main div --><\/div><\/div><div id='av_section_3'  class='avia-section av-m6n4b-9d314ff50cd21765d643f82097b28893 main_color avia-section-default avia-no-border-styling  avia-builder-el-4  el_after_av_section  el_before_av_section  avia-bg-style-scroll container_wrap sidebar_right'  ><div class='container av-section-cont-open' ><div class='template-page content  av-content-small alpha units'><div class='post-entry post-entry-type-page post-entry-1346'><div class='entry-content-wrapper clearfix'>\n<div  class='flex_column av-ennpv-c1ba5ff5412a01f95c545c42ee894e42 av_one_half  avia-builder-el-5  el_before_av_one_half  avia-builder-el-first  first flex_column_div  '     ><style type=\"text\/css\" data-created_by=\"avia_inline_auto\" id=\"style-css-av-l3lgbt0e-30a5c0db68b9d6773aea832de4f8cfa1\">\n.avia-image-container.av-l3lgbt0e-30a5c0db68b9d6773aea832de4f8cfa1 img.avia_image{\nbox-shadow:none;\n}\n.avia-image-container.av-l3lgbt0e-30a5c0db68b9d6773aea832de4f8cfa1 .av-caption-image-overlay-bg{\nopacity:0.4;\nbackground-color:#000000;\n}\n.avia-image-container.av-l3lgbt0e-30a5c0db68b9d6773aea832de4f8cfa1 .av-image-caption-overlay-center{\ncolor:#ffffff;\nfont-size:12px;\n}\n<\/style>\n<div  class='avia-image-container av-l3lgbt0e-30a5c0db68b9d6773aea832de4f8cfa1 av-styling- av-hover-grow av-hide-overflow avia_animated_image av-animated-when-visible-95 fade-in avia-align-center  avia-builder-el-6  avia-builder-el-no-sibling  noHover av-overlay-on-hover'   itemprop=\"image\" itemscope=\"itemscope\" itemtype=\"https:\/\/schema.org\/ImageObject\" ><div class=\"avia-image-container-inner\"><div class=\"avia-image-overlay-wrap\"><div class=\"av-image-caption-overlay\"><div class=\"av-caption-image-overlay-bg\"><\/div><div class=\"av-image-caption-overlay-position\"><div class=\"av-image-caption-overlay-center\"><p>Der kernige Haselnuss-Kakao-Aufstrich (abgeleitet vom italienischen Gianduja)<\/p>\n<p>50% Bio Haselnuss-Anteil<\/p>\n<p>S\u00e4mige Haselnusspaste verfeinert mit knackigen Haselnussst\u00fcckchen.<\/p>\n<p>Dazu bestes BecksCocoa Kakaopulver, Rohrzucker und Kakaobutter, ebenfalls alles aus biologischem Anbau. Bio Sonnenblumenlecithin stabilisiert die Konsistenz der Creme. Mehr kommt hier nicht ins Glas! Unser kerniger Haselnuss-Kakao-Aufstrich ist vegan, gluten- und palm\u00f6lfrei!<\/p>\n<p>Bio und Natur pur \u2013 das ist unsere beckscocoa\u2122 Bio Haselnuss-Kakao-Creme.<\/p>\n<p>Glas 200g<\/p>\n<\/div><\/div><\/div><img decoding=\"async\" fetchpriority=\"high\" class='wp-image-1863 avia-img-lazy-loading-not-1863 avia_image ' src=\"https:\/\/beckscocoa.com.staging-srv.net\/wp-content\/uploads\/Cocoa_Dschanduia_Freisteller_klein-300x300.jpg\" alt='' title='Cocoa_Dschanduia_Freisteller_klein'  height=\"300\" width=\"300\"  itemprop=\"thumbnailUrl\" srcset=\"https:\/\/beckscocoa.com.staging-srv.net\/wp-content\/uploads\/Cocoa_Dschanduia_Freisteller_klein-300x300.jpg 300w, https:\/\/beckscocoa.com.staging-srv.net\/wp-content\/uploads\/Cocoa_Dschanduia_Freisteller_klein-80x80.jpg 80w, https:\/\/beckscocoa.com.staging-srv.net\/wp-content\/uploads\/Cocoa_Dschanduia_Freisteller_klein-36x36.jpg 36w, https:\/\/beckscocoa.com.staging-srv.net\/wp-content\/uploads\/Cocoa_Dschanduia_Freisteller_klein-180x180.jpg 180w, https:\/\/beckscocoa.com.staging-srv.net\/wp-content\/uploads\/Cocoa_Dschanduia_Freisteller_klein.jpg 500w\" sizes=\"(max-width: 300px) 100vw, 300px\" \/><\/div><\/div><\/div><\/div><div  class='flex_column av-9a1t7-d06d5852a971e114a3637b8dc245cca6 av_one_half  avia-builder-el-7  el_after_av_one_half  avia-builder-el-last  flex_column_div  '     ><style type=\"text\/css\" data-created_by=\"avia_inline_auto\" id=\"style-css-av-l3lgccuf-720a5b60f31950c44cdc5e8b326dfd73\">\n.avia-image-container.av-l3lgccuf-720a5b60f31950c44cdc5e8b326dfd73 img.avia_image{\nbox-shadow:none;\n}\n.avia-image-container.av-l3lgccuf-720a5b60f31950c44cdc5e8b326dfd73 .av-caption-image-overlay-bg{\nopacity:0.4;\nbackground-color:#000000;\n}\n.avia-image-container.av-l3lgccuf-720a5b60f31950c44cdc5e8b326dfd73 .av-image-caption-overlay-center{\ncolor:#ffffff;\nfont-size:12px;\n}\n<\/style>\n<div  class='avia-image-container av-l3lgccuf-720a5b60f31950c44cdc5e8b326dfd73 av-styling- av-hover-grow av-hide-overflow avia_animated_image av-animated-when-visible-95 fade-in avia-align-center  avia-builder-el-8  avia-builder-el-no-sibling  noHover av-overlay-on-hover'   itemprop=\"image\" itemscope=\"itemscope\" itemtype=\"https:\/\/schema.org\/ImageObject\" ><div class=\"avia-image-container-inner\"><div class=\"avia-image-overlay-wrap\"><div class=\"av-image-caption-overlay\"><div class=\"av-caption-image-overlay-bg\"><\/div><div class=\"av-image-caption-overlay-position\"><div class=\"av-image-caption-overlay-center\"><p>WELLUTATA (Bio Cashew-Kakao-Creme)<\/p>\n<p>Die samtige Cashew-Kakao-Creme (vellutato hei\u00dft samtig auf italienisch \u2013 in Lautsprache abgewandelt)<\/p>\n<p>30% Bio Cashew-Anteil<\/p>\n<p>Feinste Bio Cashewkerne werden mit den hochwertigen Zutaten Bio Rohrzucker, Bio Sonnenblumen\u00f6l, BecksCocoa, Bio Kakaopulver und Bio Kakaobutter langsam und sorgf\u00e4ltig zu einem schokoladig cremigen Mus verarbeitet.<\/p>\n<p>Nat\u00fcrliches Bio Sonnenblumenlecithin stabilisiert die samtige Konsistenz der Creme. Unser Bio Cashew-Kakao Aufstrich ist vegan, gluten- und palm\u00f6lfrei!<\/p>\n<p>Bio und Natur pur \u2013 das ist unsere beckscocoa\u2122 Bio Cashew-Kakao-Creme.<\/p>\n<p>Glas 200g<\/p>\n<\/div><\/div><\/div><img decoding=\"async\" fetchpriority=\"high\" class='wp-image-1868 avia-img-lazy-loading-not-1868 avia_image ' src=\"https:\/\/beckscocoa.com.staging-srv.net\/wp-content\/uploads\/Cocoa_Wellutata_30_Freisteller_klein-300x300.jpg\" alt='' title='Cocoa_Wellutata_30%_Freisteller_klein'  height=\"300\" width=\"300\"  itemprop=\"thumbnailUrl\" srcset=\"https:\/\/beckscocoa.com.staging-srv.net\/wp-content\/uploads\/Cocoa_Wellutata_30_Freisteller_klein-300x300.jpg 300w, https:\/\/beckscocoa.com.staging-srv.net\/wp-content\/uploads\/Cocoa_Wellutata_30_Freisteller_klein-1030x1030.jpg 1030w, https:\/\/beckscocoa.com.staging-srv.net\/wp-content\/uploads\/Cocoa_Wellutata_30_Freisteller_klein-80x80.jpg 80w, https:\/\/beckscocoa.com.staging-srv.net\/wp-content\/uploads\/Cocoa_Wellutata_30_Freisteller_klein-768x768.jpg 768w, https:\/\/beckscocoa.com.staging-srv.net\/wp-content\/uploads\/Cocoa_Wellutata_30_Freisteller_klein-36x36.jpg 36w, https:\/\/beckscocoa.com.staging-srv.net\/wp-content\/uploads\/Cocoa_Wellutata_30_Freisteller_klein-180x180.jpg 180w, https:\/\/beckscocoa.com.staging-srv.net\/wp-content\/uploads\/Cocoa_Wellutata_30_Freisteller_klein-705x705.jpg 705w, https:\/\/beckscocoa.com.staging-srv.net\/wp-content\/uploads\/Cocoa_Wellutata_30_Freisteller_klein.jpg 1050w\" sizes=\"(max-width: 300px) 100vw, 300px\" \/><\/div><\/div><\/div><\/div>\n\n<\/div><\/div><\/div><!-- close content main div --><\/div><\/div><div id='av_section_4'  class='avia-section av-wa8mj-f9d4b812adc4fd85c8e008f15b0f3270 main_color avia-section-default avia-no-border-styling  avia-builder-el-9  el_after_av_section  avia-builder-el-last  avia-bg-style-scroll container_wrap sidebar_right'  ><div class='container av-section-cont-open' ><div class='template-page content  av-content-small alpha units'><div class='post-entry post-entry-type-page post-entry-1346'><div class='entry-content-wrapper clearfix'>\n<div  class='flex_column av-2pxt7-a3c1e2dd29020e769ac1baead1c8f5eb av_one_half  avia-builder-el-10  el_before_av_one_half  avia-builder-el-first  first flex_column_div  '     ><section  class='av_textblock_section av-irdmb-b28f07778c14c1ca93ae81f22269e6a3 '   itemscope=\"itemscope\" itemtype=\"https:\/\/schema.org\/CreativeWork\" ><div class='avia_textblock'  itemprop=\"text\" ><h4>Dschanduia<\/h4>\n<p>50 % Bio Haselnuss-Anteil<br \/>\nS\u00e4mige Haselnusspaste verfeinert mit knackigen Haselnussst\u00fcckchen. Dazu bestes Kakaopulver, Rohrzucker und Kakaobutter, ebenfalls alles aus biologischem Anbau. Mehr kommt hier nicht ins Glas! Bio und Natur pur \u2013 das ist unsere beckscocoa\u2122 Bio Haselnuss-Kakao-Creme.<\/p>\n<p><img loading=\"lazy\" decoding=\"async\" class=\"alignnone size-full wp-image-1982\" src=\"https:\/\/beckscocoa.com.staging-srv.net\/wp-content\/uploads\/Bio-und-Vegan.png\" alt=\"\" width=\"109\" height=\"50\" \/><br \/>\nGlas 200 g<\/p>\n<\/div><\/section><\/div><div  class='flex_column av-flwqr-08efc7a57ee6752d6e5d0de4a2ecf56b av_one_half  avia-builder-el-12  el_after_av_one_half  avia-builder-el-last  flex_column_div  '     ><section  class='av_textblock_section av-b46zf-f7de083dba5e0fff2ca8eb2a86a283c0 '   itemscope=\"itemscope\" itemtype=\"https:\/\/schema.org\/CreativeWork\" ><div class='avia_textblock'  itemprop=\"text\" ><h4>Wellutata<\/h4>\n<p>30 % Bio Cashew-Anteil<br \/>\nFeinste Cashewkerne werden mit den hochwertigen Zutaten Bio Rohrzucker, Bio Sonnenblumen\u00f6l, Bio Kakaopulver und Bio Kakaobutter langsam und sorgf\u00e4ltig zu<br \/>\neinem schokoladigcremigen Mus verarbeitet. Nat\u00fcrliches Bio Sonnenblumenlecithin stabilisiert die samtige Konsistenz der Creme.<\/p>\n<p><img loading=\"lazy\" decoding=\"async\" class=\"alignnone size-full wp-image-1982\" src=\"https:\/\/beckscocoa.com.staging-srv.net\/wp-content\/uploads\/Bio-und-Vegan.png\" alt=\"\" width=\"109\" height=\"50\" \/><br \/>\nGlas 200 g<\/p>\n<\/div><\/section><\/div>\n<\/div><\/div><\/div><!-- close content main div --><\/div><\/div><div id='after_section_4'  class='main_color av_default_container_wrap container_wrap sidebar_right'  ><div class='container av-section-cont-open' ><div class='template-page content  av-content-small alpha units'><div class='post-entry post-entry-type-page post-entry-1346'><div class='entry-content-wrapper clearfix'>","protected":false},"excerpt":{"rendered":"","protected":false},"author":2,"featured_media":0,"parent":1271,"menu_order":4,"comment_status":"closed","ping_status":"closed","template":"","meta":{"footnotes":""},"class_list":["post-1346","page","type-page","status-publish","hentry"],"_links":{"self":[{"href":"https:\/\/beckscocoa.com.staging-srv.net\/en\/wp-json\/wp\/v2\/pages\/1346","targetHints":{"allow":["GET"]}}],"collection":[{"href":"https:\/\/beckscocoa.com.staging-srv.net\/en\/wp-json\/wp\/v2\/pages"}],"about":[{"href":"https:\/\/beckscocoa.com.staging-srv.net\/en\/wp-json\/wp\/v2\/types\/page"}],"author":[{"embeddable":true,"href":"https:\/\/beckscocoa.com.staging-srv.net\/en\/wp-json\/wp\/v2\/users\/2"}],"replies":[{"embeddable":true,"href":"https:\/\/beckscocoa.com.staging-srv.net\/en\/wp-json\/wp\/v2\/comments?post=1346"}],"version-history":[{"count":5,"href":"https:\/\/beckscocoa.com.staging-srv.net\/en\/wp-json\/wp\/v2\/pages\/1346\/revisions"}],"predecessor-version":[{"id":4812,"href":"https:\/\/beckscocoa.com.staging-srv.net\/en\/wp-json\/wp\/v2\/pages\/1346\/revisions\/4812"}],"up":[{"embeddable":true,"href":"https:\/\/beckscocoa.com.staging-srv.net\/en\/wp-json\/wp\/v2\/pages\/1271"}],"wp:attachment":[{"href":"https:\/\/beckscocoa.com.staging-srv.net\/en\/wp-json\/wp\/v2\/media?parent=1346"}],"curies":[{"name":"wp","href":"https:\/\/api.w.org\/{rel}","templated":true}]}}