{"id":1358,"date":"2014-07-09T15:49:34","date_gmt":"2014-07-09T13:49:34","guid":{"rendered":"https:\/\/beckscocoa.com.staging-srv.net\/?page_id=1358"},"modified":"2022-07-10T13:46:12","modified_gmt":"2022-07-10T11:46:12","slug":"magazine","status":"publish","type":"page","link":"https:\/\/beckscocoa.com.staging-srv.net\/en\/magazine\/","title":{"rendered":"Magazine"},"content":{"rendered":"\n<style type=\"text\/css\" data-created_by=\"avia_inline_auto\" id=\"style-css-av-7jmb-7b4f784aae6117081f5bfb5a04d87634\">\n.avia-section.av-7jmb-7b4f784aae6117081f5bfb5a04d87634 .av-parallax .av-parallax-inner{\nbackground-repeat:no-repeat;\nbackground-image:url(https:\/\/beckscocoa.com.staging-srv.net\/wp-content\/uploads\/DSC06246-1030x687.jpg);\nbackground-position:50% 50%;\nbackground-attachment:scroll;\n}\n<\/style>\n<div id='av_section_1'  class='avia-section av-7jmb-7b4f784aae6117081f5bfb5a04d87634 main_color avia-section-default avia-no-shadow  avia-builder-el-0  el_before_av_section  avia-builder-el-first  avia-full-stretch av-parallax-section avia-bg-style-parallax av-minimum-height av-minimum-height-custom av-height-custom  container_wrap sidebar_right'  data-section-bg-repeat='stretch' data-av_minimum_height_px='1000'><div class='av-parallax' data-avia-parallax-ratio='0.3' ><div class='av-parallax-inner main_color avia-full-stretch'><\/div><\/div><div class='container av-section-cont-open' style='height:1000px'><main  role=\"main\" itemprop=\"mainContentOfPage\"  class='template-page content  av-content-small alpha units'><div class='post-entry post-entry-type-page post-entry-1358'><div class='entry-content-wrapper clearfix'>\n\n<style type=\"text\/css\" data-created_by=\"avia_inline_auto\" id=\"style-css-av-1geqr-d7b6b4efc9a6383748f113a99b37e514\">\n#top .av-special-heading.av-1geqr-d7b6b4efc9a6383748f113a99b37e514{\npadding-bottom:0;\ncolor:#ffffff;\nfont-size:60px;\n}\nbody .av-special-heading.av-1geqr-d7b6b4efc9a6383748f113a99b37e514 .av-special-heading-tag .heading-char{\nfont-size:25px;\n}\n#top #wrap_all .av-special-heading.av-1geqr-d7b6b4efc9a6383748f113a99b37e514 .av-special-heading-tag{\nfont-size:60px;\n}\n.av-special-heading.av-1geqr-d7b6b4efc9a6383748f113a99b37e514 .special-heading-inner-border{\nborder-color:#ffffff;\n}\n.av-special-heading.av-1geqr-d7b6b4efc9a6383748f113a99b37e514 .av-subheading{\nfont-size:18px;\n}\n\n@media only screen and (min-width: 480px) and (max-width: 767px){ \n#top #wrap_all .av-special-heading.av-1geqr-d7b6b4efc9a6383748f113a99b37e514 .av-special-heading-tag{\nfont-size:0.8em;\n}\n}\n\n@media only screen and (max-width: 479px){ \n#top #wrap_all .av-special-heading.av-1geqr-d7b6b4efc9a6383748f113a99b37e514 .av-special-heading-tag{\nfont-size:0.8em;\n}\n}\n<\/style>\n<div  class='av-special-heading av-1geqr-d7b6b4efc9a6383748f113a99b37e514 av-special-heading-h1 custom-color-heading blockquote modern-quote  avia-builder-el-1  avia-builder-el-no-sibling  av-thin-font av-inherit-size'><h1 class='av-special-heading-tag'  itemprop=\"headline\"  >Zeit f\u00fcr <strong> Kakaoige-News<\/strong><\/h1><div class=\"special-heading-border\"><div class=\"special-heading-inner-border\"><\/div><\/div><\/div>\n\n<\/div><\/div><\/main><!-- close content main element --><\/div><\/div><div id='av_section_2'  class='avia-section av-orlr-6d644ffeb6eab819983d76081240ce25 main_color avia-section-default avia-no-border-styling  avia-builder-el-2  el_after_av_section  el_before_av_section  avia-bg-style-scroll container_wrap sidebar_right'  ><div class='container av-section-cont-open' ><div class='template-page content  av-content-small alpha units'><div class='post-entry post-entry-type-page post-entry-1358'><div class='entry-content-wrapper clearfix'>\n\n<style type=\"text\/css\" data-created_by=\"avia_inline_auto\" id=\"style-css-av-l3vg6r78-b90996e60c0a8f5b7c3c2066849536ba\">\n#top .av_textblock_section.av-l3vg6r78-b90996e60c0a8f5b7c3c2066849536ba .avia_textblock{\nfont-size:15px;\n}\n<\/style>\n<section  class='av_textblock_section av-l3vg6r78-b90996e60c0a8f5b7c3c2066849536ba '   itemscope=\"itemscope\" itemtype=\"https:\/\/schema.org\/CreativeWork\" ><div class='avia_textblock'  itemprop=\"text\" ><h4>Unser Magazin. F\u00fcr alle, die nie genug BecksCocoa bekommen.<\/h4>\n<p>Darf\u2019s noch ein bisschen mehr sein? F\u00fcr alle, die diese Frage mit einem eindeutigen \u201eJa!\u201c beantworten, gibt es hier in unregelm\u00e4\u00dfiger Folge Neuigkeiten aus der Welt der Kakaobohnen und kulinarischen Gen\u00fcsse. Wir verraten euch, auf welche neuen Kakao-Kreationen ihr euch freuen k\u00f6nnt und werfen einen Blick hinter die Kulissen von beckscocoa. Und selbstverst\u00e4ndlich gibt es auch jede Menge Tipps und Expertise, wie euer Lieblingskakao am besten schmeckt. Vorbeischauen lohnt sich!<\/p>\n<\/div><\/section>\n\n<style type=\"text\/css\" data-created_by=\"avia_inline_auto\" id=\"style-css-av-1r0av-f95f233147e9af367948aa91383554b0\">\n#top .av-special-heading.av-1r0av-f95f233147e9af367948aa91383554b0{\npadding-bottom:10px;\ncolor:#ff421c;\n}\nbody .av-special-heading.av-1r0av-f95f233147e9af367948aa91383554b0 .av-special-heading-tag .heading-char{\nfont-size:25px;\n}\n.av-special-heading.av-1r0av-f95f233147e9af367948aa91383554b0 .special-heading-inner-border{\nborder-color:#ff421c;\n}\n.av-special-heading.av-1r0av-f95f233147e9af367948aa91383554b0 .av-subheading{\nfont-size:22px;\n}\n<\/style>\n<div  class='av-special-heading av-1r0av-f95f233147e9af367948aa91383554b0 av-special-heading-h1 custom-color-heading blockquote modern-quote  avia-builder-el-4  el_after_av_textblock  el_before_av_blog  av-thin-font'><h1 class='av-special-heading-tag'  itemprop=\"headline\"  >Aktuelle <strong> Rezepte<\/strong><\/h1><div class=\"special-heading-border\"><div class=\"special-heading-inner-border\"><\/div><\/div><\/div>\n<div  data-slideshow-options=\"{&quot;animation&quot;:&quot;fade&quot;,&quot;autoplay&quot;:false,&quot;loop_autoplay&quot;:&quot;once&quot;,&quot;interval&quot;:5,&quot;loop_manual&quot;:&quot;manual-endless&quot;,&quot;autoplay_stopper&quot;:false,&quot;noNavigation&quot;:false,&quot;show_slide_delay&quot;:90}\" class='avia-content-slider avia-content-grid-active avia-content-slider1 avia-content-slider-odd  avia-builder-el-5  el_after_av_heading  el_before_av_heading  av-slideshow-ui av-control-default   av-no-slider-navigation av-slideshow-manual av-loop-once av-loop-manual-endless '  itemscope=\"itemscope\" itemtype=\"https:\/\/schema.org\/Blog\" ><div class=\"avia-content-slider-inner\"><div class=\"slide-entry-wrap\"><article class='slide-entry flex_column  post-entry post-entry-1602 slide-entry-overview slide-loop-1 slide-parity-odd  av_one_third first real-thumbnail posttype-post post-format-standard'  itemscope=\"itemscope\" itemtype=\"https:\/\/schema.org\/CreativeWork\" ><a href='https:\/\/beckscocoa.com.staging-srv.net\/en\/glutenfreier-crepe-kuchen-mit-schoko-haselnuss-aufstrich-en\/' data-rel='slide-1' class='slide-image' title='EN-Glutenfreier Cr\u00eape-Kuchen mit Schoko-Haselnuss-Aufstrich'><img decoding=\"async\" fetchpriority=\"high\" width=\"495\" height=\"400\" src=\"https:\/\/beckscocoa.com.staging-srv.net\/wp-content\/uploads\/Crepe-Kuchen-495x400.jpg\" class=\"wp-image-3711 avia-img-lazy-loading-not-3711 attachment-portfolio size-portfolio wp-post-image\" alt=\"\" srcset=\"https:\/\/beckscocoa.com.staging-srv.net\/wp-content\/uploads\/Crepe-Kuchen-495x400.jpg 495w, https:\/\/beckscocoa.com.staging-srv.net\/wp-content\/uploads\/Crepe-Kuchen-845x684.jpg 845w\" sizes=\"(max-width: 495px) 100vw, 495px\" \/><\/a><div class=\"slide-content\"><header class=\"entry-content-header\"><h3 class='slide-entry-title entry-title '  itemprop=\"headline\" ><a href='https:\/\/beckscocoa.com.staging-srv.net\/en\/glutenfreier-crepe-kuchen-mit-schoko-haselnuss-aufstrich-en\/' title='EN-Glutenfreier Cr\u00eape-Kuchen mit Schoko-Haselnuss-Aufstrich'>EN-Glutenfreier Cr\u00eape-Kuchen mit Schoko-Haselnuss-Aufstrich<\/a><\/h3><span class=\"av-vertical-delimiter\"><\/span><\/header><div class=\"slide-meta\"><time class='slide-meta-time updated'  itemprop=\"datePublished\" datetime=\"2022-05-09T13:00:34+02:00\" >9. May 2022<\/time><div class=\"slide-meta-del\">\/<\/div><div class=\"slide-meta-comments\"><a href='https:\/\/beckscocoa.com.staging-srv.net\/en\/glutenfreier-crepe-kuchen-mit-schoko-haselnuss-aufstrich-en\/#respond'>0 Comments<\/a><\/div><\/div><div class='slide-entry-excerpt entry-content'  itemprop=\"text\" >Laura Muthesius &amp; Nora Eisermann, geboren und wohnhaft in\u2026<div class=\"read-more-link\"><a href=\"https:\/\/beckscocoa.com.staging-srv.net\/en\/glutenfreier-crepe-kuchen-mit-schoko-haselnuss-aufstrich-en\/\" class=\"more-link\">Read more<span class=\"more-link-arrow\"><\/span><\/a><\/div><\/div><\/div><footer class=\"entry-footer\"><\/footer><span class='hidden'>\n\t\t\t\t<span class='av-structured-data'  itemprop=\"image\" itemscope=\"itemscope\" itemtype=\"https:\/\/schema.org\/ImageObject\" >\n\t\t\t\t\t\t<span itemprop='url'>https:\/\/beckscocoa.com.staging-srv.net\/wp-content\/uploads\/Crepe-Kuchen.jpg<\/span>\n\t\t\t\t\t\t<span itemprop='height'>1293<\/span>\n\t\t\t\t\t\t<span itemprop='width'>1791<\/span>\n\t\t\t\t<\/span>\n\t\t\t\t<span class='av-structured-data'  itemprop=\"publisher\" itemtype=\"https:\/\/schema.org\/Organization\" itemscope=\"itemscope\" >\n\t\t\t\t\t\t<span itemprop='name'>cmsadmin<\/span>\n\t\t\t\t\t\t<span itemprop='logo' itemscope itemtype='https:\/\/schema.org\/ImageObject'>\n\t\t\t\t\t\t\t<span itemprop='url'>https:\/\/beckscocoa.com.staging-srv.net\/wp-content\/uploads\/logo-258x300.png<\/span>\n\t\t\t\t\t\t<\/span>\n\t\t\t\t<\/span><span class='av-structured-data'  itemprop=\"author\" itemscope=\"itemscope\" itemtype=\"https:\/\/schema.org\/Person\" ><span itemprop='name'>cmsadmin<\/span><\/span><span class='av-structured-data'  itemprop=\"datePublished\" datetime=\"2014-07-09T15:49:34+02:00\" >2022-05-09 13:00:34<\/span><span class='av-structured-data'  itemprop=\"dateModified\" itemtype=\"https:\/\/schema.org\/dateModified\" >2022-05-24 01:14:19<\/span><span class='av-structured-data'  itemprop=\"mainEntityOfPage\" itemtype=\"https:\/\/schema.org\/mainEntityOfPage\" ><span itemprop='name'>EN-Glutenfreier Cr\u00eape-Kuchen mit Schoko-Haselnuss-Aufstrich<\/span><\/span><\/span><\/article><article class='slide-entry flex_column  post-entry post-entry-1612 slide-entry-overview slide-loop-2 slide-parity-even  post-entry-last  av_one_third  real-thumbnail posttype-post post-format-standard'  itemscope=\"itemscope\" itemtype=\"https:\/\/schema.org\/CreativeWork\" ><a href='https:\/\/beckscocoa.com.staging-srv.net\/en\/en-how-to-selecting-the-perfect-wine\/' data-rel='slide-1' class='slide-image' title='EN How to: Selecting the perfect wine'><img decoding=\"async\" fetchpriority=\"high\" width=\"495\" height=\"400\" src=\"https:\/\/beckscocoa.com.staging-srv.net\/wp-content\/uploads\/Belindathebaker-Quer2-495x400.jpg\" class=\"wp-image-2307 avia-img-lazy-loading-not-2307 attachment-portfolio size-portfolio wp-post-image\" alt=\"\" srcset=\"https:\/\/beckscocoa.com.staging-srv.net\/wp-content\/uploads\/Belindathebaker-Quer2-495x400.jpg 495w, https:\/\/beckscocoa.com.staging-srv.net\/wp-content\/uploads\/Belindathebaker-Quer2-845x684.jpg 845w\" sizes=\"(max-width: 495px) 100vw, 495px\" \/><\/a><div class=\"slide-content\"><header class=\"entry-content-header\"><h3 class='slide-entry-title entry-title '  itemprop=\"headline\" ><a href='https:\/\/beckscocoa.com.staging-srv.net\/en\/en-how-to-selecting-the-perfect-wine\/' title='EN How to: Selecting the perfect wine'>EN How to: Selecting the perfect wine<\/a><\/h3><span class=\"av-vertical-delimiter\"><\/span><\/header><div class=\"slide-meta\"><time class='slide-meta-time updated'  itemprop=\"datePublished\" datetime=\"2014-07-09T22:13:04+02:00\" >9. July 2014<\/time><div class=\"slide-meta-del\">\/<\/div><div class=\"slide-meta-comments\"><a href='https:\/\/beckscocoa.com.staging-srv.net\/en\/en-how-to-selecting-the-perfect-wine\/#respond'>0 Comments<\/a><\/div><\/div><div class='slide-entry-excerpt entry-content'  itemprop=\"text\" >Lorem ipsum dolor sit amet, consectetuer adipiscing elit. Aenean\u2026<div class=\"read-more-link\"><a href=\"https:\/\/beckscocoa.com.staging-srv.net\/en\/en-how-to-selecting-the-perfect-wine\/\" class=\"more-link\">Read more<span class=\"more-link-arrow\"><\/span><\/a><\/div><\/div><\/div><footer class=\"entry-footer\"><\/footer><span class='hidden'>\n\t\t\t\t<span class='av-structured-data'  itemprop=\"image\" itemscope=\"itemscope\" itemtype=\"https:\/\/schema.org\/ImageObject\" >\n\t\t\t\t\t\t<span itemprop='url'>https:\/\/beckscocoa.com.staging-srv.net\/wp-content\/uploads\/Belindathebaker-Quer2.jpg<\/span>\n\t\t\t\t\t\t<span itemprop='height'>800<\/span>\n\t\t\t\t\t\t<span itemprop='width'>1024<\/span>\n\t\t\t\t<\/span>\n\t\t\t\t<span class='av-structured-data'  itemprop=\"publisher\" itemtype=\"https:\/\/schema.org\/Organization\" itemscope=\"itemscope\" >\n\t\t\t\t\t\t<span itemprop='name'>cmsadmin<\/span>\n\t\t\t\t\t\t<span itemprop='logo' itemscope itemtype='https:\/\/schema.org\/ImageObject'>\n\t\t\t\t\t\t\t<span itemprop='url'>https:\/\/beckscocoa.com.staging-srv.net\/wp-content\/uploads\/logo-258x300.png<\/span>\n\t\t\t\t\t\t<\/span>\n\t\t\t\t<\/span><span class='av-structured-data'  itemprop=\"author\" itemscope=\"itemscope\" itemtype=\"https:\/\/schema.org\/Person\" ><span itemprop='name'>cmsadmin<\/span><\/span><span class='av-structured-data'  itemprop=\"datePublished\" datetime=\"2014-07-09T15:49:34+02:00\" >2014-07-09 22:13:04<\/span><span class='av-structured-data'  itemprop=\"dateModified\" itemtype=\"https:\/\/schema.org\/dateModified\" >2022-05-24 01:15:23<\/span><span class='av-structured-data'  itemprop=\"mainEntityOfPage\" itemtype=\"https:\/\/schema.org\/mainEntityOfPage\" ><span itemprop='name'>EN How to: Selecting the perfect wine<\/span><\/span><\/span><\/article><\/div><\/div><\/div>\n\n<style type=\"text\/css\" data-created_by=\"avia_inline_auto\" id=\"style-css-av-l3u0u0us-e25fb80c06364d6a02da14f6d7f9ab04\">\n#top .av-special-heading.av-l3u0u0us-e25fb80c06364d6a02da14f6d7f9ab04{\npadding-bottom:10px;\ncolor:#ff421c;\n}\nbody .av-special-heading.av-l3u0u0us-e25fb80c06364d6a02da14f6d7f9ab04 .av-special-heading-tag .heading-char{\nfont-size:25px;\n}\n.av-special-heading.av-l3u0u0us-e25fb80c06364d6a02da14f6d7f9ab04 .special-heading-inner-border{\nborder-color:#ff421c;\n}\n.av-special-heading.av-l3u0u0us-e25fb80c06364d6a02da14f6d7f9ab04 .av-subheading{\nfont-size:22px;\n}\n<\/style>\n<div  class='av-special-heading av-l3u0u0us-e25fb80c06364d6a02da14f6d7f9ab04 av-special-heading-h1 custom-color-heading blockquote modern-quote  avia-builder-el-6  el_after_av_blog  el_before_av_blog  av-thin-font'><h1 class='av-special-heading-tag'  itemprop=\"headline\"  >Aktuelle <strong>Beitr\u00e4ge<\/strong><\/h1><div class=\"special-heading-border\"><div class=\"special-heading-inner-border\"><\/div><\/div><\/div>\n\n\n<\/div><\/div><\/div><!-- close content main div --><\/div><\/div><div id='av_section_3'  class='avia-section av-pzib-94606f2670a50a682bc19457df4bd33f main_color avia-section-default avia-no-border-styling  avia-builder-el-8  el_after_av_section  avia-builder-el-last  avia-bg-style-scroll container_wrap sidebar_right'  ><div class='container av-section-cont-open' ><div class='template-page content  av-content-small alpha units'><div class='post-entry post-entry-type-page post-entry-1358'><div class='entry-content-wrapper clearfix'><\/div><\/div><\/div><!-- close content main div --><\/div><\/div><div id='after_section_3'  class='main_color av_default_container_wrap container_wrap sidebar_right'  ><div class='container av-section-cont-open' ><div class='template-page content  av-content-small alpha units'><div class='post-entry post-entry-type-page post-entry-1358'><div class='entry-content-wrapper clearfix'>","protected":false},"excerpt":{"rendered":"","protected":false},"author":2,"featured_media":0,"parent":0,"menu_order":4,"comment_status":"open","ping_status":"open","template":"","meta":{"footnotes":""},"class_list":["post-1358","page","type-page","status-publish","hentry"],"_links":{"self":[{"href":"https:\/\/beckscocoa.com.staging-srv.net\/en\/wp-json\/wp\/v2\/pages\/1358","targetHints":{"allow":["GET"]}}],"collection":[{"href":"https:\/\/beckscocoa.com.staging-srv.net\/en\/wp-json\/wp\/v2\/pages"}],"about":[{"href":"https:\/\/beckscocoa.com.staging-srv.net\/en\/wp-json\/wp\/v2\/types\/page"}],"author":[{"embeddable":true,"href":"https:\/\/beckscocoa.com.staging-srv.net\/en\/wp-json\/wp\/v2\/users\/2"}],"replies":[{"embeddable":true,"href":"https:\/\/beckscocoa.com.staging-srv.net\/en\/wp-json\/wp\/v2\/comments?post=1358"}],"version-history":[{"count":8,"href":"https:\/\/beckscocoa.com.staging-srv.net\/en\/wp-json\/wp\/v2\/pages\/1358\/revisions"}],"predecessor-version":[{"id":4864,"href":"https:\/\/beckscocoa.com.staging-srv.net\/en\/wp-json\/wp\/v2\/pages\/1358\/revisions\/4864"}],"wp:attachment":[{"href":"https:\/\/beckscocoa.com.staging-srv.net\/en\/wp-json\/wp\/v2\/media?parent=1358"}],"curies":[{"name":"wp","href":"https:\/\/api.w.org\/{rel}","templated":true}]}}