{"id":1378,"date":"2022-05-08T13:33:04","date_gmt":"2022-05-08T11:33:04","guid":{"rendered":"https:\/\/beckscocoa.com.staging-srv.net\/?page_id=1378"},"modified":"2022-07-10T13:45:17","modified_gmt":"2022-07-10T11:45:17","slug":"company","status":"publish","type":"page","link":"https:\/\/beckscocoa.com.staging-srv.net\/en\/company\/","title":{"rendered":"Company"},"content":{"rendered":"\n<style type=\"text\/css\" data-created_by=\"avia_inline_auto\" id=\"style-css-av-9jp2h-9a3c594150f2e776f98bf5eb30fb0122\">\n.avia-section.av-9jp2h-9a3c594150f2e776f98bf5eb30fb0122 .av-parallax .av-parallax-inner{\nbackground-repeat:no-repeat;\nbackground-image:url(https:\/\/beckscocoa.com.staging-srv.net\/wp-content\/uploads\/Becks-Cocoa_Kakaofruechte2-1-300x199.jpg);\nbackground-position:0% 0%;\nbackground-attachment:scroll;\n}\n<\/style>\n<div id='av_section_1'  class='avia-section av-9jp2h-9a3c594150f2e776f98bf5eb30fb0122 main_color avia-section-default avia-no-shadow  avia-builder-el-0  el_before_av_section  avia-builder-el-first  avia-full-stretch av-parallax-section avia-bg-style-parallax av-minimum-height av-minimum-height-custom av-height-custom  container_wrap sidebar_right'  data-section-bg-repeat='stretch' data-av_minimum_height_px='1000'><div class='av-parallax' data-avia-parallax-ratio='0.3' ><div class='av-parallax-inner main_color avia-full-stretch'><\/div><\/div><div class='container av-section-cont-open' style='height:1000px'><main  role=\"main\" itemprop=\"mainContentOfPage\"  class='template-page content  av-content-small alpha units'><div class='post-entry post-entry-type-page post-entry-1378'><div class='entry-content-wrapper clearfix'>\n\n<style type=\"text\/css\" data-created_by=\"avia_inline_auto\" id=\"style-css-av-l3tzjz7h-3f4f93a71b52833d95f78fbab8b5bc2b\">\n#top .av-special-heading.av-l3tzjz7h-3f4f93a71b52833d95f78fbab8b5bc2b{\npadding-bottom:0;\ncolor:#ffffff;\nfont-size:60px;\n}\nbody .av-special-heading.av-l3tzjz7h-3f4f93a71b52833d95f78fbab8b5bc2b .av-special-heading-tag .heading-char{\nfont-size:25px;\n}\n#top #wrap_all .av-special-heading.av-l3tzjz7h-3f4f93a71b52833d95f78fbab8b5bc2b .av-special-heading-tag{\nfont-size:60px;\n}\n.av-special-heading.av-l3tzjz7h-3f4f93a71b52833d95f78fbab8b5bc2b .special-heading-inner-border{\nborder-color:#ffffff;\n}\n.av-special-heading.av-l3tzjz7h-3f4f93a71b52833d95f78fbab8b5bc2b .av-subheading{\nfont-size:18px;\n}\n\n@media only screen and (min-width: 480px) and (max-width: 767px){ \n#top #wrap_all .av-special-heading.av-l3tzjz7h-3f4f93a71b52833d95f78fbab8b5bc2b .av-special-heading-tag{\nfont-size:0.8em;\n}\n}\n\n@media only screen and (max-width: 479px){ \n#top #wrap_all .av-special-heading.av-l3tzjz7h-3f4f93a71b52833d95f78fbab8b5bc2b .av-special-heading-tag{\nfont-size:0.8em;\n}\n}\n<\/style>\n<div  class='av-special-heading av-l3tzjz7h-3f4f93a71b52833d95f78fbab8b5bc2b av-special-heading-h1 custom-color-heading blockquote modern-quote  avia-builder-el-1  avia-builder-el-no-sibling  av-thin-font av-inherit-size'><h1 class='av-special-heading-tag'  itemprop=\"headline\"  ><strong>Unternehmen<\/strong><\/h1><div class=\"special-heading-border\"><div class=\"special-heading-inner-border\"><\/div><\/div><\/div>\n\n<\/div><\/div><\/main><!-- close content main element --><\/div><\/div><div id='av_section_2'  class='avia-section av-fskqx-45396764a7d738f5544aff180962b7e0 main_color avia-section-default avia-no-border-styling  avia-builder-el-2  el_after_av_section  avia-builder-el-last  avia-bg-style-scroll container_wrap sidebar_right'  ><div class='container av-section-cont-open' ><div class='template-page content  av-content-small alpha units'><div class='post-entry post-entry-type-page post-entry-1378'><div class='entry-content-wrapper clearfix'>\n\n<style type=\"text\/css\" data-created_by=\"avia_inline_auto\" id=\"style-css-av-b7r3t-9a9fea2dd073aed625c042da31734507\">\n#top .av-special-heading.av-b7r3t-9a9fea2dd073aed625c042da31734507{\npadding-bottom:10px;\ncolor:#ff421c;\n}\nbody .av-special-heading.av-b7r3t-9a9fea2dd073aed625c042da31734507 .av-special-heading-tag .heading-char{\nfont-size:25px;\n}\n.av-special-heading.av-b7r3t-9a9fea2dd073aed625c042da31734507 .special-heading-inner-border{\nborder-color:#ff421c;\n}\n.av-special-heading.av-b7r3t-9a9fea2dd073aed625c042da31734507 .av-subheading{\nfont-size:22px;\n}\n<\/style>\n<div  class='av-special-heading av-b7r3t-9a9fea2dd073aed625c042da31734507 av-special-heading-h1 custom-color-heading blockquote modern-quote  avia-builder-el-3  el_before_av_textblock  avia-builder-el-first  av-thin-font'><h1 class='av-special-heading-tag'  itemprop=\"headline\"  ><strong>Wir haben viel vor<\/strong><\/h1><div class=\"special-heading-border\"><div class=\"special-heading-inner-border\"><\/div><\/div><\/div>\n\n<style type=\"text\/css\" data-created_by=\"avia_inline_auto\" id=\"style-css-av-l3wo6ruu-16a0238d6ec90bd81a11e4857f39475e\">\n#top .av_textblock_section.av-l3wo6ruu-16a0238d6ec90bd81a11e4857f39475e .avia_textblock{\nfont-size:15px;\n}\n<\/style>\n<section  class='av_textblock_section av-l3wo6ruu-16a0238d6ec90bd81a11e4857f39475e '   itemscope=\"itemscope\" itemtype=\"https:\/\/schema.org\/CreativeWork\" ><div class='avia_textblock'  itemprop=\"text\" ><p>Inspiriert von der Vielfalt der Kakaobohne sch\u00f6pft beckscocoa\u2122 immer neue Ideen f\u00fcr schokoladige Geschmackswelten. In seiner Schmiede f\u00fcr Neukreationen kombinieren wir die dunkle Edelbohne mit erlesenen Zutaten und entwickeln fein abgestimmte Rezepturen<br \/>\nf\u00fcr verf\u00fchrerische Kompositionen. Kakaogenie\u00dfer d\u00fcrfen sich auf spannende Neuigkeiten aus dem Hause beckscocoa\u2122<br \/>\nfreuen. Ob fl\u00fcssig oder fest, das wird noch nicht verraten. Nur so viel: ehrlich schokoladig bleibt es ganz bestimmt!<\/p>\n<h4>Es bleibt spannend.<\/h4>\n<p><img loading=\"lazy\" decoding=\"async\" class=\"alignnone wp-image-3089\" src=\"https:\/\/beckscocoa.com.staging-srv.net\/wp-content\/uploads\/beckscocoa-logo-258x300.jpg\" alt=\"\" width=\"148\" height=\"172\" srcset=\"https:\/\/beckscocoa.com.staging-srv.net\/wp-content\/uploads\/beckscocoa-logo-258x300.jpg 258w, https:\/\/beckscocoa.com.staging-srv.net\/wp-content\/uploads\/beckscocoa-logo-887x1030.jpg 887w, https:\/\/beckscocoa.com.staging-srv.net\/wp-content\/uploads\/beckscocoa-logo-768x892.jpg 768w, https:\/\/beckscocoa.com.staging-srv.net\/wp-content\/uploads\/beckscocoa-logo-607x705.jpg 607w, https:\/\/beckscocoa.com.staging-srv.net\/wp-content\/uploads\/beckscocoa-logo.jpg 1205w\" sizes=\"auto, (max-width: 148px) 100vw, 148px\" \/><\/p>\n<\/div><\/section>\n<\/div><\/div><\/div><!-- close content main div --><\/div><\/div><div id='after_section_2'  class='main_color av_default_container_wrap container_wrap sidebar_right'  ><div class='container av-section-cont-open' ><div class='template-page content  av-content-small alpha units'><div class='post-entry post-entry-type-page post-entry-1378'><div class='entry-content-wrapper clearfix'>","protected":false},"excerpt":{"rendered":"","protected":false},"author":2,"featured_media":0,"parent":0,"menu_order":4,"comment_status":"closed","ping_status":"closed","template":"","meta":{"footnotes":""},"class_list":["post-1378","page","type-page","status-publish","hentry"],"_links":{"self":[{"href":"https:\/\/beckscocoa.com.staging-srv.net\/en\/wp-json\/wp\/v2\/pages\/1378","targetHints":{"allow":["GET"]}}],"collection":[{"href":"https:\/\/beckscocoa.com.staging-srv.net\/en\/wp-json\/wp\/v2\/pages"}],"about":[{"href":"https:\/\/beckscocoa.com.staging-srv.net\/en\/wp-json\/wp\/v2\/types\/page"}],"author":[{"embeddable":true,"href":"https:\/\/beckscocoa.com.staging-srv.net\/en\/wp-json\/wp\/v2\/users\/2"}],"replies":[{"embeddable":true,"href":"https:\/\/beckscocoa.com.staging-srv.net\/en\/wp-json\/wp\/v2\/comments?post=1378"}],"version-history":[{"count":5,"href":"https:\/\/beckscocoa.com.staging-srv.net\/en\/wp-json\/wp\/v2\/pages\/1378\/revisions"}],"predecessor-version":[{"id":4841,"href":"https:\/\/beckscocoa.com.staging-srv.net\/en\/wp-json\/wp\/v2\/pages\/1378\/revisions\/4841"}],"wp:attachment":[{"href":"https:\/\/beckscocoa.com.staging-srv.net\/en\/wp-json\/wp\/v2\/media?parent=1378"}],"curies":[{"name":"wp","href":"https:\/\/api.w.org\/{rel}","templated":true}]}}