{"id":1395,"date":"2022-05-08T13:34:17","date_gmt":"2022-05-08T11:34:17","guid":{"rendered":"https:\/\/beckscocoa.com.staging-srv.net\/?page_id=1395"},"modified":"2022-07-10T13:45:15","modified_gmt":"2022-07-10T11:45:15","slug":"who-we-are","status":"publish","type":"page","link":"https:\/\/beckscocoa.com.staging-srv.net\/en\/company\/who-we-are\/","title":{"rendered":"Who we are"},"content":{"rendered":"\n<style type=\"text\/css\" data-created_by=\"avia_inline_auto\" id=\"style-css-av-rw2zr-1ddec894e71931615ca3ce875c83e1eb\">\n.avia-section.av-rw2zr-1ddec894e71931615ca3ce875c83e1eb .av-parallax .av-parallax-inner{\nbackground-repeat:no-repeat;\nbackground-image:url(https:\/\/beckscocoa.com.staging-srv.net\/wp-content\/uploads\/Becks-Cocoa_Kakaofruechte2-1-300x199.jpg);\nbackground-position:0% 0%;\nbackground-attachment:scroll;\n}\n<\/style>\n<div id='av_section_1'  class='avia-section av-rw2zr-1ddec894e71931615ca3ce875c83e1eb main_color avia-section-default avia-no-shadow  avia-builder-el-0  el_before_av_section  avia-builder-el-first  avia-full-stretch av-parallax-section avia-bg-style-parallax av-minimum-height av-minimum-height-custom av-height-custom  container_wrap sidebar_right'  data-section-bg-repeat='stretch' data-av_minimum_height_px='1000'><div class='av-parallax' data-avia-parallax-ratio='0.3' ><div class='av-parallax-inner main_color avia-full-stretch'><\/div><\/div><div class='container av-section-cont-open' style='height:1000px'><main  role=\"main\" itemprop=\"mainContentOfPage\"  class='template-page content  av-content-small alpha units'><div class='post-entry post-entry-type-page post-entry-1395'><div class='entry-content-wrapper clearfix'>\n\n<style type=\"text\/css\" data-created_by=\"avia_inline_auto\" id=\"style-css-av-l2xlsdst-3482b2ab2bc982641ffcb964c03458c2\">\n#top .av-special-heading.av-l2xlsdst-3482b2ab2bc982641ffcb964c03458c2{\npadding-bottom:0;\ncolor:#ffffff;\nfont-size:60px;\n}\nbody .av-special-heading.av-l2xlsdst-3482b2ab2bc982641ffcb964c03458c2 .av-special-heading-tag .heading-char{\nfont-size:25px;\n}\n#top #wrap_all .av-special-heading.av-l2xlsdst-3482b2ab2bc982641ffcb964c03458c2 .av-special-heading-tag{\nfont-size:60px;\n}\n.av-special-heading.av-l2xlsdst-3482b2ab2bc982641ffcb964c03458c2 .special-heading-inner-border{\nborder-color:#ffffff;\n}\n.av-special-heading.av-l2xlsdst-3482b2ab2bc982641ffcb964c03458c2 .av-subheading{\nfont-size:18px;\n}\n\n@media only screen and (min-width: 480px) and (max-width: 767px){ \n#top #wrap_all .av-special-heading.av-l2xlsdst-3482b2ab2bc982641ffcb964c03458c2 .av-special-heading-tag{\nfont-size:0.8em;\n}\n}\n\n@media only screen and (max-width: 479px){ \n#top #wrap_all .av-special-heading.av-l2xlsdst-3482b2ab2bc982641ffcb964c03458c2 .av-special-heading-tag{\nfont-size:0.8em;\n}\n}\n<\/style>\n<div  class='av-special-heading av-l2xlsdst-3482b2ab2bc982641ffcb964c03458c2 av-special-heading-h1 custom-color-heading blockquote modern-quote  avia-builder-el-1  avia-builder-el-no-sibling  av-thin-font av-inherit-size'><h1 class='av-special-heading-tag'  itemprop=\"headline\"  >Wer <strong>wir sind.<\/strong><\/h1><div class='av_custom_color av-subheading av-subheading_below'><p>Erfinder. Gr\u00fcnder. Unternehmung.<\/p>\n<\/div><div class=\"special-heading-border\"><div class=\"special-heading-inner-border\"><\/div><\/div><\/div>\n\n<\/div><\/div><\/main><!-- close content main element --><\/div><\/div><div id='av_section_2'  class='avia-section av-jljb3-b7545b344e21a271c4253e2d4dda09c0 main_color avia-section-default avia-no-border-styling  avia-builder-el-2  el_after_av_section  el_before_av_section  avia-bg-style-scroll container_wrap sidebar_right'  ><div class='container av-section-cont-open' ><div class='template-page content  av-content-small alpha units'><div class='post-entry post-entry-type-page post-entry-1395'><div class='entry-content-wrapper clearfix'>\n\n<style type=\"text\/css\" data-created_by=\"avia_inline_auto\" id=\"style-css-av-hftgv-6f6aab6c268140707042973cb92bf6c1\">\n#top .av-special-heading.av-hftgv-6f6aab6c268140707042973cb92bf6c1{\npadding-bottom:10px;\ncolor:#ff421c;\n}\nbody .av-special-heading.av-hftgv-6f6aab6c268140707042973cb92bf6c1 .av-special-heading-tag .heading-char{\nfont-size:25px;\n}\n.av-special-heading.av-hftgv-6f6aab6c268140707042973cb92bf6c1 .special-heading-inner-border{\nborder-color:#ff421c;\n}\n.av-special-heading.av-hftgv-6f6aab6c268140707042973cb92bf6c1 .av-subheading{\nfont-size:22px;\n}\n<\/style>\n<div  class='av-special-heading av-hftgv-6f6aab6c268140707042973cb92bf6c1 av-special-heading-h1 custom-color-heading blockquote modern-quote  avia-builder-el-3  el_before_av_textblock  avia-builder-el-first  av-thin-font'><h1 class='av-special-heading-tag'  itemprop=\"headline\"  >Die Geschichte <strong>von BecksCocoa.<\/strong><\/h1><div class=\"special-heading-border\"><div class=\"special-heading-inner-border\"><\/div><\/div><\/div>\n\n<style type=\"text\/css\" data-created_by=\"avia_inline_auto\" id=\"style-css-av-78ksf-0c73e32d81ae900ce6f41a181ace671e\">\n#top .av_textblock_section.av-78ksf-0c73e32d81ae900ce6f41a181ace671e .avia_textblock{\nfont-size:15px;\n}\n<\/style>\n<section  class='av_textblock_section av-78ksf-0c73e32d81ae900ce6f41a181ace671e '   itemscope=\"itemscope\" itemtype=\"https:\/\/schema.org\/CreativeWork\" ><div class='avia_textblock'  itemprop=\"text\" ><h3><span class=\"text-o-color-1\"><span class=\"text-black\"><b>\u201eMir war alles andere nicht gut genug.\u201c<\/b>\u00a0<\/span><\/span><span style=\"color: #763240;\"><span class=\"text-black\">\u00a0<\/span><\/span><\/h3>\n<p><span style=\"color: #763240;\"><span class=\"text-black\">Vor fast 20 Jahren war dieser Satz Ausgangspunkt und Motivation zugleich f\u00fcr die Gr\u00fcndung von BecksCocoa. Die besten Dinge entstehen, wenn anspruchsvolle Menschen etwas f\u00fcr sich selbst kreieren und mit Leidenschaft bei der Arbeit sind. In seiner heimischen K\u00fcche im Westend experimentierte Michael Beck mit Aromen, Kakaointensit\u00e4ten oder -lagen. So entstanden individuelle und manchmal extravagante Kakaospezialit\u00e4ten, die die Passion ihres Erfinders mit jedem Schluck und jedem Bissen erahnen lassen.<\/span><\/span><\/p>\n<\/div><\/section>\n<div  class='flex_column av-ct2dr-ee6ec0e0e7891b18b959ccae473a40bd av_one_half  avia-builder-el-5  el_after_av_textblock  el_before_av_one_half  first flex_column_div  column-top-margin'     ><style type=\"text\/css\" data-created_by=\"avia_inline_auto\" id=\"style-css-av-l34bb1ix-d52cf7e993be3addb0d9c7a78d4db21e\">\n#top .av_textblock_section.av-l34bb1ix-d52cf7e993be3addb0d9c7a78d4db21e .avia_textblock{\nfont-size:15px;\n}\n<\/style>\n<section  class='av_textblock_section av-l34bb1ix-d52cf7e993be3addb0d9c7a78d4db21e '   itemscope=\"itemscope\" itemtype=\"https:\/\/schema.org\/CreativeWork\" ><div class='avia_textblock'  itemprop=\"text\" ><p>Kakao ist fu\u0308r uns ein absolut urspru\u0308nglicher und ehrlicher Begriff, der W\u00e4rme und Geborgenheit ausstrahlt. Deshalb ist das \u201eCocoa\u201c auch fester Bestandteil des Markennnamens. Mit Kakao verbinden wir das Ganze \u2013 die Pflanze, die Fr\u00fcchte und die Samen. Alles zusammen ist die Grundlage f\u00fcr BecksCocoa.<\/p>\n<\/div><\/section><\/div><div  class='flex_column av-ax5xr-b9d2a32035f031db35d84a3f5010b5fb av_one_half  avia-builder-el-7  el_after_av_one_half  avia-builder-el-last  flex_column_div  column-top-margin'     ><style type=\"text\/css\" data-created_by=\"avia_inline_auto\" id=\"style-css-av-l34bbab9-ed62d270d155256654fa4ea1083ebf9b\">\n#top .av_textblock_section.av-l34bbab9-ed62d270d155256654fa4ea1083ebf9b .avia_textblock{\nfont-size:15px;\n}\n<\/style>\n<section  class='av_textblock_section av-l34bbab9-ed62d270d155256654fa4ea1083ebf9b '   itemscope=\"itemscope\" itemtype=\"https:\/\/schema.org\/CreativeWork\" ><div class='avia_textblock'  itemprop=\"text\" ><p>Bei aller Begeisterungsf\u00e4higkeit f\u00fcr neue Geschmacksmischungen: Dass der Kakao die Hauptrolle in jedem Sachet und jeder Dose spielt ist unbestritten. Die Gew\u00fcrzkombinationen in den BecksCocoa Kakaos setzten wir mit Zur\u00fcckhaltung ein, gerade so, dass der individuelle Charakter einer Kakaomischung unterstrichen &#8211; nicht aber \u00fcberdeckt wird. Denn: das Wichtigste am Kakao ist der Kakao selbst! Genuss pur \u2013 Kakao macht einfach gl\u00fccklich!<\/p>\n<\/div><\/section><\/div>\n\n<\/div><\/div><\/div><!-- close content main div --><\/div><\/div><div id='av_section_3'  class='avia-section av-nqy5z-50e4a635516b2a222ddba7e8ab589bea main_color avia-section-default avia-no-border-styling  avia-builder-el-9  el_after_av_section  el_before_av_section  avia-bg-style-scroll container_wrap sidebar_right'  ><div class='container av-section-cont-open' ><div class='template-page content  av-content-small alpha units'><div class='post-entry post-entry-type-page post-entry-1395'><div class='entry-content-wrapper clearfix'>\n\n<style type=\"text\/css\" data-created_by=\"avia_inline_auto\" id=\"style-css-av-l34bembt-d2e1611977bbd5fe0de595e5d1da8792\">\n#top .av-special-heading.av-l34bembt-d2e1611977bbd5fe0de595e5d1da8792{\npadding-bottom:10px;\ncolor:#ff421c;\n}\nbody .av-special-heading.av-l34bembt-d2e1611977bbd5fe0de595e5d1da8792 .av-special-heading-tag .heading-char{\nfont-size:25px;\n}\n.av-special-heading.av-l34bembt-d2e1611977bbd5fe0de595e5d1da8792 .special-heading-inner-border{\nborder-color:#ff421c;\n}\n.av-special-heading.av-l34bembt-d2e1611977bbd5fe0de595e5d1da8792 .av-subheading{\nfont-size:22px;\n}\n<\/style>\n<div  class='av-special-heading av-l34bembt-d2e1611977bbd5fe0de595e5d1da8792 av-special-heading-h1 custom-color-heading blockquote modern-quote  avia-builder-el-10  el_before_av_textblock  avia-builder-el-first  av-thin-font'><h1 class='av-special-heading-tag'  itemprop=\"headline\"  >Wof\u00fcr wir stehen <span class='special_amp'>&amp;<\/span> <strong>was uns auszeichnet.<\/strong><\/h1><div class=\"special-heading-border\"><div class=\"special-heading-inner-border\"><\/div><\/div><\/div>\n\n<style type=\"text\/css\" data-created_by=\"avia_inline_auto\" id=\"style-css-av-l34bevrv-67a3b868a87d65eeddf6a97e18774777\">\n#top .av_textblock_section.av-l34bevrv-67a3b868a87d65eeddf6a97e18774777 .avia_textblock{\nfont-size:15px;\n}\n<\/style>\n<section  class='av_textblock_section av-l34bevrv-67a3b868a87d65eeddf6a97e18774777 '   itemscope=\"itemscope\" itemtype=\"https:\/\/schema.org\/CreativeWork\" ><div class='avia_textblock'  itemprop=\"text\" ><p>Die Leidenschaft f\u00fcr Kakao ist ungebrochen bei BecksCocoa. Seit der Gr\u00fcndung 1998 hat sich einiges getan. Mit seinen extravaganten Edelkakaos hat sich BecksCocoa l\u00e4ngst einen Namen in der deutschen und internationalen Schokoladenszene gemacht. Mit aufgefrischtem Sortiment, einer neuen Unternehmensstruktur und der nach wie vor grenzenlosen Begeisterung f\u00fcr die dunkle Bohne und nachhaltigen Anbau.<\/p>\n<\/div><\/section>\n\n<\/div><\/div><\/div><!-- close content main div --><\/div><\/div><div id='av_section_4'  class='avia-section av-9699z-162eecbc2a9c4334bc60e348ab54dc58 main_color avia-section-default avia-no-border-styling  avia-builder-el-12  el_after_av_section  el_before_av_one_third  avia-bg-style-scroll container_wrap sidebar_right'  ><div class='container av-section-cont-open' ><div class='template-page content  av-content-small alpha units'><div class='post-entry post-entry-type-page post-entry-1395'><div class='entry-content-wrapper clearfix'>\n\n<style type=\"text\/css\" data-created_by=\"avia_inline_auto\" id=\"style-css-av-l34bg4ip-15069eee41f8a702d2797964ff271798\">\n#top .av-special-heading.av-l34bg4ip-15069eee41f8a702d2797964ff271798{\npadding-bottom:10px;\ncolor:#ff421c;\n}\nbody .av-special-heading.av-l34bg4ip-15069eee41f8a702d2797964ff271798 .av-special-heading-tag .heading-char{\nfont-size:25px;\n}\n.av-special-heading.av-l34bg4ip-15069eee41f8a702d2797964ff271798 .special-heading-inner-border{\nborder-color:#ff421c;\n}\n.av-special-heading.av-l34bg4ip-15069eee41f8a702d2797964ff271798 .av-subheading{\nfont-size:22px;\n}\n<\/style>\n<div  class='av-special-heading av-l34bg4ip-15069eee41f8a702d2797964ff271798 av-special-heading-h1 custom-color-heading blockquote modern-quote  avia-builder-el-13  avia-builder-el-no-sibling  av-thin-font'><h1 class='av-special-heading-tag'  itemprop=\"headline\"  >Appetit auf noch <strong> mehr BecksCocoa?<\/strong><\/h1><div class='av_custom_color av-subheading av-subheading_below'><p>Sehr gerne! Wir verraten euch, was wir mit BecksCocoa Kakao verbinden.<\/p>\n<\/div><div class=\"special-heading-border\"><div class=\"special-heading-inner-border\"><\/div><\/div><\/div>\n<\/div><\/div><\/div><!-- close content main div --><\/div><\/div><div id='after_section_4'  class='main_color av_default_container_wrap container_wrap sidebar_right'  ><div class='container av-section-cont-open' ><div class='template-page content  av-content-small alpha units'><div class='post-entry post-entry-type-page post-entry-1395'><div class='entry-content-wrapper clearfix'>\n<div  class='flex_column av-ioriv-6678d04d84d2eaa1c04df55b6f957bae av_one_third  avia-builder-el-14  el_after_av_section  el_before_av_one_third  avia-builder-el-first  first flex_column_div  '     ><style type=\"text\/css\" data-created_by=\"avia_inline_auto\" id=\"style-css-av-l34bk5jq-bf323ff25d739ec632266c699f4eb36c\">\n.avia-image-container.av-l34bk5jq-bf323ff25d739ec632266c699f4eb36c img.avia_image{\nbox-shadow:none;\n}\n.avia-image-container.av-l34bk5jq-bf323ff25d739ec632266c699f4eb36c .av-caption-image-overlay-bg{\nopacity:0.4;\nbackground-color:#000000;\n}\n.avia-image-container.av-l34bk5jq-bf323ff25d739ec632266c699f4eb36c .av-image-caption-overlay-center{\ncolor:#ffffff;\n}\n<\/style>\n<div  class='avia-image-container av-l34bk5jq-bf323ff25d739ec632266c699f4eb36c av-styling- av-hover-grow av-hide-overflow avia_animated_image av-animated-when-visible-95 fade-in avia-align-center  avia-builder-el-15  avia-builder-el-no-sibling  noHover av-overlay-on-hover'   itemprop=\"image\" itemscope=\"itemscope\" itemtype=\"https:\/\/schema.org\/ImageObject\" ><div class=\"avia-image-container-inner\"><div class=\"avia-image-overlay-wrap\"><a href=\"https:\/\/beckscocoa.com.staging-srv.net\/unternehmen\/\" class='avia_image'  aria-label='ir_attachment_772 (1)'><div class=\"av-image-caption-overlay\"><div class=\"av-caption-image-overlay-bg\"><\/div><div class=\"av-image-caption-overlay-position\"><div class=\"av-image-caption-overlay-center\"><p>Unsere Philosophie<\/p>\n<\/div><\/div><\/div><img decoding=\"async\" fetchpriority=\"high\" class='wp-image-1254 avia-img-lazy-loading-not-1254 avia_image ' src=\"https:\/\/beckscocoa.com.staging-srv.net\/wp-content\/uploads\/ir_attachment_772-1-300x116.jpg\" alt='' title='ir_attachment_772 (1)'  height=\"116\" width=\"300\"  itemprop=\"thumbnailUrl\" srcset=\"https:\/\/beckscocoa.com.staging-srv.net\/wp-content\/uploads\/ir_attachment_772-1-300x116.jpg 300w, https:\/\/beckscocoa.com.staging-srv.net\/wp-content\/uploads\/ir_attachment_772-1.jpg 690w\" sizes=\"(max-width: 300px) 100vw, 300px\" \/><\/a><\/div><\/div><\/div><\/div>\n<div  class='flex_column av-av_one_third-d06667205e6186ec8414c6eb7605d406 av_one_third  avia-builder-el-16  el_after_av_one_third  el_before_av_one_third  flex_column_div  '     ><style type=\"text\/css\" data-created_by=\"avia_inline_auto\" id=\"style-css-av-l4y0bdn1-b6ca3a472c5215d2f4dbafd080ce2320\">\n.avia-image-container.av-l4y0bdn1-b6ca3a472c5215d2f4dbafd080ce2320 img.avia_image{\nbox-shadow:none;\n}\n.avia-image-container.av-l4y0bdn1-b6ca3a472c5215d2f4dbafd080ce2320 .av-caption-image-overlay-bg{\nopacity:0.4;\nbackground-color:#000000;\n}\n.avia-image-container.av-l4y0bdn1-b6ca3a472c5215d2f4dbafd080ce2320 .av-image-caption-overlay-center{\ncolor:#ffffff;\n}\n<\/style>\n<div  class='avia-image-container av-l4y0bdn1-b6ca3a472c5215d2f4dbafd080ce2320 av-styling- av-hover-grow av-hide-overflow avia_animated_image av-animated-when-visible-95 fade-in avia-align-center  avia-builder-el-17  avia-builder-el-no-sibling  noHover av-overlay-on-hover'   itemprop=\"image\" itemscope=\"itemscope\" itemtype=\"https:\/\/schema.org\/ImageObject\" ><div class=\"avia-image-container-inner\"><div class=\"avia-image-overlay-wrap\"><a href=\"https:\/\/beckscocoa.com.staging-srv.net\/unternehmen\/zertifikate\/\" class='avia_image'  aria-label='header-kakao_2'><div class=\"av-image-caption-overlay\"><div class=\"av-caption-image-overlay-bg\"><\/div><div class=\"av-image-caption-overlay-position\"><div class=\"av-image-caption-overlay-center\"><p>Zertifizierter Genuss<\/p>\n<\/div><\/div><\/div><img decoding=\"async\" fetchpriority=\"high\" class='wp-image-3805 avia-img-lazy-loading-not-3805 avia_image ' src=\"https:\/\/beckscocoa.com.staging-srv.net\/wp-content\/uploads\/header-kakao_2-300x116.jpg\" alt='' title='header-kakao_2'  height=\"116\" width=\"300\"  itemprop=\"thumbnailUrl\" srcset=\"https:\/\/beckscocoa.com.staging-srv.net\/wp-content\/uploads\/header-kakao_2-300x116.jpg 300w, https:\/\/beckscocoa.com.staging-srv.net\/wp-content\/uploads\/header-kakao_2-1030x398.jpg 1030w, https:\/\/beckscocoa.com.staging-srv.net\/wp-content\/uploads\/header-kakao_2-768x296.jpg 768w, https:\/\/beckscocoa.com.staging-srv.net\/wp-content\/uploads\/header-kakao_2-705x272.jpg 705w, https:\/\/beckscocoa.com.staging-srv.net\/wp-content\/uploads\/header-kakao_2.jpg 1140w\" sizes=\"(max-width: 300px) 100vw, 300px\" \/><\/a><\/div><\/div><\/div><\/div>\n<div  class='flex_column av-b4kwv-a50ae33aed648d18df30858776d86b87 av_one_third  avia-builder-el-18  el_after_av_one_third  avia-builder-el-last  flex_column_div  '     ><style type=\"text\/css\" data-created_by=\"avia_inline_auto\" id=\"style-css-av-l34bm7dq-db4cc5eb081fbad6f7b1d73b3a785e6d\">\n.avia-image-container.av-l34bm7dq-db4cc5eb081fbad6f7b1d73b3a785e6d img.avia_image{\nbox-shadow:none;\n}\n.avia-image-container.av-l34bm7dq-db4cc5eb081fbad6f7b1d73b3a785e6d .av-caption-image-overlay-bg{\nopacity:0.4;\nbackground-color:#000000;\n}\n.avia-image-container.av-l34bm7dq-db4cc5eb081fbad6f7b1d73b3a785e6d .av-image-caption-overlay-center{\ncolor:#ffffff;\n}\n<\/style>\n<div  class='avia-image-container av-l34bm7dq-db4cc5eb081fbad6f7b1d73b3a785e6d av-styling- av-hover-grow av-hide-overflow avia_animated_image av-animated-when-visible-95 fade-in avia-align-center  avia-builder-el-19  avia-builder-el-no-sibling  noHover av-overlay-on-hover'   itemprop=\"image\" itemscope=\"itemscope\" itemtype=\"https:\/\/schema.org\/ImageObject\" ><div class=\"avia-image-container-inner\"><div class=\"avia-image-overlay-wrap\"><a href=\"https:\/\/beckscocoa.com.staging-srv.net\/unternehmen\/zertifikate\/\" class='avia_image'  aria-label='ir_attachment_1155 (1)'><div class=\"av-image-caption-overlay\"><div class=\"av-caption-image-overlay-bg\"><\/div><div class=\"av-image-caption-overlay-position\"><div class=\"av-image-caption-overlay-center\"><p>Zertifizierter Genuss<\/p>\n<\/div><\/div><\/div><img decoding=\"async\" fetchpriority=\"high\" class='wp-image-1260 avia-img-lazy-loading-not-1260 avia_image ' src=\"https:\/\/beckscocoa.com.staging-srv.net\/wp-content\/uploads\/ir_attachment_1155-1-300x116.jpg\" alt='' title='ir_attachment_1155 (1)'  height=\"116\" width=\"300\"  itemprop=\"thumbnailUrl\" srcset=\"https:\/\/beckscocoa.com.staging-srv.net\/wp-content\/uploads\/ir_attachment_1155-1-300x116.jpg 300w, https:\/\/beckscocoa.com.staging-srv.net\/wp-content\/uploads\/ir_attachment_1155-1.jpg 690w\" sizes=\"(max-width: 300px) 100vw, 300px\" \/><\/a><\/div><\/div><\/div><\/div>","protected":false},"excerpt":{"rendered":"","protected":false},"author":2,"featured_media":0,"parent":1378,"menu_order":5,"comment_status":"closed","ping_status":"closed","template":"","meta":{"footnotes":""},"class_list":["post-1395","page","type-page","status-publish","hentry"],"_links":{"self":[{"href":"https:\/\/beckscocoa.com.staging-srv.net\/en\/wp-json\/wp\/v2\/pages\/1395","targetHints":{"allow":["GET"]}}],"collection":[{"href":"https:\/\/beckscocoa.com.staging-srv.net\/en\/wp-json\/wp\/v2\/pages"}],"about":[{"href":"https:\/\/beckscocoa.com.staging-srv.net\/en\/wp-json\/wp\/v2\/types\/page"}],"author":[{"embeddable":true,"href":"https:\/\/beckscocoa.com.staging-srv.net\/en\/wp-json\/wp\/v2\/users\/2"}],"replies":[{"embeddable":true,"href":"https:\/\/beckscocoa.com.staging-srv.net\/en\/wp-json\/wp\/v2\/comments?post=1395"}],"version-history":[{"count":5,"href":"https:\/\/beckscocoa.com.staging-srv.net\/en\/wp-json\/wp\/v2\/pages\/1395\/revisions"}],"predecessor-version":[{"id":4842,"href":"https:\/\/beckscocoa.com.staging-srv.net\/en\/wp-json\/wp\/v2\/pages\/1395\/revisions\/4842"}],"up":[{"embeddable":true,"href":"https:\/\/beckscocoa.com.staging-srv.net\/en\/wp-json\/wp\/v2\/pages\/1378"}],"wp:attachment":[{"href":"https:\/\/beckscocoa.com.staging-srv.net\/en\/wp-json\/wp\/v2\/media?parent=1395"}],"curies":[{"name":"wp","href":"https:\/\/api.w.org\/{rel}","templated":true}]}}