{"id":1402,"date":"2022-05-08T13:35:22","date_gmt":"2022-05-08T11:35:22","guid":{"rendered":"https:\/\/beckscocoa.com.staging-srv.net\/?page_id=1402"},"modified":"2022-07-10T13:45:13","modified_gmt":"2022-07-10T11:45:13","slug":"sustainability","status":"publish","type":"page","link":"https:\/\/beckscocoa.com.staging-srv.net\/en\/company\/sustainability\/","title":{"rendered":"Sustainability"},"content":{"rendered":"\n<style type=\"text\/css\" data-created_by=\"avia_inline_auto\" id=\"style-css-av-2w8po-ed27d8ab0f9d14a9f6c16b1cb892df21\">\n.avia-section.av-2w8po-ed27d8ab0f9d14a9f6c16b1cb892df21 .av-parallax .av-parallax-inner{\nbackground-repeat:no-repeat;\nbackground-image:url(https:\/\/beckscocoa.com.staging-srv.net\/wp-content\/uploads\/Becks-Cocoa_Kakaofruechte2-1-1030x685.jpg);\nbackground-position:0% 0%;\nbackground-attachment:scroll;\n}\n<\/style>\n<div id='av_section_1'  class='avia-section av-2w8po-ed27d8ab0f9d14a9f6c16b1cb892df21 main_color avia-section-default avia-no-shadow  avia-builder-el-0  el_before_av_section  avia-builder-el-first  avia-full-stretch av-parallax-section avia-bg-style-parallax av-minimum-height av-minimum-height-custom av-height-custom  container_wrap sidebar_right'  data-section-bg-repeat='stretch' data-av_minimum_height_px='1000'><div class='av-parallax' data-avia-parallax-ratio='0.3' ><div class='av-parallax-inner main_color avia-full-stretch'><\/div><\/div><div class='container av-section-cont-open' style='height:1000px'><main  role=\"main\" itemprop=\"mainContentOfPage\"  class='template-page content  av-content-small alpha units'><div class='post-entry post-entry-type-page post-entry-1402'><div class='entry-content-wrapper clearfix'>\n\n<style type=\"text\/css\" data-created_by=\"avia_inline_auto\" id=\"style-css-av-l2xlss1b-3e6c7ede276eb645b72ffc5659dc3d62\">\n#top .av-special-heading.av-l2xlss1b-3e6c7ede276eb645b72ffc5659dc3d62{\npadding-bottom:0;\ncolor:#ffffff;\nfont-size:60px;\n}\nbody .av-special-heading.av-l2xlss1b-3e6c7ede276eb645b72ffc5659dc3d62 .av-special-heading-tag .heading-char{\nfont-size:25px;\n}\n#top #wrap_all .av-special-heading.av-l2xlss1b-3e6c7ede276eb645b72ffc5659dc3d62 .av-special-heading-tag{\nfont-size:60px;\n}\n.av-special-heading.av-l2xlss1b-3e6c7ede276eb645b72ffc5659dc3d62 .special-heading-inner-border{\nborder-color:#ffffff;\n}\n.av-special-heading.av-l2xlss1b-3e6c7ede276eb645b72ffc5659dc3d62 .av-subheading{\nfont-size:18px;\n}\n\n@media only screen and (min-width: 480px) and (max-width: 767px){ \n#top #wrap_all .av-special-heading.av-l2xlss1b-3e6c7ede276eb645b72ffc5659dc3d62 .av-special-heading-tag{\nfont-size:0.8em;\n}\n}\n\n@media only screen and (max-width: 479px){ \n#top #wrap_all .av-special-heading.av-l2xlss1b-3e6c7ede276eb645b72ffc5659dc3d62 .av-special-heading-tag{\nfont-size:0.8em;\n}\n}\n<\/style>\n<div  class='av-special-heading av-l2xlss1b-3e6c7ede276eb645b72ffc5659dc3d62 av-special-heading-h1 custom-color-heading blockquote modern-quote  avia-builder-el-1  avia-builder-el-no-sibling  av-thin-font av-inherit-size'><h1 class='av-special-heading-tag'  itemprop=\"headline\"  ><strong>Nachhaltigkeit<\/strong><\/h1><div class='av_custom_color av-subheading av-subheading_below'><p>Fantastische Kakaos wollen auch fantastisch verpackt werden.<\/p>\n<\/div><div class=\"special-heading-border\"><div class=\"special-heading-inner-border\"><\/div><\/div><\/div>\n\n<\/div><\/div><\/main><!-- close content main element --><\/div><\/div><div id='av_section_2'  class='avia-section av-igg5g-52d104cec8cc4e987dc34f23a738c551 main_color avia-section-default avia-no-border-styling  avia-builder-el-2  el_after_av_section  avia-builder-el-last  avia-bg-style-scroll container_wrap sidebar_right'  ><div class='container av-section-cont-open' ><div class='template-page content  av-content-small alpha units'><div class='post-entry post-entry-type-page post-entry-1402'><div class='entry-content-wrapper clearfix'>\n\n<style type=\"text\/css\" data-created_by=\"avia_inline_auto\" id=\"style-css-av-f18ys-74304de10c585a4e60eb8125976f28c7\">\n#top .av-special-heading.av-f18ys-74304de10c585a4e60eb8125976f28c7{\npadding-bottom:10px;\ncolor:#ff421c;\n}\nbody .av-special-heading.av-f18ys-74304de10c585a4e60eb8125976f28c7 .av-special-heading-tag .heading-char{\nfont-size:25px;\n}\n.av-special-heading.av-f18ys-74304de10c585a4e60eb8125976f28c7 .special-heading-inner-border{\nborder-color:#ff421c;\n}\n.av-special-heading.av-f18ys-74304de10c585a4e60eb8125976f28c7 .av-subheading{\nfont-size:22px;\n}\n<\/style>\n<div  class='av-special-heading av-f18ys-74304de10c585a4e60eb8125976f28c7 av-special-heading-h1 custom-color-heading blockquote modern-quote  avia-builder-el-3  el_before_av_textblock  avia-builder-el-first  av-thin-font'><h1 class='av-special-heading-tag'  itemprop=\"headline\"  ><strong>Deswegen gibt es unser gesamtes Kakaosortiment nun in nachhaltigen Blechdosen.<\/strong><\/h1><div class=\"special-heading-border\"><div class=\"special-heading-inner-border\"><\/div><\/div><\/div>\n\n<style type=\"text\/css\" data-created_by=\"avia_inline_auto\" id=\"style-css-av-ag62c-128b825cafe08c3ea896c8bf45101615\">\n#top .av_textblock_section.av-ag62c-128b825cafe08c3ea896c8bf45101615 .avia_textblock{\nfont-size:15px;\n}\n<\/style>\n<section  class='av_textblock_section av-ag62c-128b825cafe08c3ea896c8bf45101615 '   itemscope=\"itemscope\" itemtype=\"https:\/\/schema.org\/CreativeWork\" ><div class='avia_textblock'  itemprop=\"text\" ><p><span style=\"color: #000000;\">Warum wir das machen? Verpackungen sind ja nicht nur etwas f\u00fcrs Auge, sondern erf\u00fcllen gerade bei Lebensmitteln wichtige Aufgaben. Speziell Kakao sch\u00fctzen sie vor Ger\u00fcchen, Feuchtwerden, und auch vor dem Verlust detailreicher Aromenvielfalt. Sie helfen, unsere Produkte unbeschadet zu transportieren. F\u00fcr uns ist klar: Wir wollen nur das beste f\u00fcr unsere Kakaos, f\u00fcr alle Kakao-Liebhaber und f\u00fcr die Umwelt. Die neuen Blechdosen sind jetzt zu 100% recyclebar: Das Etikett ist aus Papier und abziehbar, so dass die Dosen einfach entsorgt oder auch upgecycled (doofes Wort, aber gute Tat), also wiederverwendet werden k\u00f6nnen. Kresse auf der Fensterbank ziehen, Orangenkerne s\u00e4en, Windlichter basteln? Immer sch\u00f6n, praktisch und immer wieder neu.<\/span><\/p>\n<p>Die beiden neuen Sorten\u00a0\u00a0<b>T.E. Lawrence<\/b>\u00a0und\u00a0<b>Sinnerman forte<\/b>\u00a0l\u00e4uten den Umstieg ein,\u00a0<b>As I went out walking<\/b>, unser Langzeitklassiker ist auch schon umgestellt und in der neuen Dose erh\u00e4ltlich. Nach und nach folgen die anderen Sorten.\u00a0 Denn f\u00fcr uns kommen nur die besten Kakaos in Frage &#8211; und ab sofort in die Dose.<\/p>\n<p><b>Auch in unserer Produktion legen wir Wert auf Nachhaltigkeit. Wir produzieren unsere Produkte mit 100 % \u00d6kostrom, zu einem Gro\u00dfteil aus eigenen Solaranlagen.<\/b><\/p>\n<\/div><\/section>\n<\/div><\/div><\/div><!-- close content main div --><\/div><\/div><div id='after_section_2'  class='main_color av_default_container_wrap container_wrap sidebar_right'  ><div class='container av-section-cont-open' ><div class='template-page content  av-content-small alpha units'><div class='post-entry post-entry-type-page post-entry-1402'><div class='entry-content-wrapper clearfix'>","protected":false},"excerpt":{"rendered":"","protected":false},"author":2,"featured_media":0,"parent":1378,"menu_order":7,"comment_status":"closed","ping_status":"closed","template":"","meta":{"footnotes":""},"class_list":["post-1402","page","type-page","status-publish","hentry"],"_links":{"self":[{"href":"https:\/\/beckscocoa.com.staging-srv.net\/en\/wp-json\/wp\/v2\/pages\/1402","targetHints":{"allow":["GET"]}}],"collection":[{"href":"https:\/\/beckscocoa.com.staging-srv.net\/en\/wp-json\/wp\/v2\/pages"}],"about":[{"href":"https:\/\/beckscocoa.com.staging-srv.net\/en\/wp-json\/wp\/v2\/types\/page"}],"author":[{"embeddable":true,"href":"https:\/\/beckscocoa.com.staging-srv.net\/en\/wp-json\/wp\/v2\/users\/2"}],"replies":[{"embeddable":true,"href":"https:\/\/beckscocoa.com.staging-srv.net\/en\/wp-json\/wp\/v2\/comments?post=1402"}],"version-history":[{"count":6,"href":"https:\/\/beckscocoa.com.staging-srv.net\/en\/wp-json\/wp\/v2\/pages\/1402\/revisions"}],"predecessor-version":[{"id":4844,"href":"https:\/\/beckscocoa.com.staging-srv.net\/en\/wp-json\/wp\/v2\/pages\/1402\/revisions\/4844"}],"up":[{"embeddable":true,"href":"https:\/\/beckscocoa.com.staging-srv.net\/en\/wp-json\/wp\/v2\/pages\/1378"}],"wp:attachment":[{"href":"https:\/\/beckscocoa.com.staging-srv.net\/en\/wp-json\/wp\/v2\/media?parent=1402"}],"curies":[{"name":"wp","href":"https:\/\/api.w.org\/{rel}","templated":true}]}}