{"id":1414,"date":"2022-05-08T13:35:44","date_gmt":"2022-05-08T11:35:44","guid":{"rendered":"https:\/\/beckscocoa.com.staging-srv.net\/?page_id=1414"},"modified":"2022-07-10T13:45:11","modified_gmt":"2022-07-10T11:45:11","slug":"certification","status":"publish","type":"page","link":"https:\/\/beckscocoa.com.staging-srv.net\/en\/company\/certification\/","title":{"rendered":"Certification"},"content":{"rendered":"\n<style type=\"text\/css\" data-created_by=\"avia_inline_auto\" id=\"style-css-av-pxqll-507fad763afb40903aeb60ae0e789873\">\n.avia-section.av-pxqll-507fad763afb40903aeb60ae0e789873 .av-parallax .av-parallax-inner{\nbackground-repeat:no-repeat;\nbackground-image:url(https:\/\/beckscocoa.com.staging-srv.net\/wp-content\/uploads\/Becks-Cocoa_Kakaofruechte2-1-1030x685.jpg);\nbackground-position:0% 0%;\nbackground-attachment:scroll;\n}\n<\/style>\n<div id='av_section_1'  class='avia-section av-pxqll-507fad763afb40903aeb60ae0e789873 main_color avia-section-default avia-no-shadow  avia-builder-el-0  el_before_av_section  avia-builder-el-first  avia-full-stretch av-parallax-section avia-bg-style-parallax av-minimum-height av-minimum-height-custom av-height-custom  container_wrap sidebar_right'  data-section-bg-repeat='stretch' data-av_minimum_height_px='1000'><div class='av-parallax' data-avia-parallax-ratio='0.3' ><div class='av-parallax-inner main_color avia-full-stretch'><\/div><\/div><div class='container av-section-cont-open' style='height:1000px'><main  role=\"main\" itemprop=\"mainContentOfPage\"  class='template-page content  av-content-small alpha units'><div class='post-entry post-entry-type-page post-entry-1414'><div class='entry-content-wrapper clearfix'>\n\n<style type=\"text\/css\" data-created_by=\"avia_inline_auto\" id=\"style-css-av-l2xlu7nv-065e3c2b25ef2d8542a122a857d681ae\">\n#top .av-special-heading.av-l2xlu7nv-065e3c2b25ef2d8542a122a857d681ae{\npadding-bottom:0;\ncolor:#ffffff;\nfont-size:60px;\n}\nbody .av-special-heading.av-l2xlu7nv-065e3c2b25ef2d8542a122a857d681ae .av-special-heading-tag .heading-char{\nfont-size:25px;\n}\n#top #wrap_all .av-special-heading.av-l2xlu7nv-065e3c2b25ef2d8542a122a857d681ae .av-special-heading-tag{\nfont-size:60px;\n}\n.av-special-heading.av-l2xlu7nv-065e3c2b25ef2d8542a122a857d681ae .special-heading-inner-border{\nborder-color:#ffffff;\n}\n.av-special-heading.av-l2xlu7nv-065e3c2b25ef2d8542a122a857d681ae .av-subheading{\nfont-size:18px;\n}\n\n@media only screen and (min-width: 480px) and (max-width: 767px){ \n#top #wrap_all .av-special-heading.av-l2xlu7nv-065e3c2b25ef2d8542a122a857d681ae .av-special-heading-tag{\nfont-size:0.8em;\n}\n}\n\n@media only screen and (max-width: 479px){ \n#top #wrap_all .av-special-heading.av-l2xlu7nv-065e3c2b25ef2d8542a122a857d681ae .av-special-heading-tag{\nfont-size:0.8em;\n}\n}\n<\/style>\n<div  class='av-special-heading av-l2xlu7nv-065e3c2b25ef2d8542a122a857d681ae av-special-heading-h1 custom-color-heading blockquote modern-quote  avia-builder-el-1  avia-builder-el-no-sibling  av-thin-font av-inherit-size'><h1 class='av-special-heading-tag'  itemprop=\"headline\"  ><strong>Zertifikate<\/strong><\/h1><div class=\"special-heading-border\"><div class=\"special-heading-inner-border\"><\/div><\/div><\/div>\n\n<\/div><\/div><\/main><!-- close content main element --><\/div><\/div><div id='av_section_2'  class='avia-section av-mxuc9-eaf649234504bf9929b968242446cbda main_color avia-section-default avia-no-border-styling  avia-builder-el-2  el_after_av_section  avia-builder-el-last  avia-bg-style-scroll container_wrap sidebar_right'  ><div class='container av-section-cont-open' ><div class='template-page content  av-content-small alpha units'><div class='post-entry post-entry-type-page post-entry-1414'><div class='entry-content-wrapper clearfix'>\n\n<style type=\"text\/css\" data-created_by=\"avia_inline_auto\" id=\"style-css-av-f2zgx-faa045e8f671e23f192c1d81665f8769\">\n#top .av-special-heading.av-f2zgx-faa045e8f671e23f192c1d81665f8769{\npadding-bottom:10px;\ncolor:#ff421c;\n}\nbody .av-special-heading.av-f2zgx-faa045e8f671e23f192c1d81665f8769 .av-special-heading-tag .heading-char{\nfont-size:25px;\n}\n.av-special-heading.av-f2zgx-faa045e8f671e23f192c1d81665f8769 .special-heading-inner-border{\nborder-color:#ff421c;\n}\n.av-special-heading.av-f2zgx-faa045e8f671e23f192c1d81665f8769 .av-subheading{\nfont-size:22px;\n}\n<\/style>\n<div  class='av-special-heading av-f2zgx-faa045e8f671e23f192c1d81665f8769 av-special-heading-h1 custom-color-heading blockquote modern-quote  avia-builder-el-3  el_before_av_textblock  avia-builder-el-first '><h1 class='av-special-heading-tag'  itemprop=\"headline\"  >Zertifizierter Genuss<\/h1><div class='av_custom_color av-subheading av-subheading_below'><p>Unsere wichtigsten Nachweise als Download.<\/p>\n<\/div><div class=\"special-heading-border\"><div class=\"special-heading-inner-border\"><\/div><\/div><\/div>\n\n<style type=\"text\/css\" data-created_by=\"avia_inline_auto\" id=\"style-css-av-ahci9-b25ab8f2de07702effcf13bbad344b48\">\n#top .av_textblock_section.av-ahci9-b25ab8f2de07702effcf13bbad344b48 .avia_textblock{\nfont-size:15px;\n}\n<\/style>\n<section  class='av_textblock_section av-ahci9-b25ab8f2de07702effcf13bbad344b48 '   itemscope=\"itemscope\" itemtype=\"https:\/\/schema.org\/CreativeWork\" ><div class='avia_textblock'  itemprop=\"text\" ><section class=\"s_text_image o_colored_level pt0 pb4 undefined o_cc o_cc2\" data-snippet=\"s_image_text\" data-name=\"AACustom Image - Text\">\n<div class=\"container-fluid\">\n<div class=\"row align-items-center\">\n<div class=\"o_colored_level pb0 col-lg-12 pt0\"><\/div>\n<\/div>\n<\/div>\n<\/section>\n<section id=\"Text\" class=\"s_text_block o_colored_level pt4 pb4 undefined o_cc o_cc2\" data-snippet=\"s_text_block\" data-name=\"Text\" data-anchor=\"true\">\n<div class=\"s_allow_columns container\">\n<p><b>Es ist uns ein Herzensanliegen, dass unsere Kakaobauern vom Ertrag ihrer Ernte auch leben k\u00f6nnen.<\/b>\u00a0 Wir legen gro\u00dfen Wert auf Rohstoffe in Bioqualit\u00e4t. Und wir m\u00f6chten, dass unsere Kunden BecksCocoa Produkte jederzeit mit einem guten und sicheren Gef\u00fchl genie\u00dfen k\u00f6nnen. Externe Zertifizierungsorganisationen \u00fcberpr\u00fcfen regelm\u00e4\u00dfig, dass wir diesen Standard auch gerecht werden. Die jeweils aktuellen Nachweise \u00fcber unsere Bio-, Fair-Trade- und IFS Food-Zertifizierung stehen euch als Download zur Verf\u00fcgung.<\/p>\n<\/div>\n<\/section>\n<\/div><\/section>\n<\/div><\/div><\/div><!-- close content main div --><\/div><\/div><div id='after_section_2'  class='main_color av_default_container_wrap container_wrap sidebar_right'  ><div class='container av-section-cont-open' ><div class='template-page content  av-content-small alpha units'><div class='post-entry post-entry-type-page post-entry-1414'><div class='entry-content-wrapper clearfix'>","protected":false},"excerpt":{"rendered":"","protected":false},"author":2,"featured_media":0,"parent":1378,"menu_order":8,"comment_status":"closed","ping_status":"closed","template":"","meta":{"footnotes":""},"class_list":["post-1414","page","type-page","status-publish","hentry"],"_links":{"self":[{"href":"https:\/\/beckscocoa.com.staging-srv.net\/en\/wp-json\/wp\/v2\/pages\/1414","targetHints":{"allow":["GET"]}}],"collection":[{"href":"https:\/\/beckscocoa.com.staging-srv.net\/en\/wp-json\/wp\/v2\/pages"}],"about":[{"href":"https:\/\/beckscocoa.com.staging-srv.net\/en\/wp-json\/wp\/v2\/types\/page"}],"author":[{"embeddable":true,"href":"https:\/\/beckscocoa.com.staging-srv.net\/en\/wp-json\/wp\/v2\/users\/2"}],"replies":[{"embeddable":true,"href":"https:\/\/beckscocoa.com.staging-srv.net\/en\/wp-json\/wp\/v2\/comments?post=1414"}],"version-history":[{"count":5,"href":"https:\/\/beckscocoa.com.staging-srv.net\/en\/wp-json\/wp\/v2\/pages\/1414\/revisions"}],"predecessor-version":[{"id":4845,"href":"https:\/\/beckscocoa.com.staging-srv.net\/en\/wp-json\/wp\/v2\/pages\/1414\/revisions\/4845"}],"up":[{"embeddable":true,"href":"https:\/\/beckscocoa.com.staging-srv.net\/en\/wp-json\/wp\/v2\/pages\/1378"}],"wp:attachment":[{"href":"https:\/\/beckscocoa.com.staging-srv.net\/en\/wp-json\/wp\/v2\/media?parent=1414"}],"curies":[{"name":"wp","href":"https:\/\/api.w.org\/{rel}","templated":true}]}}