{"id":1426,"date":"2022-05-08T14:12:27","date_gmt":"2022-05-08T12:12:27","guid":{"rendered":"https:\/\/beckscocoa.com.staging-srv.net\/?page_id=1426"},"modified":"2022-07-10T13:47:52","modified_gmt":"2022-07-10T11:47:52","slug":"press","status":"publish","type":"page","link":"https:\/\/beckscocoa.com.staging-srv.net\/en\/service\/press\/","title":{"rendered":"Press"},"content":{"rendered":"\n<style type=\"text\/css\" data-created_by=\"avia_inline_auto\" id=\"style-css-av-oj5nd-a2ad22bcd33c9035334b0b958a7a33fe\">\n.avia-section.av-oj5nd-a2ad22bcd33c9035334b0b958a7a33fe .av-parallax .av-parallax-inner{\nbackground-repeat:no-repeat;\nbackground-image:url(https:\/\/beckscocoa.com.staging-srv.net\/wp-content\/uploads\/Becks-Cocoa_Kakaofruechte2-1-1030x685.jpg);\nbackground-position:0% 0%;\nbackground-attachment:scroll;\n}\n<\/style>\n<div id='av_section_1'  class='avia-section av-oj5nd-a2ad22bcd33c9035334b0b958a7a33fe main_color avia-section-default avia-no-shadow  avia-builder-el-0  el_before_av_section  avia-builder-el-first  avia-full-stretch av-parallax-section avia-bg-style-parallax av-minimum-height av-minimum-height-custom av-height-custom  container_wrap sidebar_right'  data-section-bg-repeat='stretch' data-av_minimum_height_px='1000'><div class='av-parallax' data-avia-parallax-ratio='0.3' ><div class='av-parallax-inner main_color avia-full-stretch'><\/div><\/div><div class='container av-section-cont-open' style='height:1000px'><main  role=\"main\" itemprop=\"mainContentOfPage\"  class='template-page content  av-content-small alpha units'><div class='post-entry post-entry-type-page post-entry-1426'><div class='entry-content-wrapper clearfix'>\n\n<style type=\"text\/css\" data-created_by=\"avia_inline_auto\" id=\"style-css-av-l2xlftgv-3667297e0dcc06bb2ccce809857b83f3\">\n#top .av-special-heading.av-l2xlftgv-3667297e0dcc06bb2ccce809857b83f3{\npadding-bottom:0;\ncolor:#ffffff;\nfont-size:60px;\n}\nbody .av-special-heading.av-l2xlftgv-3667297e0dcc06bb2ccce809857b83f3 .av-special-heading-tag .heading-char{\nfont-size:25px;\n}\n#top #wrap_all .av-special-heading.av-l2xlftgv-3667297e0dcc06bb2ccce809857b83f3 .av-special-heading-tag{\nfont-size:60px;\n}\n.av-special-heading.av-l2xlftgv-3667297e0dcc06bb2ccce809857b83f3 .special-heading-inner-border{\nborder-color:#ffffff;\n}\n.av-special-heading.av-l2xlftgv-3667297e0dcc06bb2ccce809857b83f3 .av-subheading{\nfont-size:18px;\n}\n\n@media only screen and (min-width: 480px) and (max-width: 767px){ \n#top #wrap_all .av-special-heading.av-l2xlftgv-3667297e0dcc06bb2ccce809857b83f3 .av-special-heading-tag{\nfont-size:0.8em;\n}\n}\n\n@media only screen and (max-width: 479px){ \n#top #wrap_all .av-special-heading.av-l2xlftgv-3667297e0dcc06bb2ccce809857b83f3 .av-special-heading-tag{\nfont-size:0.8em;\n}\n}\n<\/style>\n<div  class='av-special-heading av-l2xlftgv-3667297e0dcc06bb2ccce809857b83f3 av-special-heading-h1 custom-color-heading blockquote modern-quote  avia-builder-el-1  avia-builder-el-no-sibling  av-thin-font av-inherit-size'><h1 class='av-special-heading-tag'  itemprop=\"headline\"  ><strong>Presse<\/strong><\/h1><div class=\"special-heading-border\"><div class=\"special-heading-inner-border\"><\/div><\/div><\/div>\n\n<\/div><\/div><\/main><!-- close content main element --><\/div><\/div><div id='av_section_2'  class='avia-section av-maadt-6f2a2e9e87d0bdc583cbb49d37632c5f main_color avia-section-default avia-no-border-styling  avia-builder-el-2  el_after_av_section  avia-builder-el-last  avia-bg-style-scroll container_wrap sidebar_right'  ><div class='container av-section-cont-open' ><div class='template-page content  av-content-small alpha units'><div class='post-entry post-entry-type-page post-entry-1426'><div class='entry-content-wrapper clearfix'>\n\n<style type=\"text\/css\" data-created_by=\"avia_inline_auto\" id=\"style-css-av-ehm7t-c9e75bd88836acb13b15064673f6600f\">\n#top .av-special-heading.av-ehm7t-c9e75bd88836acb13b15064673f6600f{\npadding-bottom:10px;\ncolor:#ff421c;\n}\nbody .av-special-heading.av-ehm7t-c9e75bd88836acb13b15064673f6600f .av-special-heading-tag .heading-char{\nfont-size:25px;\n}\n.av-special-heading.av-ehm7t-c9e75bd88836acb13b15064673f6600f .special-heading-inner-border{\nborder-color:#ff421c;\n}\n.av-special-heading.av-ehm7t-c9e75bd88836acb13b15064673f6600f .av-subheading{\nfont-size:22px;\n}\n<\/style>\n<div  class='av-special-heading av-ehm7t-c9e75bd88836acb13b15064673f6600f av-special-heading-h1 custom-color-heading blockquote modern-quote  avia-builder-el-3  el_before_av_textblock  avia-builder-el-first  av-thin-font'><h1 class='av-special-heading-tag'  itemprop=\"headline\"  ><strong>F\u00fcr Medien und Meinungsmacher<\/strong><\/h1><div class='av_custom_color av-subheading av-subheading_below'><p>Der Beckscocoa Pressekontakt<\/p>\n<\/div><div class=\"special-heading-border\"><div class=\"special-heading-inner-border\"><\/div><\/div><\/div>\n\n<style type=\"text\/css\" data-created_by=\"avia_inline_auto\" id=\"style-css-av-ali8h-cd98593712c68663b39d1452877073b4\">\n#top .av_textblock_section.av-ali8h-cd98593712c68663b39d1452877073b4 .avia_textblock{\nfont-size:15px;\n}\n<\/style>\n<section  class='av_textblock_section av-ali8h-cd98593712c68663b39d1452877073b4 '   itemscope=\"itemscope\" itemtype=\"https:\/\/schema.org\/CreativeWork\" ><div class='avia_textblock'  itemprop=\"text\" ><section class=\"s_text_block o_colored_level undefined o_cc o_cc2 pt4 pb4\" data-snippet=\"s_text_block\" data-name=\"Text\">\n<div class=\"container s_allow_columns\">\n<p><span style=\"color: #000000; font-size: 16px;\">Ihr arbeitet f\u00fcr Print, Online, Radio oder TV? Ihr betreibt einen eigenen (Food-)Blog? Ihr ben\u00f6tigt eine Einsch\u00e4tzung zur Kakaobranche? Einen Kakao-Connaisseur als Gespr\u00e4chspartner? Oder tolles Bildmaterial rund um die Kakaopflanze? Vielleicht habt ihr auch schlichtweg Fragen zu BecksCocoa? In allen diesen F\u00e4llen seid ihr an dieser Stelle genau richtig. Das BecksCocoa Presseb\u00fcro freut sich \u00fcber eure Nachricht und hilft euch gerne weiter.<\/span><\/p>\n<\/div>\n<\/section>\n<section class=\"s_text_block o_colored_level undefined o_cc o_cc2 pb4 pt4\" data-snippet=\"s_text_block\" data-name=\"Text\">\n<div class=\"s_allow_columns container\">\n<p>storykitchen. agentur f\u00fcr kulinarik &amp; lebensstil<br \/>\nBergstra\u00dfe 41<br \/>\n63875 Obernburg am Main<br \/>\nwww.agentur-storykitchen.de<br \/>\nKatja Rusch \/\/ katja@agentur-storykitchen.de \/\/ +49 176 10369264<br \/>\n<a href=\"https:\/\/www.agentur-storykitchen.de\/\" target=\"_blank\" rel=\"noopener\">www.agentur-storykitchen.de<\/a><br \/>\nKatja Rusch \/\/ katja@agentur-storykitchen.de \/\/ +49 176 10369264<\/p>\n<\/div>\n<\/section>\n<section class=\"s_text_block o_colored_level undefined o_cc o_cc2 pb4 pt4\" data-snippet=\"s_text_block\" data-name=\"Text\">\n<div class=\"s_allow_columns container\">\n<p>Ihr m\u00f6chtet regelm\u00e4\u00dfig \u00fcber Neuigkeiten von BecksCocoa informiert werden? Dann tragt euch in unseren Presseverteiler ein. Dazu einfach eine kurze Nachricht mit dem Betreff \u201eAufnahme Presseverteiler BecksCocoa\u201c an andrea@agentur-storykitchen.de senden.<\/p>\n<p><span style=\"color: #763240;\">Die BecksCocoa Pressemappe.<\/span> Unternehmensinformationen zum Download.25 Seiten \u2013 vollgepackt mit Wissenswertem zur dunklen Bohne und zu BecksCocoa: In unserer Pressemappe geben wir euch einen \u00dcberblick \u00fcber unser aktuelles Produktsortiment, verfolgen den Weg der Kakaobohne und erfreuen uns an Zubereitungstipps und Rezepten von Kakao-Connaisseur Michael Beck.<\/p>\n<blockquote>\n<p><a href=\"https:\/\/old.beckscocoa.com\/web\/binary\/saveas?filename_field=datas_fname&amp;field=datas&amp;model=ir.attachment&amp;id=1749\" target=\"_blank\" rel=\"noopener\">BecksCocoa Pressemappe Deutsch<\/a><\/p>\n<p><a href=\"https:\/\/old.beckscocoa.com\/web\/binary\/saveas?filename_field=datas_fname&amp;field=datas&amp;model=ir.attachment&amp;id=1749\" target=\"_blank\" rel=\"noopener\">BecksCocoa Pressemappe Englisch<\/a><\/p>\n<\/blockquote>\n<h4><span style=\"color: #763240; font-size: 18px; font-weight: 600;\">BecksCocoa in Bildern.<\/span><\/h4>\n<p>Individuelle Fotopackages.<\/p>\n<p>Ob Produktfotos oder Portr\u00e4taufnahmen: F\u00fcr eure individuelle Ver\u00f6ffentlichung stellen wir euch gerne passendes Bildmaterial zusammen. Sofern eure Berichterstattung in direktem Bezug zu BecksCocoa steht, k\u00f6nnt ihr unsere Fotos kostenfrei nutzen. Sendet eine E-Mail mit euren W\u00fcnschen an<\/p>\n<p>andrea@agentur-storykitchen.de<\/p>\n<h4><span style=\"color: #763240;\">BecksCocoa in Printmedien.<\/span><\/h4>\n<p>Hier finden Sie einige Referenzen aus den letzten Monaten.<\/p>\n<p><img loading=\"lazy\" decoding=\"async\" class=\"alignnone size-medium wp-image-2569\" src=\"https:\/\/beckscocoa.com.staging-srv.net\/wp-content\/uploads\/Essen-und-Trinken-2021-1-300x193.jpg\" alt=\"\" width=\"300\" height=\"193\" srcset=\"https:\/\/beckscocoa.com.staging-srv.net\/wp-content\/uploads\/Essen-und-Trinken-2021-1-300x193.jpg 300w, https:\/\/beckscocoa.com.staging-srv.net\/wp-content\/uploads\/Essen-und-Trinken-2021-1.jpg 690w\" sizes=\"auto, (max-width: 300px) 100vw, 300px\" \/> <img loading=\"lazy\" decoding=\"async\" class=\"alignnone size-medium wp-image-2573\" src=\"https:\/\/beckscocoa.com.staging-srv.net\/wp-content\/uploads\/foodscout-2021-300x217.jpg\" alt=\"\" width=\"300\" height=\"217\" srcset=\"https:\/\/beckscocoa.com.staging-srv.net\/wp-content\/uploads\/foodscout-2021-300x217.jpg 300w, https:\/\/beckscocoa.com.staging-srv.net\/wp-content\/uploads\/foodscout-2021.jpg 690w\" sizes=\"auto, (max-width: 300px) 100vw, 300px\" \/> <img loading=\"lazy\" decoding=\"async\" class=\"alignnone size-medium wp-image-2578\" src=\"https:\/\/beckscocoa.com.staging-srv.net\/wp-content\/uploads\/Brigitte-Mrz-2021-1-300x189.jpg\" alt=\"\" width=\"300\" height=\"189\" srcset=\"https:\/\/beckscocoa.com.staging-srv.net\/wp-content\/uploads\/Brigitte-Mrz-2021-1-300x189.jpg 300w, https:\/\/beckscocoa.com.staging-srv.net\/wp-content\/uploads\/Brigitte-Mrz-2021-1.jpg 690w\" sizes=\"auto, (max-width: 300px) 100vw, 300px\" \/><\/p>\n<\/div>\n<\/section>\n<\/div><\/section>\n<\/div><\/div><\/div><!-- close content main div --><\/div><\/div><div id='after_section_2'  class='main_color av_default_container_wrap container_wrap sidebar_right'  ><div class='container av-section-cont-open' ><div class='template-page content  av-content-small alpha units'><div class='post-entry post-entry-type-page post-entry-1426'><div class='entry-content-wrapper clearfix'>","protected":false},"excerpt":{"rendered":"","protected":false},"author":2,"featured_media":0,"parent":1418,"menu_order":1,"comment_status":"closed","ping_status":"closed","template":"","meta":{"footnotes":""},"class_list":["post-1426","page","type-page","status-publish","hentry"],"_links":{"self":[{"href":"https:\/\/beckscocoa.com.staging-srv.net\/en\/wp-json\/wp\/v2\/pages\/1426","targetHints":{"allow":["GET"]}}],"collection":[{"href":"https:\/\/beckscocoa.com.staging-srv.net\/en\/wp-json\/wp\/v2\/pages"}],"about":[{"href":"https:\/\/beckscocoa.com.staging-srv.net\/en\/wp-json\/wp\/v2\/types\/page"}],"author":[{"embeddable":true,"href":"https:\/\/beckscocoa.com.staging-srv.net\/en\/wp-json\/wp\/v2\/users\/2"}],"replies":[{"embeddable":true,"href":"https:\/\/beckscocoa.com.staging-srv.net\/en\/wp-json\/wp\/v2\/comments?post=1426"}],"version-history":[{"count":5,"href":"https:\/\/beckscocoa.com.staging-srv.net\/en\/wp-json\/wp\/v2\/pages\/1426\/revisions"}],"predecessor-version":[{"id":4872,"href":"https:\/\/beckscocoa.com.staging-srv.net\/en\/wp-json\/wp\/v2\/pages\/1426\/revisions\/4872"}],"up":[{"embeddable":true,"href":"https:\/\/beckscocoa.com.staging-srv.net\/en\/wp-json\/wp\/v2\/pages\/1418"}],"wp:attachment":[{"href":"https:\/\/beckscocoa.com.staging-srv.net\/en\/wp-json\/wp\/v2\/media?parent=1426"}],"curies":[{"name":"wp","href":"https:\/\/api.w.org\/{rel}","templated":true}]}}