{"id":1440,"date":"2022-05-08T14:11:30","date_gmt":"2022-05-08T12:11:30","guid":{"rendered":"https:\/\/beckscocoa.com.staging-srv.net\/?page_id=1440"},"modified":"2022-07-10T13:48:08","modified_gmt":"2022-07-10T11:48:08","slug":"reseller","status":"publish","type":"page","link":"https:\/\/beckscocoa.com.staging-srv.net\/en\/service\/reseller\/","title":{"rendered":"Reseller"},"content":{"rendered":"\n<style type=\"text\/css\" data-created_by=\"avia_inline_auto\" id=\"style-css-av-80zzg-7e12740650bb1c87fb36ce8ccd41eb56\">\n.avia-section.av-80zzg-7e12740650bb1c87fb36ce8ccd41eb56 .av-parallax .av-parallax-inner{\nbackground-repeat:no-repeat;\nbackground-image:url(https:\/\/beckscocoa.com.staging-srv.net\/wp-content\/uploads\/Becks-Cocoa_Kakaofruechte2-1-1030x685.jpg);\nbackground-position:0% 0%;\nbackground-attachment:scroll;\n}\n<\/style>\n<div id='av_section_1'  class='avia-section av-80zzg-7e12740650bb1c87fb36ce8ccd41eb56 main_color avia-section-default avia-no-shadow  avia-builder-el-0  el_before_av_section  avia-builder-el-first  avia-full-stretch av-parallax-section avia-bg-style-parallax av-minimum-height av-minimum-height-custom av-height-custom  container_wrap sidebar_right'  data-section-bg-repeat='stretch' data-av_minimum_height_px='1000'><div class='av-parallax' data-avia-parallax-ratio='0.3' ><div class='av-parallax-inner main_color avia-full-stretch'><\/div><\/div><div class='container av-section-cont-open' style='height:1000px'><main  role=\"main\" itemprop=\"mainContentOfPage\"  class='template-page content  av-content-small alpha units'><div class='post-entry post-entry-type-page post-entry-1440'><div class='entry-content-wrapper clearfix'>\n\n<style type=\"text\/css\" data-created_by=\"avia_inline_auto\" id=\"style-css-av-l2xl33rs-6ae0c87e31ee32c00200463a0bea6bfd\">\n#top .av-special-heading.av-l2xl33rs-6ae0c87e31ee32c00200463a0bea6bfd{\npadding-bottom:0;\ncolor:#ffffff;\nfont-size:60px;\n}\nbody .av-special-heading.av-l2xl33rs-6ae0c87e31ee32c00200463a0bea6bfd .av-special-heading-tag .heading-char{\nfont-size:25px;\n}\n#top #wrap_all .av-special-heading.av-l2xl33rs-6ae0c87e31ee32c00200463a0bea6bfd .av-special-heading-tag{\nfont-size:60px;\n}\n.av-special-heading.av-l2xl33rs-6ae0c87e31ee32c00200463a0bea6bfd .special-heading-inner-border{\nborder-color:#ffffff;\n}\n.av-special-heading.av-l2xl33rs-6ae0c87e31ee32c00200463a0bea6bfd .av-subheading{\nfont-size:18px;\n}\n\n@media only screen and (min-width: 480px) and (max-width: 767px){ \n#top #wrap_all .av-special-heading.av-l2xl33rs-6ae0c87e31ee32c00200463a0bea6bfd .av-special-heading-tag{\nfont-size:0.8em;\n}\n}\n\n@media only screen and (max-width: 479px){ \n#top #wrap_all .av-special-heading.av-l2xl33rs-6ae0c87e31ee32c00200463a0bea6bfd .av-special-heading-tag{\nfont-size:0.8em;\n}\n}\n<\/style>\n<div  class='av-special-heading av-l2xl33rs-6ae0c87e31ee32c00200463a0bea6bfd av-special-heading-h1 custom-color-heading blockquote modern-quote  avia-builder-el-1  avia-builder-el-no-sibling  av-thin-font av-inherit-size'><h1 class='av-special-heading-tag'  itemprop=\"headline\"  >Kontakt <strong>H\u00e4ndler<\/strong><\/h1><div class=\"special-heading-border\"><div class=\"special-heading-inner-border\"><\/div><\/div><\/div>\n\n<\/div><\/div><\/main><!-- close content main element --><\/div><\/div><div id='av_section_2'  class='avia-section av-41hw-7b9a23234714ad59c50765ea0edf1e51 main_color avia-section-default avia-no-border-styling  avia-builder-el-2  el_after_av_section  avia-builder-el-last  avia-bg-style-scroll container_wrap sidebar_right'  ><div class='container av-section-cont-open' ><div class='template-page content  av-content-small alpha units'><div class='post-entry post-entry-type-page post-entry-1440'><div class='entry-content-wrapper clearfix'>\n\n<style type=\"text\/css\" data-created_by=\"avia_inline_auto\" id=\"style-css-av-l50r1fvh-d310ef44e1a478c9722704e9420dc465\">\n#top .av-special-heading.av-l50r1fvh-d310ef44e1a478c9722704e9420dc465{\npadding-bottom:10px;\ncolor:#ff421c;\n}\nbody .av-special-heading.av-l50r1fvh-d310ef44e1a478c9722704e9420dc465 .av-special-heading-tag .heading-char{\nfont-size:25px;\n}\n.av-special-heading.av-l50r1fvh-d310ef44e1a478c9722704e9420dc465 .special-heading-inner-border{\nborder-color:#ff421c;\n}\n.av-special-heading.av-l50r1fvh-d310ef44e1a478c9722704e9420dc465 .av-subheading{\nfont-size:22px;\n}\n<\/style>\n<div  class='av-special-heading av-l50r1fvh-d310ef44e1a478c9722704e9420dc465 av-special-heading-h1 custom-color-heading blockquote modern-quote  avia-builder-el-3  el_before_av_textblock  avia-builder-el-first  av-thin-font'><h1 class='av-special-heading-tag'  itemprop=\"headline\"  ><strong>An dieser Stelle sind alle richtig, die mit den Kakaospezialit\u00e4ten von BecksCocoa handeln (m\u00f6chten)<\/strong><\/h1><div class=\"special-heading-border\"><div class=\"special-heading-inner-border\"><\/div><\/div><\/div>\n\n<style type=\"text\/css\" data-created_by=\"avia_inline_auto\" id=\"style-css-av-l2xl6j6w-2dee9f876cafde2a94b312be7034190b\">\n#top .av_textblock_section.av-l2xl6j6w-2dee9f876cafde2a94b312be7034190b .avia_textblock{\nfont-size:15px;\n}\n<\/style>\n<section  class='av_textblock_section av-l2xl6j6w-2dee9f876cafde2a94b312be7034190b '   itemscope=\"itemscope\" itemtype=\"https:\/\/schema.org\/CreativeWork\" ><div class='avia_textblock'  itemprop=\"text\" ><h3 style=\"text-align: left;\">Ob Confiserie, Teeladen, S\u00fc\u00dfwarenfachgesch\u00e4ft oder Coffee-Shop, ob Feinkosth\u00e4ndler oder gro\u00dfe Kaufh\u00e4user und gut sortierte Superm\u00e4rkte mit Feinkostabteilung:<\/h3>\n<p style=\"text-align: left;\">Unser exklusiver deutscher Vertriebspartner ist die S\u00fc\u00dfwaren Albrecht Handelsagentur. Anfragen aus dem Ausland nimmt Pit S\u00fc\u00dfwaren b.zehetbauer@pit-suesswaren. de entgegen.<\/p>\n<p style=\"text-align: left;\">Eine \u00dcbersicht unseres aktuellen Sortiments findet ihr in unserem Produktkatalog.<\/p>\n<p><a href=\"https:\/\/beckscocoa.com.staging-srv.net\/wp-content\/uploads\/Beckscocoa_Gesamtkatalog-2022_V5_DE.pdf\">Beckscocoa_Gesamtkatalog Deutsch<\/a><\/p>\n<p><a href=\"https:\/\/beckscocoa.com.staging-srv.net\/wp-content\/uploads\/Beckscocoa_Catalogue-2022_en_V3.pdf\">Beckscocoa_Catalogue 2022_English<\/a><\/p>\n<h2 style=\"text-align: left;\"><\/h2>\n<div style=\"text-align: left;\">\n<div><\/div>\n<\/div>\n<div class=\"col-lg-6 text-center o_colored_level undefined pb0 o_cc o_cc2 pt0\">\n<div>\n<div>\n<div style=\"text-align: left;\"><\/div>\n<\/div>\n<\/div>\n<\/div>\n<\/div><\/section>\n\n<style type=\"text\/css\" data-created_by=\"avia_inline_auto\" id=\"style-css-av-l3wvmc12-10dbf3c97a402d9e6c3e251eadda77ba\">\n#top .av_textblock_section.av-l3wvmc12-10dbf3c97a402d9e6c3e251eadda77ba .avia_textblock{\nfont-size:15px;\n}\n<\/style>\n<section  class='av_textblock_section av-l3wvmc12-10dbf3c97a402d9e6c3e251eadda77ba '   itemscope=\"itemscope\" itemtype=\"https:\/\/schema.org\/CreativeWork\" ><div class='avia_textblock'  itemprop=\"text\" ><h2 style=\"text-align: left;\"><\/h2>\n<div style=\"text-align: left;\">\n<div>\n<h4 style=\"text-align: left;\"><span style=\"color: #000000;\"><b>Handelskontakt f\u00fcr Deutschland<\/b><\/span><\/h4>\n<div style=\"text-align: left;\">S\u00fc\u00dfwaren Albrecht e.K.<\/div>\n<div style=\"text-align: left;\">Daxa 13<\/div>\n<div style=\"text-align: left;\">83112 Frasdorf \/ Daxa<\/div>\n<div style=\"text-align: left;\">Germany<\/div>\n<div style=\"text-align: left;\">Email: <a class=\"ui builder_button tb_default_color\" href=\"mailto:info@best-sweets.de\"><span class=\"tf_inline_b tf_vmiddle\">info@best-sweets.de<\/span><\/a><\/div>\n<div>\n<div style=\"text-align: left;\">Phone: +49 8032 989660<\/div>\n<\/div>\n<\/div>\n<\/div>\n<div class=\"col-lg-6 text-center o_colored_level undefined pb0 o_cc o_cc2 pt0\">\n<h2 style=\"text-align: left;\"><\/h2>\n<div>\n<h4 class=\"page-title\" style=\"text-align: left;\"><span style=\"color: #000000;\"><b>Handelskontakt f\u00fcr Kunden aus dem Ausland<\/b><\/span><\/h4>\n<div style=\"text-align: left;\">Pit S\u00fc\u00dfwaren<\/div>\n<div style=\"text-align: left;\">Reichenberger Str. 36<\/div>\n<div style=\"text-align: left;\">83071 Stephanskirchen<\/div>\n<div style=\"text-align: left;\">Germany<\/div>\n<div style=\"text-align: left;\">Email: <a href=\"mailto:b.zehetbauer@pit-suesswaren.de\" target=\"_blank\" rel=\"noopener\">b.zehetbauer@pit-suesswaren.de<\/a><\/div>\n<div>\n<div style=\"text-align: left;\">Phone: +49 8036 30737-38<\/div>\n<\/div>\n<\/div>\n<\/div>\n<\/div><\/section>\n<\/div><\/div><\/div><!-- close content main div --><\/div><\/div><div id='after_section_2'  class='main_color av_default_container_wrap container_wrap sidebar_right'  ><div class='container av-section-cont-open' ><div class='template-page content  av-content-small alpha units'><div class='post-entry post-entry-type-page post-entry-1440'><div class='entry-content-wrapper clearfix'>","protected":false},"excerpt":{"rendered":"","protected":false},"author":2,"featured_media":0,"parent":1418,"menu_order":2,"comment_status":"closed","ping_status":"closed","template":"","meta":{"footnotes":""},"class_list":["post-1440","page","type-page","status-publish","hentry"],"_links":{"self":[{"href":"https:\/\/beckscocoa.com.staging-srv.net\/en\/wp-json\/wp\/v2\/pages\/1440","targetHints":{"allow":["GET"]}}],"collection":[{"href":"https:\/\/beckscocoa.com.staging-srv.net\/en\/wp-json\/wp\/v2\/pages"}],"about":[{"href":"https:\/\/beckscocoa.com.staging-srv.net\/en\/wp-json\/wp\/v2\/types\/page"}],"author":[{"embeddable":true,"href":"https:\/\/beckscocoa.com.staging-srv.net\/en\/wp-json\/wp\/v2\/users\/2"}],"replies":[{"embeddable":true,"href":"https:\/\/beckscocoa.com.staging-srv.net\/en\/wp-json\/wp\/v2\/comments?post=1440"}],"version-history":[{"count":6,"href":"https:\/\/beckscocoa.com.staging-srv.net\/en\/wp-json\/wp\/v2\/pages\/1440\/revisions"}],"predecessor-version":[{"id":4875,"href":"https:\/\/beckscocoa.com.staging-srv.net\/en\/wp-json\/wp\/v2\/pages\/1440\/revisions\/4875"}],"up":[{"embeddable":true,"href":"https:\/\/beckscocoa.com.staging-srv.net\/en\/wp-json\/wp\/v2\/pages\/1418"}],"wp:attachment":[{"href":"https:\/\/beckscocoa.com.staging-srv.net\/en\/wp-json\/wp\/v2\/media?parent=1440"}],"curies":[{"name":"wp","href":"https:\/\/api.w.org\/{rel}","templated":true}]}}