{"id":1449,"date":"2022-05-08T14:13:16","date_gmt":"2022-05-08T12:13:16","guid":{"rendered":"https:\/\/beckscocoa.com.staging-srv.net\/?page_id=1449"},"modified":"2022-07-10T13:48:28","modified_gmt":"2022-07-10T11:48:28","slug":"competition","status":"publish","type":"page","link":"https:\/\/beckscocoa.com.staging-srv.net\/en\/service\/competition\/","title":{"rendered":"Competition"},"content":{"rendered":"\n<style type=\"text\/css\" data-created_by=\"avia_inline_auto\" id=\"style-css-av-oy83c-6c511cd215134f32f72a3ff4daab7835\">\n.avia-section.av-oy83c-6c511cd215134f32f72a3ff4daab7835 .av-parallax .av-parallax-inner{\nbackground-repeat:no-repeat;\nbackground-image:url(https:\/\/beckscocoa.com.staging-srv.net\/wp-content\/uploads\/Becks-Cocoa_Kakaofruechte2-1-1030x685.jpg);\nbackground-position:0% 0%;\nbackground-attachment:scroll;\n}\n<\/style>\n<div id='av_section_1'  class='avia-section av-oy83c-6c511cd215134f32f72a3ff4daab7835 main_color avia-section-default avia-no-shadow  avia-builder-el-0  el_before_av_textblock  avia-builder-el-first  avia-full-stretch av-parallax-section avia-bg-style-parallax av-minimum-height av-minimum-height-custom av-height-custom  container_wrap sidebar_right'  data-section-bg-repeat='stretch' data-av_minimum_height_px='1000'><div class='av-parallax' data-avia-parallax-ratio='0.3' ><div class='av-parallax-inner main_color avia-full-stretch'><\/div><\/div><div class='container av-section-cont-open' style='height:1000px'><main  role=\"main\" itemprop=\"mainContentOfPage\"  class='template-page content  av-content-small alpha units'><div class='post-entry post-entry-type-page post-entry-1449'><div class='entry-content-wrapper clearfix'>\n\n<style type=\"text\/css\" data-created_by=\"avia_inline_auto\" id=\"style-css-av-l2xl8sh2-ad810979c44e07f117a78b76632c93c1\">\n#top .av-special-heading.av-l2xl8sh2-ad810979c44e07f117a78b76632c93c1{\npadding-bottom:0;\ncolor:#ffffff;\nfont-size:60px;\n}\nbody .av-special-heading.av-l2xl8sh2-ad810979c44e07f117a78b76632c93c1 .av-special-heading-tag .heading-char{\nfont-size:25px;\n}\n#top #wrap_all .av-special-heading.av-l2xl8sh2-ad810979c44e07f117a78b76632c93c1 .av-special-heading-tag{\nfont-size:60px;\n}\n.av-special-heading.av-l2xl8sh2-ad810979c44e07f117a78b76632c93c1 .special-heading-inner-border{\nborder-color:#ffffff;\n}\n.av-special-heading.av-l2xl8sh2-ad810979c44e07f117a78b76632c93c1 .av-subheading{\nfont-size:18px;\n}\n\n@media only screen and (min-width: 480px) and (max-width: 767px){ \n#top #wrap_all .av-special-heading.av-l2xl8sh2-ad810979c44e07f117a78b76632c93c1 .av-special-heading-tag{\nfont-size:0.8em;\n}\n}\n\n@media only screen and (max-width: 479px){ \n#top #wrap_all .av-special-heading.av-l2xl8sh2-ad810979c44e07f117a78b76632c93c1 .av-special-heading-tag{\nfont-size:0.8em;\n}\n}\n<\/style>\n<div  class='av-special-heading av-l2xl8sh2-ad810979c44e07f117a78b76632c93c1 av-special-heading-h1 custom-color-heading blockquote modern-quote  avia-builder-el-1  avia-builder-el-no-sibling  av-thin-font av-inherit-size'><h1 class='av-special-heading-tag'  itemprop=\"headline\"  ><strong>Datenschutzerkl\u00e4rung<\/strong><\/h1><div class=\"special-heading-border\"><div class=\"special-heading-inner-border\"><\/div><\/div><\/div>\n<\/div><\/div><\/main><!-- close content main element --><\/div><\/div><div id='after_section_1'  class='main_color av_default_container_wrap container_wrap sidebar_right'  ><div class='container av-section-cont-open' ><div class='template-page content  av-content-small alpha units'><div class='post-entry post-entry-type-page post-entry-1449'><div class='entry-content-wrapper clearfix'>\n\n<style type=\"text\/css\" data-created_by=\"avia_inline_auto\" id=\"style-css-av-l50rupzk-0cf69318dcb0aa0b174ef71fe6ec91d8\">\n#top .av_textblock_section.av-l50rupzk-0cf69318dcb0aa0b174ef71fe6ec91d8 .avia_textblock{\nfont-size:15px;\n}\n<\/style>\n<section  class='av_textblock_section av-l50rupzk-0cf69318dcb0aa0b174ef71fe6ec91d8 '   itemscope=\"itemscope\" itemtype=\"https:\/\/schema.org\/CreativeWork\" ><div class='avia_textblock'  itemprop=\"text\" ><p class=\"ce_text first block\">Der Schutz Ihrer personenbezogenen Daten ist uns ein wichtiges Anliegen. Wir haben technische und organisatorische Ma\u00dfnahmen getroffen, die sicherstellen, dass die Vorschriften \u00fcber den Datenschutz sowohl von uns als auch von externen Dienstleistern (Auftragsverarbeitern) beachtet werden. Unsere allgemeinen Datenschutzhinweise und die Besonderheiten beim Besuch unseres Internetauftritts finden Sie unter folgendem Link:<\/p>\n<p><a href=\"https:\/\/www.pit-suesswaren.de\/de\/datenschutzerklaerung.html\">Allgemeine Datenschutzerkl\u00e4rung<\/a><\/p>\n<h3><\/h3>\n<div class=\"ce_text last block\">\n<h3>UNSERE SOCIAL\u2013MEDIA\u2013AUFTRITTE<\/h3>\n<h4><strong>Datenverarbeitung durch soziale Netzwerke<\/strong><\/h4>\n<p>Wir unterhalten \u00f6ffentlich zug\u00e4ngliche Profile in sozialen Netzwerken. Die im Einzelnen von uns genutzten sozialen Netzwerke finden Sie weiter unten.<\/p>\n<p>Soziale Netzwerke wie Facebook, Google+ etc. k\u00f6nnen Ihr Nutzerverhalten in der Regel umfassend analysieren, wenn Sie deren Webseite oder eine Webseite mit integrierten Social-Media-Inhalten (z.B. Like-Buttons oder Werbebannern) besuchen. Durch den Besuch unserer Social-Media-Pr\u00e4senzen werden zahlreiche datenschutzrelevante Verarbeitungsvorg\u00e4nge ausgel\u00f6st. Im Einzelnen:<\/p>\n<p>Wenn Sie in Ihrem Social-Media-Account eingeloggt sind und unsere Social-Media-Pr\u00e4senz besuchen, kann der Betreiber des Social-Media-Portals diesen Besuch Ihrem Benutzerkonto zuordnen. Ihre personenbezogenen Daten k\u00f6nnen unter Umst\u00e4nden aber auch dann erfasst werden, wenn Sie nicht eingeloggt sind oder keinen Account beim jeweiligen Social-Media-Portal besitzen. Diese Datenerfassung erfolgt in diesem Fall beispielsweise \u00fcber Cookies, die auf Ihrem Endger\u00e4t gespeichert werden oder durch Erfassung Ihrer IP-Adresse.<\/p>\n<p>Mit Hilfe der so erfassten Daten k\u00f6nnen die Betreiber der Social-Media-Portale Nutzerprofile erstellen, in denen Ihre Pr\u00e4ferenzen und Interessen hinterlegt sind. Auf diese Weise kann Ihnen interessenbezogene Werbung in- und au\u00dferhalb der jeweiligen Social-Media-Pr\u00e4senz angezeigt werden. Sofern Sie \u00fcber einen Account beim jeweiligen sozialen Netzwerk verf\u00fcgen, kann die interessenbezogene Werbung auf allen Ger\u00e4ten angezeigt werden, auf denen Sie eingeloggt sind oder eingeloggt waren.<\/p>\n<p>Bitte beachten Sie au\u00dferdem, dass wir nicht alle Verarbeitungsprozesse auf den Social-Media-Portalen nachvollziehen k\u00f6nnen. Je nach Anbieter k\u00f6nnen daher ggf. weitere Verarbeitungsvorg\u00e4nge von den Betreibern der Social-Media-Portale durchgef\u00fchrt werden. Details hierzu entnehmen Sie den Nutzungsbedingungen und Datenschutzbestimmungen der jeweiligen Social-Media-Portale.<\/p>\n<h4><strong>Rechtsgrundlage<\/strong><\/h4>\n<p>Unsere Social-Media-Auftritte sollen eine m\u00f6glichst umfassende Pr\u00e4senz im Internet gew\u00e4hrleisten. Hierbei handelt es sich um ein berechtigtes Interesse im Sinne von Art. 6 Abs. 1 lit. f DSGVO. Die von den sozialen Netzwerken initiierten Analyseprozesse beruhen ggf. auf abweichenden Rechtsgrundlagen, die von den Betreibern der sozialen Netzwerke anzugeben sind (z.B. Einwilligung im Sinne des Art. 6 Abs. 1 lit. a DSGVO).<\/p>\n<h4><strong>Verantwortlicher und Geltendmachung von Rechten<\/strong><\/h4>\n<p>Wenn Sie einen unserer Social-Media-Auftritte (z.B. Facebook) besuchen, sind wir gemeinsam mit dem Betreiber der Social-Media-Plattform f\u00fcr die bei diesem Besuch ausgel\u00f6sten Datenverarbeitungsvorg\u00e4nge verantwortlich. Sie k\u00f6nnen Ihre Rechte (Auskunft, Berichtigung, L\u00f6schung, Einschr\u00e4nkung der Verarbeitung, Daten\u00fcbertragbarkeit und Beschwerde) grunds\u00e4tzlich sowohl gg\u00fc. uns als auch gg\u00fc. dem Betreiber des jeweiligen Social-Media-Portals (z.B. gg\u00fc. Facebook) geltend machen.<\/p>\n<p>Bitte beachten Sie, dass wir trotz der gemeinsamen Verantwortlichkeit mit den Social-Media-Portal-Betreibern nicht vollumf\u00e4nglich Einfluss auf die Datenverarbeitungsvorg\u00e4nge der Social-Media-Portale haben. Unsere M\u00f6glichkeiten richten sich ma\u00dfgeblich nach der Unternehmenspolitik des jeweiligen Anbieters.<\/p>\n<h4><strong>Speicherdauer<\/strong><\/h4>\n<p>Die unmittelbar von uns \u00fcber die Social-Media-Pr\u00e4senz erfassten Daten werden von unseren Systemen gel\u00f6scht, sobald der Zweck f\u00fcr ihre Speicherung entf\u00e4llt, Sie uns zur L\u00f6schung auffordern, Ihre Einwilligung zur Speicherung widerrufen oder der Zweck f\u00fcr die Datenspeicherung entf\u00e4llt. Gespeicherte Cookies verbleiben auf Ihrem Endger\u00e4t, bis Sie sie l\u00f6schen. Zwingende gesetzliche Bestimmungen \u2013 insb. Aufbewahrungsfristen \u2013 bleiben unber\u00fchrt.<\/p>\n<p>Auf die Speicherdauer Ihrer Daten, die von den Betreibern der sozialen Netzwerke zu eigenen Zwecken gespeichert werden, haben wir keinen Einfluss. F\u00fcr Einzelheiten dazu informieren Sie sich bitte direkt bei den Betreibern der sozialen Netzwerke (z.B. in deren Datenschutzerkl\u00e4rung, siehe unten).<\/p>\n<h3><strong>Soziale Netzwerke im Einzelnen<\/strong><\/h3>\n<h4><strong>Facebook<\/strong><\/h4>\n<p>Wir verf\u00fcgen \u00fcber ein Profil bei Facebook. Anbieter ist die Facebook Inc., 1 Hacker Way, Menlo Park, California 94025, USA. Facebook verf\u00fcgt \u00fcber eine Zertifizierung nach dem EU-US-Privacy-Shield.<\/p>\n<p><strong>Sie k\u00f6nnen Ihre Werbeeinstellungen selbstst\u00e4ndig in Ihrem Nutzer-Account anpassen. Klicken Sie hierzu auf folgenden Link und loggen Sie sich ein:<\/strong>\u00a0<a href=\"https:\/\/www.facebook.com\/settings?tab=ads\">https:\/\/www.facebook.com\/settings?tab=ads<\/a><\/p>\n<p>Details entnehmen Sie der Datenschutzerkl\u00e4rung von Facebook:\u00a0<a href=\"https:\/\/www.facebook.com\/about\/privacy\/\">https:\/\/www.facebook.com\/about\/privacy\/<\/a><\/p>\n<h4><strong>Google+<\/strong><\/h4>\n<p>Wir verf\u00fcgen \u00fcber ein Profil bei Google+. Anbieter ist die Google Inc., 1600 Amphitheatre Parkway Mountain View, CA 94043, USA. Google verf\u00fcgt \u00fcber eine Zertifizierung nach dem EU-US-Privacy-Shield:<\/p>\n<p><strong>Sie k\u00f6nnen Ihre Werbeeinstellungen selbstst\u00e4ndig in Ihrem Nutzer-Account anpassen. Klicken Sie hierzu auf folgenden Link und loggen Sie sich ein:<\/strong>\u00a0<a href=\"https:\/\/adssettings.google.com\/authenticated\">https:\/\/adssettings.google.com\/authenticated<\/a><\/p>\n<p>Details entnehmen Sie der Datenschutzerkl\u00e4rung von Google:\u00a0<a href=\"https:\/\/policies.google.com\/privacy\">https:\/\/policies.google.com\/privacy<\/a><\/p>\n<h4><strong>Twitter<\/strong><\/h4>\n<p>Wir nutzen den Kurznachrichtendienst Twitter. Anbieter ist die Twitter Inc., 1355 Market Street, Suite 900, San Francisco, CA 94103, USA. Twitter verf\u00fcgt \u00fcber eine Zertifizierung nach dem EU-US-Privacy-Shield.<\/p>\n<p><strong>Sie k\u00f6nnen Ihre Twitter-Datenschutzeinstellungen selbstst\u00e4ndig in Ihrem Nutzer-Account anpassen. Klicken Sie hierzu auf folgenden Link und loggen Sie sich ein:<\/strong>\u00a0<a href=\"https:\/\/twitter.com\/personalization\">https:\/\/twitter.com\/personalization<\/a><\/p>\n<p>Details entnehmen Sie der Datenschutzerkl\u00e4rung von Twitter:\u00a0<a href=\"https:\/\/twitter.com\/de\/privacy\">https:\/\/twitter.com\/de\/privacy<\/a><\/p>\n<h4><strong>Instagram<\/strong><\/h4>\n<p>Wir verf\u00fcgen \u00fcber ein Profil bei Instagram. Anbieter ist die Instagram Inc., 1601 Willow Road, Menlo Park, CA, 94025, USA. Details zu deren Umgang mit Ihren personenbezogenen Daten entnehmen Sie der Datenschutzerkl\u00e4rung von Instagram:\u00a0<a href=\"https:\/\/help.instagram.com\/519522125107875\">https:\/\/help.instagram.com\/519522125107875<\/a><\/p>\n<h4><strong>Pinterest<\/strong><\/h4>\n<p>Wir verf\u00fcgen \u00fcber ein Profil bei Pinterest. Betreiber ist die Pinterest Inc., 808 Brannan Street San Francisco, CA 94103-490, USA (\u201cPinterest\u201d). Details zu deren Umgang mit Ihren personenbezogenen Daten entnehmen Sie der Datenschutzerkl\u00e4rung von Pinterest:\u00a0<a href=\"https:\/\/policy.pinterest.com\/de\/privacy-policy\">https:\/\/policy.pinterest.com\/de\/privacy-policy<\/a><\/p>\n<h4><strong>XING<\/strong><\/h4>\n<p>Wir verf\u00fcgen \u00fcber ein Profil bei XING. Anbieter ist die XING AG, Dammtorstra\u00dfe 29-32, 20354 Hamburg, Deutschland. Details zu deren Umgang mit Ihren personenbezogenen Daten entnehmen Sie der Datenschutzerkl\u00e4rung von XING:\u00a0<a href=\"https:\/\/privacy.xing.com\/de\/datenschutzerklaerung\">https:\/\/privacy.xing.com\/de\/datenschutzerklaerung<\/a><\/p>\n<h4><strong>LinkedIn<\/strong><\/h4>\n<p>Wir verf\u00fcgen \u00fcber ein Profil bei LinkedIn. Anbieter ist die LinkedIn Ireland Unlimited Company<strong>,\u00a0<\/strong>Wilton Plaza, Wilton Place, Dublin 2,\u00a0Irland. LinkedIn verf\u00fcgt \u00fcber eine Zertifizierung nach dem EU-US-Privacy-Shield. LinkedIn verwendet Werbecookies. <strong>Wenn Sie LinkedIn-Werbe-Cookies deaktivieren m\u00f6chten, nutzen Sie bitte folgenden Link:<\/strong>\u00a0<a href=\"https:\/\/www.linkedin.com\/psettings\/guest-controls\/retargeting-opt-out\">https:\/\/www.linkedin.com\/psettings\/guest-controls\/retargeting-opt-out<\/a> Details zu deren Umgang mit Ihren personenbezogenen Daten entnehmen Sie der Datenschutzerkl\u00e4rung von LinkedIn:\u00a0<a href=\"https:\/\/www.linkedin.com\/legal\/privacy-policy\">https:\/\/www.linkedin.com\/legal\/privacy-policy<\/a><\/p>\n<h4><strong>Tumblr<\/strong><\/h4>\n<p>Wir verf\u00fcgen \u00fcber ein Profil bei Tumblr. Anbieter ist die Tumblr, Inc., 35 East 21st St, 10th Floor, New York, NY 10010, USA. Details zu deren Umgang mit Ihren personenbezogenen Daten entnehmen Sie der Datenschutzerkl\u00e4rung von Tumblr:\u00a0<a href=\"https:\/\/www.tumblr.com\/privacy\/de\">https:\/\/www.tumblr.com\/privacy\/de<\/a><\/p>\n<\/div>\n<\/div><\/section>\n<\/div><\/div><\/div><!-- close content main div --><\/div><\/div><div id='av_section_2'  class='avia-section av-mkaq8-e982730892fb8385edbaa626f6ea3780 main_color avia-section-default avia-no-border-styling  avia-builder-el-3  el_after_av_textblock  avia-builder-el-last  avia-bg-style-scroll container_wrap sidebar_right'  ><div class='container av-section-cont-open' ><div class='template-page content  av-content-small alpha units'><div class='post-entry post-entry-type-page post-entry-1449'><div class='entry-content-wrapper clearfix'>\n\n<style type=\"text\/css\" data-created_by=\"avia_inline_auto\" id=\"style-css-av-l50ra09o-5a522e4c570b5544a2ea6facede8a7b4\">\n#top .av-special-heading.av-l50ra09o-5a522e4c570b5544a2ea6facede8a7b4{\npadding-bottom:10px;\ncolor:#ff421c;\n}\nbody .av-special-heading.av-l50ra09o-5a522e4c570b5544a2ea6facede8a7b4 .av-special-heading-tag .heading-char{\nfont-size:25px;\n}\n.av-special-heading.av-l50ra09o-5a522e4c570b5544a2ea6facede8a7b4 .special-heading-inner-border{\nborder-color:#ff421c;\n}\n.av-special-heading.av-l50ra09o-5a522e4c570b5544a2ea6facede8a7b4 .av-subheading{\nfont-size:22px;\n}\n<\/style>\n<div  class='av-special-heading av-l50ra09o-5a522e4c570b5544a2ea6facede8a7b4 av-special-heading-h1 custom-color-heading blockquote modern-quote  avia-builder-el-4  el_before_av_textblock  avia-builder-el-first  av-thin-font'><h1 class='av-special-heading-tag'  itemprop=\"headline\"  ><strong>Gewinnspielbedinungen f\u00fcr Social Media Gewinnspiele:<\/strong><\/h1><div class=\"special-heading-border\"><div class=\"special-heading-inner-border\"><\/div><\/div><\/div>\n\n<style type=\"text\/css\" data-created_by=\"avia_inline_auto\" id=\"style-css-av-9lwls-ece605e923f1124fc32b3229e15be7a9\">\n#top .av_textblock_section.av-9lwls-ece605e923f1124fc32b3229e15be7a9 .avia_textblock{\nfont-size:15px;\n}\n<\/style>\n<section  class='av_textblock_section av-9lwls-ece605e923f1124fc32b3229e15be7a9 '   itemscope=\"itemscope\" itemtype=\"https:\/\/schema.org\/CreativeWork\" ><div class='avia_textblock'  itemprop=\"text\" ><p>Das Gewinnspiel steht in keiner Verbindung zu Instagram oder Facebook und wird in keiner Weise von Instagram oder Facebook gesponsort, unterst\u00fctzt oder organisiert. Der Empf\u00e4nger der vom Teilnehmer bereitgestellten Informationen ist nicht Instagram oder Facebook sondern Pit Hoffmann GmbH &amp; Co. KG, Reichenberger Str. 36, 83071 Stephanskirchen. Die bereitgestellten Informationen werden einzig f\u00fcr das Gewinnspiel\u00a0 verwendet.<\/p>\n<h4>Gewinnspielzeitraum:<\/h4>\n<p>Das Gewinnspiel beginnt mit dem Gewinnspielpost auf dem Instagram oder Facebook Account von livebeckscocoa und endet wie im jeweiligen Post angek\u00fcndigt.<\/p>\n<h4>Teilnahmebedingungen:<\/h4>\n<p>Die Teilnahme am Gewinnspiel ist ausschlie\u00dflich zu den hier aufgef\u00fchrten Konditionen m\u00f6glich. Der Teilnehmer erkennt diese Teilnahmebedingungen ausdr\u00fccklich an.<\/p>\n<p>Der Veranstalter beh\u00e4lt sich vor, das Gewinnspiel zu jedem Zeitpunkt ohne Vorank\u00fcndigung und ohne Angaben von Gr\u00fcnden abzubrechen oder zu beenden. Um am Gewinnspiel teilzunehmen muss dem Instagram oder Facebook Account livebeckscocoa gefolgt werden. Teilnahmeberechtigt sind Personen mit Wohnsitz in Deutschland und \u00d6sterreich. Die Verlosung des Gewinns erfolgt nach dem Zufallsprinzip unter Ausschluss der \u00d6ffentlichkeit. Die Gewinner werden \u00fcber die Direct Message Function von Instagram oder Facebook auf Instagram oder Facebook informiert. Gewinner m\u00fcssen innerhalb von 5 Werktagen (ab Gewinnbenachrichtigung) ihre Kontakt- und Adressdaten per \u201eDirect Message\u201c an die Instagram Seite oder Facebook Seite von livebeckscocoa melden. Sollten Gewinner die Annahme des Gewinnes in dieser Zeit nicht best\u00e4tigen, verf\u00e4llt Ihr Anspruch auf den Gewinn ersatzlos. Es wird dann nach gleichem Vorgehen ein Ersatzgewinner ermittelt. Eine Verpflichtung zur Annahme des Gewinnes besteht nicht.<\/p>\n<\/div><\/section>\n\n<style type=\"text\/css\" data-created_by=\"avia_inline_auto\" id=\"style-css-av-l50r8jc5-ee6897051ef5ada6351947b0cf53f8f8\">\n#top .av_textblock_section.av-l50r8jc5-ee6897051ef5ada6351947b0cf53f8f8 .avia_textblock{\nfont-size:15px;\n}\n<\/style>\n<section  class='av_textblock_section av-l50r8jc5-ee6897051ef5ada6351947b0cf53f8f8 '   itemscope=\"itemscope\" itemtype=\"https:\/\/schema.org\/CreativeWork\" ><div class='avia_textblock'  itemprop=\"text\" ><h3>Datenschutzerkl\u00e4rung f\u00fcr Gewinnspiele bei Instagram oder Facebook<\/h3>\n<p>1. Freiwilligkeit, verantwortliche Stelle<\/p>\n<p>Ihre Teilnahme an dem Gewinnspiel ist freiwillig. Die f\u00fcr die Erhebung, Verarbeitung und Nutzung personenbezogener Daten im Rahmen des Gewinnspiels verantwortliche Stelle ist ausschlie\u00dflich die Pit Hoffmann GmbH &amp; Co. KG, Reichenberger Str. 36, 83071 Stephanskirchen, Deutschland (nachfolgend \u201ePIT\u201c oder \u201ewir\u201c genannt). Das Gewinnspiel steht in keiner Verbindung zu Instagram oder Facebook und wird in keiner Weise von Instagram oder Facebook gesponsert, unterst\u00fctzt oder organisiert.<\/p>\n<p>2. Datenerhebung f\u00fcr das Gewinnspiel<\/p>\n<p>F\u00fcr die Teilnahme an dem Gewinnspiel ben\u00f6tigen wir von Ihnen folgende Angaben:<\/p>\n<ul>\n<li>Ihr \u201eAbo\u201c unserer Facebook- bzw. Instagram-Seite<\/li>\n<li>Ihr Kommentar unter dem Gewinnspielbeitrag<\/li>\n<li>Die Einladung eines Freundes uns auf Facebook oder Instagram zu folgen.<\/li>\n<\/ul>\n<p>Folgende Daten werden bei der Teilnahme an dem Gewinnspiel automatisch erfasst:<\/p>\n<p>Ihr \u201eLike\u201c<\/p>\n<ul>\n<li>Ihr \u201eAbo\u201c<\/li>\n<li>Ihr Kommentar<\/li>\n<li>Ihr Facebook- oder Instagram-Name<\/li>\n<li>Gewinnspiel, an welchem Sie teilgenommen haben,<\/li>\n<\/ul>\n<p>Dar\u00fcber hinaus k\u00f6nnen Sie bei der Teilnahme an dem Gewinnspiel auf freiwilliger Basis folgende<\/p>\n<p>Angaben mitteilen:<\/p>\n<ul>\n<li>Anrede,<\/li>\n<li>Vorname, Nachname<\/li>\n<li>E-Mail-Adresse<\/li>\n<\/ul>\n<p>3. Verarbeitung und Nutzung der Daten zur Durchf\u00fchrung des Gewinnspiels<\/p>\n<p>Wir verwenden die personenbezogenen Daten der Teilnehmer zur Durchf\u00fchrung des Gewinnspiels sowie zur Ermittlung und Benachrichtigung der Gewinner per Kommentar unter dem Gewinnspielbeitrag oder per pers\u00f6nlicher Nachricht \u00fcber Facebook oder Instagram. Wir verwenden den Facebook- oder Instagram-Namen, um die Versandadresse in Erfahrung zu bringen.<\/p>\n<p>Wir verwenden die Daten zudem zur Ermittlung der Anzahl an Personen, welche an dem Gewinnspiel teilnehmen und wie viele Teilnehmer zugleich Abonnent von PIT sind. Diese Daten verwenden wir ausschlie\u00dflich in aggregierter Form, das hei\u00dft, ohne einen Bezug zu Ihrer Person (lediglich zur Ermittlung des Gewinners).<\/p>\n<p>4. Ver\u00f6ffentlichung von Gewinnern<\/p>\n<p>Im Falle eines Gewinns ver\u00f6ffentlichen wir Ihren Namen in verk\u00fcrzter Form auf unserer Facebook- oder Instagram-Seite und geben die Gewinner so an die Teilnehmer des Gewinnspiels bekannt.<\/p>\n<p>Folgende Einwilligung haben Sie bei der Teilnahme an dem Gewinnspiel erteilt:<\/p>\n<p>Ich willige ein, dass PIT im Fall eines Gewinns meinen Namen in verk\u00fcrzter Form auf der Facebook- oder Instagram-Seite an die Teilnehmer zur Bekanntgabe der Gewinner ver\u00f6ffentlicht.<\/p>\n<p>5. Datenweitergabe an Dritte<\/p>\n<p>Ihre Daten werden grunds\u00e4tzlich nicht an Dritte weitergegeben, es sei denn, die Weitergabe ist f\u00fcr die Versendung des Gewinns erforderlich.<\/p>\n<p>Dar\u00fcber hinaus k\u00f6nnen Ihre Daten an beauftragte Dienstleister im Rahmen einer Auftragsverarbeitung weitergegeben werden (siehe Ziffer 7).<\/p>\n<p>6. L\u00f6schung der Daten<\/p>\n<p>Nach Beendigung des Gewinnspiels werden Ihre Daten sofort gel\u00f6scht.<\/p>\n<p>7. Einsatz von Dienstleistern<\/p>\n<p>PIT setzt Dienstleister f\u00fcr die Verarbeitung Ihrer Daten ein, unter anderem f\u00fcr die Versendung von E-Mails, die Speicherung Ihrer Daten in einem sicheren Rechenzentrum sowie die Pflege und Analyse von Datenbanken (so genannte Auftragsverarbeitung gem\u00e4\u00df Art 28 DSGVO). S\u00e4mtliche Auftragsverarbeiter wurden sorgf\u00e4ltig ausgew\u00e4hlt und erhalten nur in dem Umfang und f\u00fcr den ben\u00f6tigten Zeitraum Zugang zu Ihren Daten, der f\u00fcr die Erbringung der Leistungen erforderlich ist bzw. in dem Umfang, in dem Sie in die Datenverarbeitung und -nutzung eingewilligt haben.<\/p>\n<p>8. Datensicherheit<\/p>\n<p>Wir treffen technische und organisatorische Sicherheitsma\u00dfnahmen, um Ihre Daten vor unbefugten Zugriffen zu sch\u00fctzen. Neben der Absicherung der Betriebsumgebung verwenden wir dem Stand der Technik entsprechende Verschl\u00fcsselungsverfahren, um eine sichere \u00dcbertragung Ihrer Daten zu gew\u00e4hrleisten.<\/p>\n<p>9. Ausk\u00fcnfte, Berichtigung und L\u00f6schung Ihrer Daten<\/p>\n<p>Auf Anfrage erteilen wir Ihnen gern Auskunft dar\u00fcber, welche Daten PIT von Ihnen speichert und wie sie verwendet werden. Sollten Ihre bei PIT gespeicherten Daten unrichtig sein, so wird PIT sie korrigieren. Diesbez\u00fcglich k\u00f6nnen Sie PIT unter der in Ziffer 10 genannten Adresse anschreiben oder in sonstiger Weise kontaktieren. Sie haben das Recht auf L\u00f6schung der bei PIT zu Ihrer Person gespeicherten Daten. Sollten der L\u00f6schung vertragliche, steuer- bzw. handelsrechtliche oder sonstige gesetzliche Aufbewahrungspflichten entgegenstehen, kann statt der L\u00f6schung nur die Sperrung Ihrer Daten vorgenommen werden.<\/p>\n<p>10. Informationen \u00fcber Ihr Widerrufsrecht nach Art. 7 Abs. 3 DSGVO<\/p>\n<p>Soweit wir die Verarbeitung f\u00fcr bestimmte Zwecke Ihrer personenbezogenen Daten auf Grundlage Ihrer Einwilligung durchf\u00fchren, haben Sie nach Art. 7 Abs. 3 DSGVO das Recht, Ihre Einwilligung jederzeit zu widerrufen. Nach Erhalt Ihres Widerrufs werden wir die Datenverarbeitung f\u00fcr die Zwecke einstellen, f\u00fcr die Sie uns die Einwilligung erteilt haben. Die Rechtm\u00e4\u00dfigkeit der Verarbeitung vor Erhalt Ihres Widerrufs bleibt unber\u00fchrt.<\/p>\n<p>Bitte beachten Sie, dass der Widerruf erst f\u00fcr die Zukunft wirkt. Verarbeitungen, die vor dem Widerruf erfolgt sind, sind davon nicht betroffen.<\/p>\n<p>11. Fragen zum Datenschutz<\/p>\n<h3>Fragen zum Datenschutz in Bezug auf dieses Gewinnspiel k\u00f6nnen Sie jederzeit richten an:<\/h3>\n<p>Pit Hoffmann GmbH &amp; Co. KG<\/p>\n<p>&#8211; Datenschutzbeauftragter &#8211;<\/p>\n<p>Reichenberger Stra\u00dfe 36<\/p>\n<p>83071 Stephanskirchen<\/p>\n<p>Telefon: 08036-30737-0<\/p>\n<p><a href=\"mailto:datenschutz@pit-suesswaren.de\">E-Mail: datenschutz@pit-suesswaren.de\u00a0<\/a><\/p>\n<p>Pit Hoffmann GmbH &amp; Co. KG<\/p>\n<p>Reichenberger Str. 36<\/p>\n<p>83071 Stephanskirchen<\/p>\n<p>Telefon: +49 8036 30737 38<\/p>\n<p><a href=\"mailto:info@pit-suesswaren.de\">E-Mail: info@pit-suesswaren.de<\/a><\/p>\n<\/div><\/section>\n<\/div><\/div><\/div><!-- close content main div --><\/div><\/div><div id='after_section_2'  class='main_color av_default_container_wrap container_wrap sidebar_right'  ><div class='container av-section-cont-open' ><div class='template-page content  av-content-small alpha units'><div class='post-entry post-entry-type-page post-entry-1449'><div class='entry-content-wrapper clearfix'>","protected":false},"excerpt":{"rendered":"","protected":false},"author":2,"featured_media":0,"parent":1418,"menu_order":4,"comment_status":"closed","ping_status":"closed","template":"","meta":{"footnotes":""},"class_list":["post-1449","page","type-page","status-publish","hentry"],"_links":{"self":[{"href":"https:\/\/beckscocoa.com.staging-srv.net\/en\/wp-json\/wp\/v2\/pages\/1449","targetHints":{"allow":["GET"]}}],"collection":[{"href":"https:\/\/beckscocoa.com.staging-srv.net\/en\/wp-json\/wp\/v2\/pages"}],"about":[{"href":"https:\/\/beckscocoa.com.staging-srv.net\/en\/wp-json\/wp\/v2\/types\/page"}],"author":[{"embeddable":true,"href":"https:\/\/beckscocoa.com.staging-srv.net\/en\/wp-json\/wp\/v2\/users\/2"}],"replies":[{"embeddable":true,"href":"https:\/\/beckscocoa.com.staging-srv.net\/en\/wp-json\/wp\/v2\/comments?post=1449"}],"version-history":[{"count":5,"href":"https:\/\/beckscocoa.com.staging-srv.net\/en\/wp-json\/wp\/v2\/pages\/1449\/revisions"}],"predecessor-version":[{"id":4876,"href":"https:\/\/beckscocoa.com.staging-srv.net\/en\/wp-json\/wp\/v2\/pages\/1449\/revisions\/4876"}],"up":[{"embeddable":true,"href":"https:\/\/beckscocoa.com.staging-srv.net\/en\/wp-json\/wp\/v2\/pages\/1418"}],"wp:attachment":[{"href":"https:\/\/beckscocoa.com.staging-srv.net\/en\/wp-json\/wp\/v2\/media?parent=1449"}],"curies":[{"name":"wp","href":"https:\/\/api.w.org\/{rel}","templated":true}]}}